{"id":7623,"date":"2022-12-15T15:37:10","date_gmt":"2022-12-15T14:37:10","guid":{"rendered":"https:\/\/www.cphmc.com\/?post_type=product&#038;p=7623"},"modified":"2022-12-15T15:41:00","modified_gmt":"2022-12-15T14:41:00","slug":"crankshaft-puller","status":"publish","type":"product","link":"https:\/\/www.cphmc.com\/da\/mc-equipment\/tools\/workshop-tools\/crankshaft-puller\/","title":{"rendered":"Krumtapaksel aftr\u00e6kker"},"content":{"rendered":"<ul>\n<li>25 mm og 40 mm frontpladeadaptere sikrer, at krumtapakslen tr\u00e6kkes perfekt lige ind i lejerne<\/li>\n<li>Pr\u00e6cisionsv\u00e6rkt\u00f8j, der bruges til at installere indpressede krumtapaksler i et motorhus<\/li>\n<li>Tidsbesparende metode holder krumtapakslen sand under installationen<\/li>\n<li>Universal st\u00e5lm\u00f8trikadapter fungerer p\u00e5 stort set alle krumtapaksler<\/li>\n<li>Eliminerer behovet for en butikspresse til at installere en krumtapaksel<\/li>\n<li>Maskinbearbejdet messing trykskive for ekstra holdbarhed<\/li>\n<li>Vendbar tr\u00e6kstuds<\/li>\n<\/ul>","protected":false},"excerpt":{"rendered":"<ul>\n<li>25 mm og 40 mm frontpladeadaptere<\/li>\n<li>Pr\u00e6cisionsv\u00e6rkt\u00f8j, der bruges til at installere indpressede krumtapaksler<\/li>\n<li>Universal st\u00e5lm\u00f8trikadapter<\/li>\n<li>Maskinbearbejdet messing trykskive<\/li>\n<li>Vendbar tr\u00e6kstuds<\/li>\n<\/ul>","protected":false},"featured_media":7624,"comment_status":"closed","ping_status":"closed","template":"","meta":{"_relevanssi_hide_post":"","_relevanssi_hide_content":"","_relevanssi_pin_for_all":"","_relevanssi_pin_keywords":"","_relevanssi_unpin_keywords":"","_relevanssi_related_keywords":"","_relevanssi_related_include_ids":"","_relevanssi_related_exclude_ids":"","_relevanssi_related_no_append":"","_relevanssi_related_not_related":"","_relevanssi_related_posts":"","_relevanssi_noindex_reason":""},"product_brand":[],"product_cat":[121,57,65],"product_tag":[],"woo-feed-brand":[],"class_list":{"0":"post-7623","1":"product","2":"type-product","3":"status-publish","4":"has-post-thumbnail","6":"product_cat-workshop-tools","7":"product_cat-mc-equipment","8":"product_cat-tools","10":"first","11":"instock","12":"taxable","13":"shipping-taxable","14":"purchasable","15":"product-type-simple"},"_links":{"self":[{"href":"https:\/\/www.cphmc.com\/da\/wp-json\/wp\/v2\/product\/7623","targetHints":{"allow":["GET"]}}],"collection":[{"href":"https:\/\/www.cphmc.com\/da\/wp-json\/wp\/v2\/product"}],"about":[{"href":"https:\/\/www.cphmc.com\/da\/wp-json\/wp\/v2\/types\/product"}],"replies":[{"embeddable":true,"href":"https:\/\/www.cphmc.com\/da\/wp-json\/wp\/v2\/comments?post=7623"}],"wp:featuredmedia":[{"embeddable":true,"href":"https:\/\/www.cphmc.com\/da\/wp-json\/wp\/v2\/media\/7624"}],"wp:attachment":[{"href":"https:\/\/www.cphmc.com\/da\/wp-json\/wp\/v2\/media?parent=7623"}],"wp:term":[{"taxonomy":"product_brand","embeddable":true,"href":"https:\/\/www.cphmc.com\/da\/wp-json\/wp\/v2\/product_brand?post=7623"},{"taxonomy":"product_cat","embeddable":true,"href":"https:\/\/www.cphmc.com\/da\/wp-json\/wp\/v2\/product_cat?post=7623"},{"taxonomy":"product_tag","embeddable":true,"href":"https:\/\/www.cphmc.com\/da\/wp-json\/wp\/v2\/product_tag?post=7623"},{"taxonomy":"woo-feed-brand","embeddable":true,"href":"https:\/\/www.cphmc.com\/da\/wp-json\/wp\/v2\/woo-feed-brand?post=7623"}],"curies":[{"name":"wp","href":"https:\/\/api.w.org\/{rel}","templated":true}]}}