{"id":7632,"date":"2022-12-15T15:47:08","date_gmt":"2022-12-15T14:47:08","guid":{"rendered":"https:\/\/www.cphmc.com\/?post_type=product&#038;p=7632"},"modified":"2022-12-15T15:49:34","modified_gmt":"2022-12-15T14:49:34","slug":"fork-spring-compressor-kit","status":"publish","type":"product","link":"https:\/\/www.cphmc.com\/da\/mc-equipment\/tools\/workshop-tools\/fork-spring-compressor-kit\/","title":{"rendered":"Gaffelfjederkompressors\u00e6t"},"content":{"rendered":"<ul>\n<li>Designet til at installere gaffelh\u00e6tter p\u00e5 gafler med en stor m\u00e6ngde fjederforsp\u00e6nding<\/li>\n<li>Fungerer p\u00e5 de fleste 39 mm og 41 mm Harley-Davidson\u00ae gaffelapplikationer<\/li>\n<\/ul>","protected":false},"excerpt":{"rendered":"<ul>\n<li>Designet til at installere gaffelh\u00e6tter p\u00e5 gafler med en stor m\u00e6ngde fjederforsp\u00e6nding<\/li>\n<li>Fungerer p\u00e5 de fleste 39 mm og 41 mm Harley-Davidson\u00ae gaffelapplikationer<\/li>\n<\/ul>","protected":false},"featured_media":7633,"comment_status":"closed","ping_status":"closed","template":"","meta":{"_relevanssi_hide_post":"","_relevanssi_hide_content":"","_relevanssi_pin_for_all":"","_relevanssi_pin_keywords":"","_relevanssi_unpin_keywords":"","_relevanssi_related_keywords":"","_relevanssi_related_include_ids":"","_relevanssi_related_exclude_ids":"","_relevanssi_related_no_append":"","_relevanssi_related_not_related":"","_relevanssi_related_posts":"","_relevanssi_noindex_reason":""},"product_brand":[],"product_cat":[121,57,65],"product_tag":[],"woo-feed-brand":[],"class_list":{"0":"post-7632","1":"product","2":"type-product","3":"status-publish","4":"has-post-thumbnail","6":"product_cat-workshop-tools","7":"product_cat-mc-equipment","8":"product_cat-tools","10":"first","11":"instock","12":"taxable","13":"shipping-taxable","14":"purchasable","15":"product-type-simple"},"_links":{"self":[{"href":"https:\/\/www.cphmc.com\/da\/wp-json\/wp\/v2\/product\/7632","targetHints":{"allow":["GET"]}}],"collection":[{"href":"https:\/\/www.cphmc.com\/da\/wp-json\/wp\/v2\/product"}],"about":[{"href":"https:\/\/www.cphmc.com\/da\/wp-json\/wp\/v2\/types\/product"}],"replies":[{"embeddable":true,"href":"https:\/\/www.cphmc.com\/da\/wp-json\/wp\/v2\/comments?post=7632"}],"wp:featuredmedia":[{"embeddable":true,"href":"https:\/\/www.cphmc.com\/da\/wp-json\/wp\/v2\/media\/7633"}],"wp:attachment":[{"href":"https:\/\/www.cphmc.com\/da\/wp-json\/wp\/v2\/media?parent=7632"}],"wp:term":[{"taxonomy":"product_brand","embeddable":true,"href":"https:\/\/www.cphmc.com\/da\/wp-json\/wp\/v2\/product_brand?post=7632"},{"taxonomy":"product_cat","embeddable":true,"href":"https:\/\/www.cphmc.com\/da\/wp-json\/wp\/v2\/product_cat?post=7632"},{"taxonomy":"product_tag","embeddable":true,"href":"https:\/\/www.cphmc.com\/da\/wp-json\/wp\/v2\/product_tag?post=7632"},{"taxonomy":"woo-feed-brand","embeddable":true,"href":"https:\/\/www.cphmc.com\/da\/wp-json\/wp\/v2\/woo-feed-brand?post=7632"}],"curies":[{"name":"wp","href":"https:\/\/api.w.org\/{rel}","templated":true}]}}