{"id":7634,"date":"2022-12-15T15:50:14","date_gmt":"2022-12-15T14:50:14","guid":{"rendered":"https:\/\/www.cphmc.com\/?post_type=product&#038;p=7634"},"modified":"2022-12-15T15:53:35","modified_gmt":"2022-12-15T14:53:35","slug":"kaedebryder-kaedepresser","status":"publish","type":"product","link":"https:\/\/www.cphmc.com\/da\/mc-equipment\/tools\/workshop-tools\/chain-breaker-press-and-riveting-tool\/","title":{"rendered":"K\u00e6debryder\/presse- og nittev\u00e6rkt\u00f8j"},"content":{"rendered":"<ul>\n<li>Komplet k\u00e6dev\u00e6rkt\u00f8j til de fleste 520, 525 og 530 standard- og O-ringk\u00e6der<\/li>\n<li>Perfekt til din v\u00e6rkt\u00f8jspakke, hvis du har en k\u00e6de med et nittemesterled<\/li>\n<li>Vil nitte hul-n\u00e6se masterlinks (vil ikke nitte faste soft-n\u00e6se stifter)<\/li>\n<li>Kn\u00e6k, tryk og nit din k\u00e6de med \u00e9t kompakt v\u00e6rkt\u00f8j<\/li>\n<li>Vil skubbe stiften helt igennem led\/sideplade<\/li>\n<\/ul>","protected":false},"excerpt":{"rendered":"<ul>\n<li>K\u00e6dev\u00e6rkt\u00f8j til 520, 525 og 530 standard- og O-ringsk\u00e6der<\/li>\n<li>Perfekt til din v\u00e6rkt\u00f8jspakke, hvis du har en k\u00e6de med et nittemesterled<\/li>\n<li>Vil nitte hul-n\u00e6se masterlinks (vil ikke nitte faste soft-n\u00e6se stifter)<\/li>\n<li>Kn\u00e6k, tryk og nit din k\u00e6de med \u00e9t kompakt v\u00e6rkt\u00f8j<\/li>\n<li>Vil skubbe stiften helt igennem led\/sideplade<\/li>\n<\/ul>","protected":false},"featured_media":7635,"comment_status":"closed","ping_status":"closed","template":"","meta":{"_relevanssi_hide_post":"","_relevanssi_hide_content":"","_relevanssi_pin_for_all":"","_relevanssi_pin_keywords":"","_relevanssi_unpin_keywords":"","_relevanssi_related_keywords":"","_relevanssi_related_include_ids":"","_relevanssi_related_exclude_ids":"","_relevanssi_related_no_append":"","_relevanssi_related_not_related":"","_relevanssi_related_posts":"","_relevanssi_noindex_reason":""},"product_brand":[],"product_cat":[121,119,57,65],"product_tag":[],"woo-feed-brand":[],"class_list":{"0":"post-7634","1":"product","2":"type-product","3":"status-publish","4":"has-post-thumbnail","6":"product_cat-workshop-tools","7":"product_cat-hand-tools","8":"product_cat-mc-equipment","9":"product_cat-tools","11":"first","12":"instock","13":"taxable","14":"shipping-taxable","15":"purchasable","16":"product-type-simple"},"_links":{"self":[{"href":"https:\/\/www.cphmc.com\/da\/wp-json\/wp\/v2\/product\/7634","targetHints":{"allow":["GET"]}}],"collection":[{"href":"https:\/\/www.cphmc.com\/da\/wp-json\/wp\/v2\/product"}],"about":[{"href":"https:\/\/www.cphmc.com\/da\/wp-json\/wp\/v2\/types\/product"}],"replies":[{"embeddable":true,"href":"https:\/\/www.cphmc.com\/da\/wp-json\/wp\/v2\/comments?post=7634"}],"wp:featuredmedia":[{"embeddable":true,"href":"https:\/\/www.cphmc.com\/da\/wp-json\/wp\/v2\/media\/7635"}],"wp:attachment":[{"href":"https:\/\/www.cphmc.com\/da\/wp-json\/wp\/v2\/media?parent=7634"}],"wp:term":[{"taxonomy":"product_brand","embeddable":true,"href":"https:\/\/www.cphmc.com\/da\/wp-json\/wp\/v2\/product_brand?post=7634"},{"taxonomy":"product_cat","embeddable":true,"href":"https:\/\/www.cphmc.com\/da\/wp-json\/wp\/v2\/product_cat?post=7634"},{"taxonomy":"product_tag","embeddable":true,"href":"https:\/\/www.cphmc.com\/da\/wp-json\/wp\/v2\/product_tag?post=7634"},{"taxonomy":"woo-feed-brand","embeddable":true,"href":"https:\/\/www.cphmc.com\/da\/wp-json\/wp\/v2\/woo-feed-brand?post=7634"}],"curies":[{"name":"wp","href":"https:\/\/api.w.org\/{rel}","templated":true}]}}