{"id":7643,"date":"2022-12-16T11:21:07","date_gmt":"2022-12-16T10:21:07","guid":{"rendered":"https:\/\/www.cphmc.com\/?post_type=product&#038;p=7643"},"modified":"2022-12-16T11:24:30","modified_gmt":"2022-12-16T10:24:30","slug":"tool-kit-pro","status":"publish","type":"product","link":"https:\/\/www.cphmc.com\/da\/mc-equipment\/tools\/hand-tools\/tool-kit-pro\/","title":{"rendered":"Tool Kit Pro"},"content":{"rendered":"<p>Oxford Tool Kit Pro er et omfattende 27-dele premium motorcykelv\u00e6rkt\u00f8jss\u00e6t. Bl\u00f8de gelh\u00e5ndtag sikrer, at v\u00e6rkt\u00f8jerne er behagelige at bruge, og hver af dem holdes p\u00e5 plads af en t\u00e6tsiddende elastisk rem inde i en kompakt opbevaringskasse, ideel til at opbevare under dit bags\u00e6de. Fatningerne, forl\u00e6ngerstangen og unbrakon\u00f8glerne er lavet af slidst\u00e6rkt kromvanadiumst\u00e5l.<\/p>\n<p><strong>N\u00f8glefunktioner<\/strong><\/p>\n<ul>\n<li>27 dele v\u00e6rkt\u00f8jss\u00e6t<\/li>\n<li>Ergonomisk designede bl\u00f8de gel h\u00e5ndtag<\/li>\n<li>Krom vanadium st\u00e5l<\/li>\n<li>Mini skraldeh\u00e5ndtag med robust mekanisme kr\u00e6ver kun 5 graders bev\u00e6gelse at fastg\u00f8re<\/li>\n<li>Inkluderer en 20 mm justerbar minin\u00f8gle, der passer til de fleste st\u00f8rrelser bolte p\u00e5 en motorcykel<\/li>\n<li>Opbevaringsetui medf\u00f8lger<\/li>\n<li>M\u00e5l sammenfoldet 18,5 cm x 10,5 cm x 4 cm<\/li>\n<\/ul>\n<p><strong>Inkluderer<\/strong><\/p>\n<ul>\n<li>10 stk skruetr\u00e6kker bit s\u00e6t<\/li>\n<li>Justerbar minin\u00f8gle<\/li>\n<li>Forl\u00e6ngerstang<\/li>\n<li>5 stk unbrakon\u00f8gles\u00e6t (6 mm, 5 mm, 4 mm, 3 mm, 2 mm)<\/li>\n<li>Mini wire sk\u00e6rer<\/li>\n<li>Skruetr\u00e6kkerh\u00e5ndtag<\/li>\n<li>Mini n\u00e6setang<\/li>\n<li>Mini skraldeh\u00e5ndtag<\/li>\n<li>8 mm, 10 mm, 12 mm, 13 mm og 14 mm fatninger<\/li>\n<li>Kabelbindere (2,5 mm x 100 mm \u2013 sort)<\/li>\n<\/ul>","protected":false},"excerpt":{"rendered":"<p>Oxford Tool Kit Pro er et omfattende 27-dele premium motorcykelv\u00e6rkt\u00f8jss\u00e6t. Fatningerne, forl\u00e6ngerstangen og unbrakon\u00f8glerne er lavet af slidst\u00e6rkt kromvanadiumst\u00e5l.<\/p>\n<p><strong>N\u00f8glefunktioner<\/strong><\/p>\n<ul>\n<li>27 dele v\u00e6rkt\u00f8jss\u00e6t<\/li>\n<li>Krom vanadium st\u00e5l<\/li>\n<li>Mini skraldeh\u00e5ndtag<\/li>\n<li>Inkluderer en 20 mm justerbar minin\u00f8gle de fleste bolte p\u00e5 en motorcykel<\/li>\n<li>M\u00e5l sammenfoldet 18,5 cm x 10,5 cm x 4 cm<\/li>\n<\/ul>","protected":false},"featured_media":7644,"comment_status":"closed","ping_status":"closed","template":"","meta":{"_relevanssi_hide_post":"","_relevanssi_hide_content":"","_relevanssi_pin_for_all":"","_relevanssi_pin_keywords":"","_relevanssi_unpin_keywords":"","_relevanssi_related_keywords":"","_relevanssi_related_include_ids":"","_relevanssi_related_exclude_ids":"","_relevanssi_related_no_append":"","_relevanssi_related_not_related":"","_relevanssi_related_posts":"","_relevanssi_noindex_reason":""},"product_brand":[],"product_cat":[119,57,65,121],"product_tag":[],"woo-feed-brand":[],"class_list":{"0":"post-7643","1":"product","2":"type-product","3":"status-publish","4":"has-post-thumbnail","6":"product_cat-hand-tools","7":"product_cat-mc-equipment","8":"product_cat-tools","9":"product_cat-workshop-tools","11":"first","12":"instock","13":"taxable","14":"shipping-taxable","15":"purchasable","16":"product-type-simple"},"_links":{"self":[{"href":"https:\/\/www.cphmc.com\/da\/wp-json\/wp\/v2\/product\/7643","targetHints":{"allow":["GET"]}}],"collection":[{"href":"https:\/\/www.cphmc.com\/da\/wp-json\/wp\/v2\/product"}],"about":[{"href":"https:\/\/www.cphmc.com\/da\/wp-json\/wp\/v2\/types\/product"}],"replies":[{"embeddable":true,"href":"https:\/\/www.cphmc.com\/da\/wp-json\/wp\/v2\/comments?post=7643"}],"wp:featuredmedia":[{"embeddable":true,"href":"https:\/\/www.cphmc.com\/da\/wp-json\/wp\/v2\/media\/7644"}],"wp:attachment":[{"href":"https:\/\/www.cphmc.com\/da\/wp-json\/wp\/v2\/media?parent=7643"}],"wp:term":[{"taxonomy":"product_brand","embeddable":true,"href":"https:\/\/www.cphmc.com\/da\/wp-json\/wp\/v2\/product_brand?post=7643"},{"taxonomy":"product_cat","embeddable":true,"href":"https:\/\/www.cphmc.com\/da\/wp-json\/wp\/v2\/product_cat?post=7643"},{"taxonomy":"product_tag","embeddable":true,"href":"https:\/\/www.cphmc.com\/da\/wp-json\/wp\/v2\/product_tag?post=7643"},{"taxonomy":"woo-feed-brand","embeddable":true,"href":"https:\/\/www.cphmc.com\/da\/wp-json\/wp\/v2\/woo-feed-brand?post=7643"}],"curies":[{"name":"wp","href":"https:\/\/api.w.org\/{rel}","templated":true}]}}