{"id":7656,"date":"2022-12-16T11:46:24","date_gmt":"2022-12-16T10:46:24","guid":{"rendered":"https:\/\/www.cphmc.com\/?post_type=product&#038;p=7656"},"modified":"2022-12-16T11:50:21","modified_gmt":"2022-12-16T10:50:21","slug":"hotgrips-evo-touring","status":"publish","type":"product","link":"https:\/\/www.cphmc.com\/da\/mc-spareparts\/handlebars-accessories\/handlebar-grips\/hotgrips-evo-touring\/","title":{"rendered":"HotGrips EVO Touring"},"content":{"rendered":"<p>EVO HotGrips\u00ae er et teknologisk spring fremad og vil dramatisk \u00f8ge nydelsen af vinterridning.<\/p>\n<p>Disse helt nye HotGrips\u00ae har nu termistorteknologi i hvert greb, som giver dem mulighed for at varme op hurtigere og derefter automatisk regulerer den n\u00f8jagtige overfladetemperatur i overensstemmelse med den temperatur, du indstiller p\u00e5 varmeregulatoren.<\/p>\n<p>HotGrips\u00ae EVO Touring har en vibrationsabsorberende slidbane og er ideelle til komfortabel langdistance-cruising.<\/p>\n<p><strong>N\u00f8glefunktioner<\/strong><\/p>\n<ul>\n<li>Indbygget termistorteknologi regulerer automatisk temperaturen.<\/li>\n<li>Pr\u00e6cis temperaturstyring \u2013 v\u00e6lg mellem 5 temperaturindstillinger fra 35\u00b0C til 45\u00b0C. LED-lys indikerer temperaturindstilling.<\/li>\n<li>Intelligent varmeindstillingshukommelse \u2013 gemmer tidligere varmeindstilling og indstiller som standard til denne ved opstart, hvilket sparer tid ved regelm\u00e6ssig brug. Bem\u00e6rk: Funktionen er tilg\u00e6ngelig, n\u00e5r varmeregulatoren er tilsluttet t\u00e6ndingen.<\/li>\n<li>Batterisparetilstand \u2013 beskytter mod flade batterier, s\u00e5 hvis du glemmer at slukke for kontakten, vil det g\u00f8re det for dig!<\/li>\n<li>Enkel installation \u2013 HotGrips\u00ae er designet som en erstatning for de styrgreb, der allerede er monteret p\u00e5 motorcyklen\/ATV&#039;en. Se installationsvideo.<\/li>\n<li>Re-designet gummieret indvendigt - nemmere at montere og mere sikkert end konventionelle opvarmede greb. Gennemst\u00f8bt gummi giver en st\u00e6rk og betryggende limbinding til styret.<\/li>\n<li>Vejrbestandigt design \u2013 Den intelligente varmeregulator bruger en svejset huskonstruktion med t\u00e6tning for livet for langsigtet holdbarhed og vejrbestandighed.<\/li>\n<li>Vandt\u00e6tte skrueforbindelser \u2013 IP67-klassificeret beskytter dine HotGrips\u00ae mod elementerne.<\/li>\n<li>Komfort garanteret \u2013 bl\u00f8dt, ultra-gripbart diamantm\u00f8nster er inspireret af racergreb for komfort og feedback.<\/li>\n<li>Passer til 7\/8\u2033 (22 mm) \u2300 styr.<\/li>\n<li>Brugerdefinerbare greb \u2013 grebsl\u00e6ngde p\u00e5 123 mm, men kan trimmes til 114 mm, hvis det kr\u00e6ves, og har \u00e5bne ender, s\u00e5 stangens endev\u00e6gte kan monteres.<\/li>\n<\/ul>","protected":false},"excerpt":{"rendered":"<p>EVO HotGrips\u00ae er et teknologisk spring fremad og vil dramatisk \u00f8ge nydelsen af vinterridning. HotGrips\u00ae EVO Touring har en vibrationsabsorberende slidbane og er ideelle til komfortabel langdistance-cruising.<\/p>\n<p><strong>N\u00f8glefunktioner<\/strong><\/p>\n<ul>\n<li>Termistorteknologi regulerer automatisk temperaturen.<\/li>\n<li>Pr\u00e6cis temperaturkontrol<\/li>\n<li>Intelligent varmeindstillingshukommelse<\/li>\n<li>Batterisparetilstand<\/li>\n<li>Enkel installation<\/li>\n<\/ul>","protected":false},"featured_media":7657,"comment_status":"closed","ping_status":"closed","template":"","meta":{"_relevanssi_hide_post":"","_relevanssi_hide_content":"","_relevanssi_pin_for_all":"","_relevanssi_pin_keywords":"","_relevanssi_unpin_keywords":"","_relevanssi_related_keywords":"","_relevanssi_related_include_ids":"","_relevanssi_related_exclude_ids":"","_relevanssi_related_no_append":"","_relevanssi_related_not_related":"","_relevanssi_related_posts":"","_relevanssi_noindex_reason":""},"product_brand":[],"product_cat":[135,72,67],"product_tag":[],"woo-feed-brand":[],"class_list":{"0":"post-7656","1":"product","2":"type-product","3":"status-publish","4":"has-post-thumbnail","6":"product_cat-handlebar-grips","7":"product_cat-handlebars-accessories","8":"product_cat-mc-spareparts","10":"first","11":"instock","12":"taxable","13":"shipping-taxable","14":"purchasable","15":"product-type-simple"},"_links":{"self":[{"href":"https:\/\/www.cphmc.com\/da\/wp-json\/wp\/v2\/product\/7656","targetHints":{"allow":["GET"]}}],"collection":[{"href":"https:\/\/www.cphmc.com\/da\/wp-json\/wp\/v2\/product"}],"about":[{"href":"https:\/\/www.cphmc.com\/da\/wp-json\/wp\/v2\/types\/product"}],"replies":[{"embeddable":true,"href":"https:\/\/www.cphmc.com\/da\/wp-json\/wp\/v2\/comments?post=7656"}],"wp:featuredmedia":[{"embeddable":true,"href":"https:\/\/www.cphmc.com\/da\/wp-json\/wp\/v2\/media\/7657"}],"wp:attachment":[{"href":"https:\/\/www.cphmc.com\/da\/wp-json\/wp\/v2\/media?parent=7656"}],"wp:term":[{"taxonomy":"product_brand","embeddable":true,"href":"https:\/\/www.cphmc.com\/da\/wp-json\/wp\/v2\/product_brand?post=7656"},{"taxonomy":"product_cat","embeddable":true,"href":"https:\/\/www.cphmc.com\/da\/wp-json\/wp\/v2\/product_cat?post=7656"},{"taxonomy":"product_tag","embeddable":true,"href":"https:\/\/www.cphmc.com\/da\/wp-json\/wp\/v2\/product_tag?post=7656"},{"taxonomy":"woo-feed-brand","embeddable":true,"href":"https:\/\/www.cphmc.com\/da\/wp-json\/wp\/v2\/woo-feed-brand?post=7656"}],"curies":[{"name":"wp","href":"https:\/\/api.w.org\/{rel}","templated":true}]}}