{"id":7690,"date":"2022-12-17T11:17:27","date_gmt":"2022-12-17T10:17:27","guid":{"rendered":"https:\/\/www.cphmc.com\/?post_type=product&#038;p=7690"},"modified":"2022-12-17T11:19:59","modified_gmt":"2022-12-17T10:19:59","slug":"hotgrips-premium-adventure","status":"publish","type":"product","link":"https:\/\/www.cphmc.com\/da\/mc-spareparts\/handlebars-accessories\/handlebar-grips\/hotgrips-premium-adventure\/","title":{"rendered":"HotGrips Premium \u2013 Eventyr"},"content":{"rendered":"<p>Premium Adventure HotGrips\u00ae har ergonomisk konstruerede overfladestrukturer for at optimere k\u00f8reegenskaberne. Tykkere gummi i omr\u00e5der med maksimalt slid, rhombus slidbanem\u00f8nster til vibrationsabsorbering, 5\u00b2 bloksiped slidbanem\u00f8nstre for h\u00f8je niveauer af greb og f\u00f8lelse, diamantm\u00f8nster hvor maksimalt greb er p\u00e5kr\u00e6vet og vaffelmatrix til fingergreb.<\/p>\n<p><strong>N\u00f8glefunktioner<\/strong><\/p>\n<ul>\n<li>5 varmeindstillinger<\/li>\n<li>Intelligent varmeregulator<\/li>\n<li>Passer til 22 mm styr<\/li>\n<li>Justerbar l\u00e6ngde Max 120mm \u2013 Min 110mm<\/li>\n<li>Optimeret slidbanem\u00f8nster<\/li>\n<li>Vejrbestandigt design<\/li>\n<li>Enkel installation<\/li>\n<li>Batterisparetilstand<\/li>\n<li>Switch teknologi<\/li>\n<li>Regnt\u00e6t afbryder<\/li>\n<li>Tegner under 4A<\/li>\n<li>Forseglet for livet<\/li>\n<\/ul>\n<p><strong>Inkluderet<\/strong><\/p>\n<ul>\n<li>2 x HotGrips\u00ae<\/li>\n<li>1 x intelligent varmestyring<\/li>\n<li>1 x metalbeslag og beslag til montering af varmeregulatoren<\/li>\n<li>1 x ledningsv\u00e6v, kabelbindere og gribelim<\/li>\n<li>1 x instruktionsh\u00e6fte og garantiseddel<\/li>\n<\/ul>","protected":false},"excerpt":{"rendered":"<p>Premium Adventure HotGrips\u00ae har ergonomisk konstruerede overfladestrukturer for at optimere k\u00f8reegenskaberne.<\/p>\n<ul>\n<li>5 varmeindstillinger<\/li>\n<li>Intelligent varmeregulator<\/li>\n<li>Passer til 22 mm styr<\/li>\n<li>Justerbar l\u00e6ngde Max 120mm \u2013 Min 110mm<\/li>\n<li>Enkel installation<\/li>\n<li>Batterisparetilstand<\/li>\n<\/ul>","protected":false},"featured_media":7691,"comment_status":"closed","ping_status":"closed","template":"","meta":{"_relevanssi_hide_post":"","_relevanssi_hide_content":"","_relevanssi_pin_for_all":"","_relevanssi_pin_keywords":"","_relevanssi_unpin_keywords":"","_relevanssi_related_keywords":"","_relevanssi_related_include_ids":"","_relevanssi_related_exclude_ids":"","_relevanssi_related_no_append":"","_relevanssi_related_not_related":"","_relevanssi_related_posts":"","_relevanssi_noindex_reason":""},"product_brand":[],"product_cat":[135,72,67],"product_tag":[],"woo-feed-brand":[],"class_list":{"0":"post-7690","1":"product","2":"type-product","3":"status-publish","4":"has-post-thumbnail","6":"product_cat-handlebar-grips","7":"product_cat-handlebars-accessories","8":"product_cat-mc-spareparts","10":"first","11":"instock","12":"taxable","13":"shipping-taxable","14":"purchasable","15":"product-type-simple"},"_links":{"self":[{"href":"https:\/\/www.cphmc.com\/da\/wp-json\/wp\/v2\/product\/7690","targetHints":{"allow":["GET"]}}],"collection":[{"href":"https:\/\/www.cphmc.com\/da\/wp-json\/wp\/v2\/product"}],"about":[{"href":"https:\/\/www.cphmc.com\/da\/wp-json\/wp\/v2\/types\/product"}],"replies":[{"embeddable":true,"href":"https:\/\/www.cphmc.com\/da\/wp-json\/wp\/v2\/comments?post=7690"}],"wp:featuredmedia":[{"embeddable":true,"href":"https:\/\/www.cphmc.com\/da\/wp-json\/wp\/v2\/media\/7691"}],"wp:attachment":[{"href":"https:\/\/www.cphmc.com\/da\/wp-json\/wp\/v2\/media?parent=7690"}],"wp:term":[{"taxonomy":"product_brand","embeddable":true,"href":"https:\/\/www.cphmc.com\/da\/wp-json\/wp\/v2\/product_brand?post=7690"},{"taxonomy":"product_cat","embeddable":true,"href":"https:\/\/www.cphmc.com\/da\/wp-json\/wp\/v2\/product_cat?post=7690"},{"taxonomy":"product_tag","embeddable":true,"href":"https:\/\/www.cphmc.com\/da\/wp-json\/wp\/v2\/product_tag?post=7690"},{"taxonomy":"woo-feed-brand","embeddable":true,"href":"https:\/\/www.cphmc.com\/da\/wp-json\/wp\/v2\/woo-feed-brand?post=7690"}],"curies":[{"name":"wp","href":"https:\/\/api.w.org\/{rel}","templated":true}]}}