{"id":7773,"date":"2022-12-21T12:13:51","date_gmt":"2022-12-21T11:13:51","guid":{"rendered":"https:\/\/www.cphmc.com\/?post_type=product&#038;p=7773"},"modified":"2022-12-21T12:19:58","modified_gmt":"2022-12-21T11:19:58","slug":"garage-jacket-camo","status":"publish","type":"product","link":"https:\/\/www.cphmc.com\/da\/mc-clothing\/casual-clothing\/hoodies-jackets\/garage-jacket-camo\/","title":{"rendered":"Garagejakke \u2013 Camo"},"content":{"rendered":"<ul>\n<li>Letv\u00e6gts vindjakke med krave.<\/li>\n<li>Punktkrave, tryk\u00e5bning foran P\u00e5 s\u00f8mh\u00e5ndlommer, sn\u00f8rejusteringer forneden.<\/li>\n<li>Elastiske manchetter Indvendig hovedlabel og ekstern labelbranding.<\/li>\n<li>Logografik p\u00e5 bryst og ryg.<\/li>\n<li>100% Polyester, 240T 600mm DWR bel\u00e6gning<\/li>\n<\/ul>","protected":false},"excerpt":{"rendered":"<p>Alpinestars afslappet garagejakke.<\/p>\n<ul>\n<li>Letv\u00e6gts vindjakke med krave.<\/li>\n<li>Punktkrave, tryk\u00e5bning foran P\u00e5 s\u00f8mh\u00e5ndlommer, sn\u00f8rejusteringer forneden.<\/li>\n<li>Elastiske manchetter Indvendig hovedlabel og ekstern labelbranding.<\/li>\n<li>Logografik p\u00e5 bryst og ryg.<\/li>\n<li>100% Polyester, 240T 600mm DWR bel\u00e6gning<\/li>\n<\/ul>","protected":false},"featured_media":7782,"comment_status":"closed","ping_status":"closed","template":"","meta":{"_relevanssi_hide_post":"","_relevanssi_hide_content":"","_relevanssi_pin_for_all":"","_relevanssi_pin_keywords":"","_relevanssi_unpin_keywords":"","_relevanssi_related_keywords":"","_relevanssi_related_include_ids":"","_relevanssi_related_exclude_ids":"","_relevanssi_related_no_append":"","_relevanssi_related_not_related":"","_relevanssi_related_posts":"","_relevanssi_noindex_reason":""},"product_brand":[],"product_cat":[311,310,56],"product_tag":[],"woo-feed-brand":[],"class_list":{"0":"post-7773","1":"product","2":"type-product","3":"status-publish","4":"has-post-thumbnail","6":"product_cat-hoodies-jackets","7":"product_cat-casual-clothing","8":"product_cat-mc-clothing","10":"first","11":"instock","12":"taxable","13":"shipping-taxable","14":"purchasable","15":"product-type-variable"},"_links":{"self":[{"href":"https:\/\/www.cphmc.com\/da\/wp-json\/wp\/v2\/product\/7773","targetHints":{"allow":["GET"]}}],"collection":[{"href":"https:\/\/www.cphmc.com\/da\/wp-json\/wp\/v2\/product"}],"about":[{"href":"https:\/\/www.cphmc.com\/da\/wp-json\/wp\/v2\/types\/product"}],"replies":[{"embeddable":true,"href":"https:\/\/www.cphmc.com\/da\/wp-json\/wp\/v2\/comments?post=7773"}],"wp:featuredmedia":[{"embeddable":true,"href":"https:\/\/www.cphmc.com\/da\/wp-json\/wp\/v2\/media\/7782"}],"wp:attachment":[{"href":"https:\/\/www.cphmc.com\/da\/wp-json\/wp\/v2\/media?parent=7773"}],"wp:term":[{"taxonomy":"product_brand","embeddable":true,"href":"https:\/\/www.cphmc.com\/da\/wp-json\/wp\/v2\/product_brand?post=7773"},{"taxonomy":"product_cat","embeddable":true,"href":"https:\/\/www.cphmc.com\/da\/wp-json\/wp\/v2\/product_cat?post=7773"},{"taxonomy":"product_tag","embeddable":true,"href":"https:\/\/www.cphmc.com\/da\/wp-json\/wp\/v2\/product_tag?post=7773"},{"taxonomy":"woo-feed-brand","embeddable":true,"href":"https:\/\/www.cphmc.com\/da\/wp-json\/wp\/v2\/woo-feed-brand?post=7773"}],"curies":[{"name":"wp","href":"https:\/\/api.w.org\/{rel}","templated":true}]}}