{"id":7784,"date":"2022-12-21T12:20:39","date_gmt":"2022-12-21T11:20:39","guid":{"rendered":"https:\/\/www.cphmc.com\/?post_type=product&#038;p=7784"},"modified":"2022-12-21T12:23:49","modified_gmt":"2022-12-21T11:23:49","slug":"peripher-fleece-jacket","status":"publish","type":"product","link":"https:\/\/www.cphmc.com\/da\/mc-clothing\/casual-clothing\/hoodies-jackets\/peripher-fleece-jacket\/","title":{"rendered":"Perifer fleecejakke"},"content":{"rendered":"<ul>\n<li>Sporkrave polar fleece.<\/li>\n<li>Polar fleece krop med lynl\u00e5s foran.<\/li>\n<li>Elastiske manchetter, selvs\u00f8m. H\u00e5ndlommer med lynl\u00e5s.<\/li>\n<li>Besk\u00e5ret logobroderet patch p\u00e5 brystet.<\/li>\n<li>Intern hovedlabel og ekstern labelbranding.<\/li>\n<li>100% polyester tosidet polarfleece, 290gsm<\/li>\n<\/ul>","protected":false},"excerpt":{"rendered":"<p>Alpinestars afslappet fleeceskjorte.<\/p>\n<ul>\n<li>Sporkrave polar fleece.<\/li>\n<li>Polar fleece krop med lynl\u00e5s foran.<\/li>\n<li>Elastiske manchetter, selvs\u00f8m. H\u00e5ndlommer med lynl\u00e5s.<\/li>\n<li>Besk\u00e5ret logobroderet patch p\u00e5 brystet.<\/li>\n<li>Intern hovedlabel og ekstern labelbranding.<\/li>\n<li>100% polyester tosidet polarfleece, 290gsm<\/li>\n<\/ul>","protected":false},"featured_media":7792,"comment_status":"closed","ping_status":"closed","template":"","meta":{"_relevanssi_hide_post":"","_relevanssi_hide_content":"","_relevanssi_pin_for_all":"","_relevanssi_pin_keywords":"","_relevanssi_unpin_keywords":"","_relevanssi_related_keywords":"","_relevanssi_related_include_ids":"","_relevanssi_related_exclude_ids":"","_relevanssi_related_no_append":"","_relevanssi_related_not_related":"","_relevanssi_related_posts":"","_relevanssi_noindex_reason":""},"product_brand":[],"product_cat":[311,310,56],"product_tag":[],"woo-feed-brand":[],"class_list":{"0":"post-7784","1":"product","2":"type-product","3":"status-publish","4":"has-post-thumbnail","6":"product_cat-hoodies-jackets","7":"product_cat-casual-clothing","8":"product_cat-mc-clothing","10":"first","11":"instock","12":"taxable","13":"shipping-taxable","14":"purchasable","15":"product-type-variable"},"_links":{"self":[{"href":"https:\/\/www.cphmc.com\/da\/wp-json\/wp\/v2\/product\/7784","targetHints":{"allow":["GET"]}}],"collection":[{"href":"https:\/\/www.cphmc.com\/da\/wp-json\/wp\/v2\/product"}],"about":[{"href":"https:\/\/www.cphmc.com\/da\/wp-json\/wp\/v2\/types\/product"}],"replies":[{"embeddable":true,"href":"https:\/\/www.cphmc.com\/da\/wp-json\/wp\/v2\/comments?post=7784"}],"wp:featuredmedia":[{"embeddable":true,"href":"https:\/\/www.cphmc.com\/da\/wp-json\/wp\/v2\/media\/7792"}],"wp:attachment":[{"href":"https:\/\/www.cphmc.com\/da\/wp-json\/wp\/v2\/media?parent=7784"}],"wp:term":[{"taxonomy":"product_brand","embeddable":true,"href":"https:\/\/www.cphmc.com\/da\/wp-json\/wp\/v2\/product_brand?post=7784"},{"taxonomy":"product_cat","embeddable":true,"href":"https:\/\/www.cphmc.com\/da\/wp-json\/wp\/v2\/product_cat?post=7784"},{"taxonomy":"product_tag","embeddable":true,"href":"https:\/\/www.cphmc.com\/da\/wp-json\/wp\/v2\/product_tag?post=7784"},{"taxonomy":"woo-feed-brand","embeddable":true,"href":"https:\/\/www.cphmc.com\/da\/wp-json\/wp\/v2\/woo-feed-brand?post=7784"}],"curies":[{"name":"wp","href":"https:\/\/api.w.org\/{rel}","templated":true}]}}