{"id":8051,"date":"2023-04-26T09:29:55","date_gmt":"2023-04-26T07:29:55","guid":{"rendered":"https:\/\/www.cphmc.com\/?post_type=product&#038;p=8051"},"modified":"2026-02-10T17:24:47","modified_gmt":"2026-02-10T16:24:47","slug":"icon-stormhawk-jacket-tan","status":"publish","type":"product","link":"https:\/\/www.cphmc.com\/da\/mc-clothing\/jackets-vests\/textile-jackets\/icon-stormhawk-jacket-tan\/","title":{"rendered":"Icon StormHawk jakke \u2013 Tan"},"content":{"rendered":"<p>Stormhawk\u2122 motorcykeljakken er vores seneste indtog i kategorien vejrbestandig k\u00f8rsel. Det afd\u00e6mpede ydre er et slidst\u00e6rkt 4-vejs stretch-tekstil, bakket op med en vandt\u00e6t\/\u00e5ndbar Hycor-membran \u2013 perfekt til k\u00f8rsel i tre s\u00e6soner. Indvendigt er jakken forst\u00e6rket med 600d polyesterstof for forbedret slidstyrke. Stormhawk\u2122 leveres som standard med D3O\u00ae CE-certificeret LP1 skulder- og albue-st\u00f8dbeskyttere. LP1-beskytterne er mere \u00e5ndbare og fleksible end tidligere generationer af st\u00f8dbeskyttere, hvilket forbedrer jakkens generelle komfort. Jakken inkluderer ogs\u00e5 en D3O\u00ae Viper rygst\u00f8dbeskytter og fuld-l\u00e6ngde isoleret for til cykling i koldere vejr. Skulle din tur omfatte mere tempererede steder, giver de store udvendige for- og bagventiler, forseglet med YKK\u00ae Aquagard\u2122 lynl\u00e5se, en betydelig luftstr\u00f8m. Stormhawk\u2122-jakken kan b\u00e6res individuelt eller lynes direkte til Stormhawk\u2122-bukserne.<\/p>\n<ul>\n<li>ICON\u00ae afslappet pasform<\/li>\n<li>HYCOR\u2122 membran vandt\u00e6t\/\u00e5ndbart chassis<\/li>\n<li>Fuld l\u00e6ngde aftagelig liner<\/li>\n<li>Aftagelige ryg-, skulder- og albue st\u00f8dbeskyttere<\/li>\n<li>YKK\u00ae vandt\u00e6tte lynl\u00e5se i mat finish<\/li>\n<li>Lynl\u00e5s\u00e5bninger foran og bagp\u00e5<\/li>\n<li>Jakke\/bukse interlock system<\/li>\n<\/ul>","protected":false},"excerpt":{"rendered":"<ul>\n<li>ICON\u00ae afslappet pasform<\/li>\n<li>HYCOR\u2122 membran vandt\u00e6t\/\u00e5ndbart chassis<\/li>\n<li>Aftagelige ryg-, skulder- og albue st\u00f8dbeskyttere<\/li>\n<li>Jakke\/bukse interlock system<\/li>\n<\/ul>","protected":false},"featured_media":8065,"comment_status":"closed","ping_status":"closed","template":"","meta":{"_relevanssi_hide_post":"","_relevanssi_hide_content":"","_relevanssi_pin_for_all":"","_relevanssi_pin_keywords":"","_relevanssi_unpin_keywords":"","_relevanssi_related_keywords":"","_relevanssi_related_include_ids":"","_relevanssi_related_exclude_ids":"","_relevanssi_related_no_append":"","_relevanssi_related_not_related":"","_relevanssi_related_posts":"","_relevanssi_noindex_reason":""},"product_brand":[],"product_cat":[96,53,56],"product_tag":[],"woo-feed-brand":[],"class_list":{"0":"post-8051","1":"product","2":"type-product","3":"status-publish","4":"has-post-thumbnail","6":"product_cat-textile-jackets","7":"product_cat-jackets-vests","8":"product_cat-mc-clothing","10":"first","11":"instock","12":"taxable","13":"shipping-taxable","14":"purchasable","15":"product-type-variable"},"_links":{"self":[{"href":"https:\/\/www.cphmc.com\/da\/wp-json\/wp\/v2\/product\/8051","targetHints":{"allow":["GET"]}}],"collection":[{"href":"https:\/\/www.cphmc.com\/da\/wp-json\/wp\/v2\/product"}],"about":[{"href":"https:\/\/www.cphmc.com\/da\/wp-json\/wp\/v2\/types\/product"}],"replies":[{"embeddable":true,"href":"https:\/\/www.cphmc.com\/da\/wp-json\/wp\/v2\/comments?post=8051"}],"wp:featuredmedia":[{"embeddable":true,"href":"https:\/\/www.cphmc.com\/da\/wp-json\/wp\/v2\/media\/8065"}],"wp:attachment":[{"href":"https:\/\/www.cphmc.com\/da\/wp-json\/wp\/v2\/media?parent=8051"}],"wp:term":[{"taxonomy":"product_brand","embeddable":true,"href":"https:\/\/www.cphmc.com\/da\/wp-json\/wp\/v2\/product_brand?post=8051"},{"taxonomy":"product_cat","embeddable":true,"href":"https:\/\/www.cphmc.com\/da\/wp-json\/wp\/v2\/product_cat?post=8051"},{"taxonomy":"product_tag","embeddable":true,"href":"https:\/\/www.cphmc.com\/da\/wp-json\/wp\/v2\/product_tag?post=8051"},{"taxonomy":"woo-feed-brand","embeddable":true,"href":"https:\/\/www.cphmc.com\/da\/wp-json\/wp\/v2\/woo-feed-brand?post=8051"}],"curies":[{"name":"wp","href":"https:\/\/api.w.org\/{rel}","templated":true}]}}