{"id":8127,"date":"2023-05-10T12:54:38","date_gmt":"2023-05-10T10:54:38","guid":{"rendered":"https:\/\/www.cphmc.com\/?post_type=product&#038;p=8127"},"modified":"2026-02-10T17:24:47","modified_gmt":"2026-02-10T16:24:47","slug":"helite-airbag-turtle-2-yellow","status":"publish","type":"product","link":"https:\/\/www.cphmc.com\/da\/mc-clothing\/safety-equipment\/airbag-jackets-vests\/helite-airbag-turtle-2-yellow\/","title":{"rendered":"Helite Airbag Turtle 2 \u2013 Gul"},"content":{"rendered":"<p>Vores bestseller, Turtle 2 er en airbagvest med et t\u00f8jringsairbagsystem forbundet direkte til motorcyklen med en snor. Ideel til motorcyklister, der \u00f8nsker at kombinere bekvemmelighed og optimal beskyttelse. Den passer let over alle motorcykeljakker og tilbyder stor bev\u00e6gelsesfrihed og komfort takket v\u00e6re dens ergonomiske snit, dens 3 justeringsstropper og dens bl\u00f8de neoprenkrave.<\/p>\n<p>Airbagvesten tilbyder et stort beskyttelsesvolumen og er udstyret med et mekanisk system, der er klar til brug og let at genbruge. Takket v\u00e6re dens ultrahurtige oppustning (100 ms) sikrer den en optimal beskyttelse af de vitale zoner: cervikal, ryg, b\u00e6kken, korsbenet og thorax, f\u00f8r jorden st\u00f8der.<\/p>\n<p>Airbagvesten er designet til vejen og er forsynet med retro-reflekterende strimler, der giver h\u00f8j synlighed dag og nat og ogs\u00e5 i d\u00e5rligt vejr. Selv med handsker er vesten nem at \u00e5bne og lukke takket v\u00e6re dens modstandsdygtige clips. Sm\u00e5 genstande kan puttes i den udvendige lomme. Den s\u00e6lges klar til brug med 1 gaspatron, 1 motorcykeln\u00f8gle, 1 unbrakon\u00f8gle og 1 brugervejledning.<\/p>\n<p><strong>Funktioner<\/strong><\/p>\n<ul>\n<li>Farver: Sort, Gul<\/li>\n<li>V\u00e6gt: 1,8 kg \u2013 2,2 kg<\/li>\n<li>TURTLE teknologi med SAS-TEC niveau 2 rygbeskytter<\/li>\n<li>Stor beskyttelsesvolumen: mellem 17L og 28L<\/li>\n<li>Luftning: Indvendig tekstil 3D mesh.<\/li>\n<li>CE certificeret<\/li>\n<li>CRITT Sport Loisirs laboratorium certificeret<\/li>\n<li>2 \u00e5rs garanti (4 \u00e5r hvis du registrerer din airbag inden for 3 m\u00e5neder p\u00e5 my.helite.com)<\/li>\n<\/ul>\n<p><strong>Sammens\u00e6tning<\/strong><\/p>\n<ul>\n<li>Vest 100% Polyester<\/li>\n<li>Airbag 100% polyurethan<\/li>\n<\/ul>\n<p><strong>Vedligeholdelse<\/strong><\/p>\n<ul>\n<li>Uds\u00e6t ikke din airbag for h\u00f8je temperaturer<br \/>\n(i n\u00e6rheden af en varmekilde, en flamme, p\u00e5 en radiator osv.).<\/li>\n<li>Efterlad ikke din airbag inden for r\u00e6kkevidde af gnavere eller andre dyr.<\/li>\n<li>Opbevar din airbag p\u00e5 et t\u00f8rt sted v\u00e6k fra fugt.<\/li>\n<li>Lad ikke din airbag v\u00e6re foldet eller sammenrullet i l\u00e6ngere tid. Opbevar det p\u00e5 en b\u00f8jle.<\/li>\n<\/ul>","protected":false},"excerpt":{"rendered":"<p>Turtle 2 er en airbagvest med et t\u00f8jringsairbagsystem forbundet direkte til motorcyklen med en snor. Ideel til motorcyklister, der \u00f8nsker at kombinere bekvemmelighed og optimal beskyttelse.<\/p>\n<ul>\n<li>TURTLE teknologi med SAS-TEC niveau 2 rygbeskytter<\/li>\n<li>Beskyttelsesvolumen: mellem 17L og 28L<\/li>\n<li>V\u00e6gt: 1,8 kg \u2013 2,2 kg<\/li>\n<li>Luftning: Indvendig tekstil 3D mesh.<\/li>\n<\/ul>","protected":false},"featured_media":8134,"comment_status":"closed","ping_status":"closed","template":"","meta":{"_relevanssi_hide_post":"","_relevanssi_hide_content":"","_relevanssi_pin_for_all":"","_relevanssi_pin_keywords":"","_relevanssi_unpin_keywords":"","_relevanssi_related_keywords":"","_relevanssi_related_include_ids":"","_relevanssi_related_exclude_ids":"","_relevanssi_related_no_append":"","_relevanssi_related_not_related":"","_relevanssi_related_posts":"","_relevanssi_noindex_reason":""},"product_brand":[],"product_cat":[102,56,55],"product_tag":[234],"woo-feed-brand":[],"class_list":{"0":"post-8127","1":"product","2":"type-product","3":"status-publish","4":"has-post-thumbnail","6":"product_cat-airbag-jackets-vests","7":"product_cat-mc-clothing","8":"product_cat-safety-equipment","9":"product_tag-airbag","11":"first","12":"instock","13":"taxable","14":"shipping-taxable","15":"purchasable","16":"product-type-variable"},"_links":{"self":[{"href":"https:\/\/www.cphmc.com\/da\/wp-json\/wp\/v2\/product\/8127","targetHints":{"allow":["GET"]}}],"collection":[{"href":"https:\/\/www.cphmc.com\/da\/wp-json\/wp\/v2\/product"}],"about":[{"href":"https:\/\/www.cphmc.com\/da\/wp-json\/wp\/v2\/types\/product"}],"replies":[{"embeddable":true,"href":"https:\/\/www.cphmc.com\/da\/wp-json\/wp\/v2\/comments?post=8127"}],"wp:featuredmedia":[{"embeddable":true,"href":"https:\/\/www.cphmc.com\/da\/wp-json\/wp\/v2\/media\/8134"}],"wp:attachment":[{"href":"https:\/\/www.cphmc.com\/da\/wp-json\/wp\/v2\/media?parent=8127"}],"wp:term":[{"taxonomy":"product_brand","embeddable":true,"href":"https:\/\/www.cphmc.com\/da\/wp-json\/wp\/v2\/product_brand?post=8127"},{"taxonomy":"product_cat","embeddable":true,"href":"https:\/\/www.cphmc.com\/da\/wp-json\/wp\/v2\/product_cat?post=8127"},{"taxonomy":"product_tag","embeddable":true,"href":"https:\/\/www.cphmc.com\/da\/wp-json\/wp\/v2\/product_tag?post=8127"},{"taxonomy":"woo-feed-brand","embeddable":true,"href":"https:\/\/www.cphmc.com\/da\/wp-json\/wp\/v2\/woo-feed-brand?post=8127"}],"curies":[{"name":"wp","href":"https:\/\/api.w.org\/{rel}","templated":true}]}}