{"id":8139,"date":"2023-05-10T16:48:54","date_gmt":"2023-05-10T14:48:54","guid":{"rendered":"https:\/\/www.cphmc.com\/?post_type=product&#038;p=8139"},"modified":"2026-02-10T17:24:47","modified_gmt":"2026-02-10T16:24:47","slug":"helite-airbag-gp-air","status":"publish","type":"product","link":"https:\/\/www.cphmc.com\/da\/mc-clothing\/safety-equipment\/airbag-jackets-vests\/helite-airbag-gp-air\/","title":{"rendered":"Helite Airbag GP Air"},"content":{"rendered":"<p>GP Air er en t\u00f8jret airbagvest specielt designet til racerbanen. Ideel til motorcyklister, der \u00f8nsker at kombinere bekvemmelighed og optimal beskyttelse. Med sin stramme og aerodynamiske pasform og en plads tilbage til dragtens pukkel passer den let over alle motorcykell\u00e6derdragter og giver en stor bev\u00e6gelsesfrihed.<\/p>\n<p>Airbagvesten tilbyder et stort beskyttelsesvolumen og er udstyret med et mekanisk system, der er klar til brug og let at genbruge. Takket v\u00e6re dens ultrahurtige oppustning (100 ms) sikrer den optimal beskyttelse af vitale omr\u00e5der: livmoderhalsen, ryg, b\u00e6kken, korsbenet og thorax, f\u00f8r jorden st\u00f8der. Den er ogs\u00e5 forsynet med aftagelige l\u00e6derskydere bagp\u00e5 for bedre beskyttelse. De elastiske materialer giver en behagelig pasform p\u00e5 siderne og i niveau med nakke og skuldre. Selv med handsker er vesten nem at \u00e5bne takket v\u00e6re velcro.<\/p>\n<p>Den s\u00e6lges klar til brug med 1 gaspatron, 1 motorcykeln\u00f8gle, 1 unbrakon\u00f8gle og 1 brugervejledning.<\/p>\n<p><strong>Funktioner<\/strong><\/p>\n<ul>\n<li>Farve: Sort<\/li>\n<li>M\u00e6nd \/ Kvinder<\/li>\n<li>V\u00e6gt: 1,8 kg \u2013 2,2 kg<\/li>\n<li>TURTLE-teknologi med ryg- og brystbeskytter for en dobbelt TURTLE-effekt<\/li>\n<li>Stor beskyttelsesvolumen: mellem 17L og 28L afh\u00e6ngig af airbagst\u00f8rrelsen<\/li>\n<li>Slidbestandige materialer: l\u00e6der (koskind 1,2 mm) og skumbeskyttelse<\/li>\n<\/ul>\n<p><strong>CE-certificering og garanti<\/strong><\/p>\n<ul>\n<li>Vores airbags er certificeret af CRITT Sport Loisirs laboratorium, et anerkendt og uafh\u00e6ngigt organ, der certificerer beskyttelsesudstyr til motorcyklister.<\/li>\n<li>Vores airbags leveres med 2 \u00e5rs garanti (4 \u00e5r hvis du registrerer din airbag inden for 3 m\u00e5neder efter dit k\u00f8b p\u00e5 my.helite.com).<\/li>\n<\/ul>\n<p><strong>Sammens\u00e6tning<\/strong><\/p>\n<ul>\n<li>Vest 85% l\u00e6der \u2013 15% elastan<\/li>\n<li>Airbag 100% polyurethan<\/li>\n<\/ul>\n<p><strong>Vedligeholdelse<\/strong><\/p>\n<ul>\n<li>M\u00e5 ikke maskinvaskes, m\u00e5 ikke neds\u00e6nkes i vand. Vi anbefaler, at du reng\u00f8r din GP Airbag ved at t\u00f8rre den af med en bl\u00f8d klud og s\u00e6bevand eller med servietter.<\/li>\n<li>Uds\u00e6t ikke din airbag for h\u00f8je temperaturer (i n\u00e6rheden af en varmekilde, en flamme, p\u00e5 en radiator osv.).<\/li>\n<li>Efterlad ikke din airbag inden for r\u00e6kkevidde af gnavere eller andre dyr.<\/li>\n<li>Opbevar din airbag p\u00e5 et t\u00f8rt sted v\u00e6k fra fugt. Lad ikke din airbag v\u00e6re foldet eller sammenrullet i l\u00e6ngere tid. Opbevar det p\u00e5 en b\u00f8jle.<\/li>\n<\/ul>","protected":false},"excerpt":{"rendered":"<p>GP Air er en t\u00f8jret airbagvest specielt designet til racerbanen. Ideel til motorcyklister, der \u00f8nsker at kombinere bekvemmelighed og optimal beskyttelse. Med sin stramme og aerodynamiske pasform og en plads tilbage til dragtens pukkel passer den let over alle motorcykell\u00e6derdragter og giver en stor bev\u00e6gelsesfrihed.<\/p>\n<ul>\n<li>TURTLE-teknologi med ryg- og brystbeskytter til en dobbelt Turtle SAS-TEC niveau 2 rygbeskytter<\/li>\n<li>Beskyttelsesvolumen: mellem 17L og 28L<\/li>\n<li>V\u00e6gt: 1,8 kg \u2013 2,2 kg<\/li>\n<li>Luftning: Indvendig tekstil 3D mesh.<\/li>\n<li>Slidbestandige materialer: l\u00e6der (koskind 1,2 mm) og skumbeskyttelse<\/li>\n<\/ul>","protected":false},"featured_media":8155,"comment_status":"closed","ping_status":"closed","template":"","meta":{"_relevanssi_hide_post":"","_relevanssi_hide_content":"","_relevanssi_pin_for_all":"","_relevanssi_pin_keywords":"","_relevanssi_unpin_keywords":"","_relevanssi_related_keywords":"","_relevanssi_related_include_ids":"","_relevanssi_related_exclude_ids":"","_relevanssi_related_no_append":"","_relevanssi_related_not_related":"","_relevanssi_related_posts":"","_relevanssi_noindex_reason":""},"product_brand":[],"product_cat":[102,56,55],"product_tag":[234],"woo-feed-brand":[],"class_list":{"0":"post-8139","1":"product","2":"type-product","3":"status-publish","4":"has-post-thumbnail","6":"product_cat-airbag-jackets-vests","7":"product_cat-mc-clothing","8":"product_cat-safety-equipment","9":"product_tag-airbag","11":"first","12":"instock","13":"taxable","14":"shipping-taxable","15":"purchasable","16":"product-type-variable"},"_links":{"self":[{"href":"https:\/\/www.cphmc.com\/da\/wp-json\/wp\/v2\/product\/8139","targetHints":{"allow":["GET"]}}],"collection":[{"href":"https:\/\/www.cphmc.com\/da\/wp-json\/wp\/v2\/product"}],"about":[{"href":"https:\/\/www.cphmc.com\/da\/wp-json\/wp\/v2\/types\/product"}],"replies":[{"embeddable":true,"href":"https:\/\/www.cphmc.com\/da\/wp-json\/wp\/v2\/comments?post=8139"}],"wp:featuredmedia":[{"embeddable":true,"href":"https:\/\/www.cphmc.com\/da\/wp-json\/wp\/v2\/media\/8155"}],"wp:attachment":[{"href":"https:\/\/www.cphmc.com\/da\/wp-json\/wp\/v2\/media?parent=8139"}],"wp:term":[{"taxonomy":"product_brand","embeddable":true,"href":"https:\/\/www.cphmc.com\/da\/wp-json\/wp\/v2\/product_brand?post=8139"},{"taxonomy":"product_cat","embeddable":true,"href":"https:\/\/www.cphmc.com\/da\/wp-json\/wp\/v2\/product_cat?post=8139"},{"taxonomy":"product_tag","embeddable":true,"href":"https:\/\/www.cphmc.com\/da\/wp-json\/wp\/v2\/product_tag?post=8139"},{"taxonomy":"woo-feed-brand","embeddable":true,"href":"https:\/\/www.cphmc.com\/da\/wp-json\/wp\/v2\/woo-feed-brand?post=8139"}],"curies":[{"name":"wp","href":"https:\/\/api.w.org\/{rel}","templated":true}]}}