{"id":8158,"date":"2023-05-10T17:06:24","date_gmt":"2023-05-10T15:06:24","guid":{"rendered":"https:\/\/www.cphmc.com\/?post_type=product&#038;p=8158"},"modified":"2026-02-10T17:24:46","modified_gmt":"2026-02-10T16:24:46","slug":"helite-airbag-e-turtle-black","status":"publish","type":"product","link":"https:\/\/www.cphmc.com\/da\/mc-clothing\/safety-equipment\/airbag-jackets-vests\/helite-airbag-e-turtle-black\/","title":{"rendered":"Helite Airbag e-Turtle \u2013 Sort"},"content":{"rendered":"<p>Vores bestseller i elektronisk udgave, e-Turtle er en tr\u00e5dl\u00f8s airbagvest, der analyserer situationen i realtid og registrerer fald ved 360\u00b0. S\u00e6ttet af indbyggede sensorer d\u00e6kker en bred vifte af ulykker ved lav hastighed (fra 18 km\/t) og i enhver anslagsvinkel.<\/p>\n<p>Ideel til motorcyklister, der \u00f8nsker at kombinere teknologi, komfort og optimal beskyttelse. Den passer nemt over alle motorcykeljakker og tilbyder stor bev\u00e6gelsesfrihed og komfort takket v\u00e6re dens ergonomiske snit, dens 3 justeringsstropper og dens bl\u00f8de neoprenkrave.<\/p>\n<p>Airbagvesten tilbyder et stort beskyttelsesvolumen og er udstyret med et 100% autonomt elektronisk system, der er klar til brug og let at genbruge. Takket v\u00e6re dens ultrahurtige oppustning (80 ms) sikrer den optimal beskyttelse af vitale omr\u00e5der: livmoderhalsen, ryg, b\u00e6kken, korsbenet og thorax f\u00f8r st\u00f8d p\u00e5 jorden.<\/p>\n<p>Airbagvesten er designet til vejen og er forsynet med retro-reflekterende strimler, der giver h\u00f8j synlighed dag og nat og ogs\u00e5 i d\u00e5rligt vejr.<\/p>\n<p>Selv med handsker er vesten nem at \u00e5bne og lukke takket v\u00e6re dens modstandsdygtige clips. Sm\u00e5 genstande kan l\u00e6gges i den udvendige lomme.<\/p>\n<p>Den s\u00e6lges klar til brug med 1 e-patron, 1 USB-kabel til opladning og 1 brugervejledning.<\/p>\n<p><strong>Funktioner<\/strong><\/p>\n<ul>\n<li>Farver: Sort \u2013 Gul<\/li>\n<li>M\u00e6nd \/ Kvinder<\/li>\n<li>V\u00e6gt: 1,5 kg \u2013 2,1 kg<\/li>\n<li>TURTLE teknologi med SAS-TEC niveau 2 rygbeskytter<\/li>\n<li>Stor beskyttelsesvolumen: mellem 17L og 28L afh\u00e6ngig af airbagst\u00f8rrelsen<\/li>\n<li>Autonomi: 25 timer (USB-opladning)<\/li>\n<li>Luftning: Indvendig tekstil 3D mesh.<\/li>\n<\/ul>\n<p><strong>CE-certificering og garanti<\/strong><\/p>\n<ul>\n<li>Vores airbags er certificeret af CRITT Sport Loisirs laboratorium, et anerkendt og uafh\u00e6ngigt organ, der certificerer beskyttelsesudstyr til motorcyklister.<\/li>\n<li>Vores airbags leveres med 2 \u00e5rs garanti (4 \u00e5r hvis du registrerer din airbag inden for 3 m\u00e5neder efter dit k\u00f8b p\u00e5 my.helite.com).<\/li>\n<\/ul>","protected":false},"excerpt":{"rendered":"<p>e-Turtle er en tr\u00e5dl\u00f8s airbagvest, der analyserer situationen i realtid og registrerer fald ved 360\u00b0. S\u00e6ttet af indbyggede sensorer d\u00e6kker en bred vifte af ulykker ved lav hastighed (fra 18 km\/t) og i enhver anslagsvinkel. Ideel til motorcyklister, der \u00f8nsker at kombinere teknologi, komfort og optimal beskyttelse. Den passer nemt over alle motorcykeljakker..<\/p>\n<ul>\n<li>Turtle SAS-TEC niveau 2 rygbeskytter<\/li>\n<li>Beskyttelsesvolumen: mellem 17L og 28L<\/li>\n<li>V\u00e6gt: 1,5 kg \u2013 2,1 kg<\/li>\n<li>Luftning: Indvendig tekstil 3D mesh.<\/li>\n<li>Autonomi: 25 timer (USB-opladning)<\/li>\n<\/ul>","protected":false},"featured_media":8173,"comment_status":"closed","ping_status":"closed","template":"","meta":{"_relevanssi_hide_post":"","_relevanssi_hide_content":"","_relevanssi_pin_for_all":"","_relevanssi_pin_keywords":"","_relevanssi_unpin_keywords":"","_relevanssi_related_keywords":"","_relevanssi_related_include_ids":"","_relevanssi_related_exclude_ids":"","_relevanssi_related_no_append":"","_relevanssi_related_not_related":"","_relevanssi_related_posts":"","_relevanssi_noindex_reason":""},"product_brand":[],"product_cat":[102,56,55],"product_tag":[234],"woo-feed-brand":[],"class_list":{"0":"post-8158","1":"product","2":"type-product","3":"status-publish","4":"has-post-thumbnail","6":"product_cat-airbag-jackets-vests","7":"product_cat-mc-clothing","8":"product_cat-safety-equipment","9":"product_tag-airbag","11":"first","12":"instock","13":"taxable","14":"shipping-taxable","15":"purchasable","16":"product-type-variable"},"_links":{"self":[{"href":"https:\/\/www.cphmc.com\/da\/wp-json\/wp\/v2\/product\/8158","targetHints":{"allow":["GET"]}}],"collection":[{"href":"https:\/\/www.cphmc.com\/da\/wp-json\/wp\/v2\/product"}],"about":[{"href":"https:\/\/www.cphmc.com\/da\/wp-json\/wp\/v2\/types\/product"}],"replies":[{"embeddable":true,"href":"https:\/\/www.cphmc.com\/da\/wp-json\/wp\/v2\/comments?post=8158"}],"wp:featuredmedia":[{"embeddable":true,"href":"https:\/\/www.cphmc.com\/da\/wp-json\/wp\/v2\/media\/8173"}],"wp:attachment":[{"href":"https:\/\/www.cphmc.com\/da\/wp-json\/wp\/v2\/media?parent=8158"}],"wp:term":[{"taxonomy":"product_brand","embeddable":true,"href":"https:\/\/www.cphmc.com\/da\/wp-json\/wp\/v2\/product_brand?post=8158"},{"taxonomy":"product_cat","embeddable":true,"href":"https:\/\/www.cphmc.com\/da\/wp-json\/wp\/v2\/product_cat?post=8158"},{"taxonomy":"product_tag","embeddable":true,"href":"https:\/\/www.cphmc.com\/da\/wp-json\/wp\/v2\/product_tag?post=8158"},{"taxonomy":"woo-feed-brand","embeddable":true,"href":"https:\/\/www.cphmc.com\/da\/wp-json\/wp\/v2\/woo-feed-brand?post=8158"}],"curies":[{"name":"wp","href":"https:\/\/api.w.org\/{rel}","templated":true}]}}