{"id":8234,"date":"2023-05-11T09:56:50","date_gmt":"2023-05-11T07:56:50","guid":{"rendered":"https:\/\/www.cphmc.com\/?post_type=product&#038;p=8234"},"modified":"2026-02-10T17:24:46","modified_gmt":"2026-02-10T16:24:46","slug":"helite-touring-grey","status":"publish","type":"product","link":"https:\/\/www.cphmc.com\/da\/mc-clothing\/jackets-vests\/textile-jackets\/helite-touring-grey\/","title":{"rendered":"Helite Touring \u2013 Gr\u00e5"},"content":{"rendered":"<p>Touring er en t\u00f8jret airbagjakke forbundet direkte til motorcyklen med en snor. Ideel til motorcyklister, der \u00f8nsker at kombinere komfort og optimal beskyttelse under lange ture. Designet til at blive brugt hele \u00e5ret rundt takket v\u00e6re dens vandt\u00e6tte, \u00e5ndbare og vindt\u00e6tte membran og dens aftagelige termiske foring (100% polyester) med Mesh. Reflekterende indl\u00e6g p\u00e5 ryggen, brystet, siderne og armene sikrer maksimal 360\u00b0 synlighed om natten.<\/p>\n<p>Airbagjakken kan justeres ved krave, talje og h\u00e5ndled og giver komfort og bev\u00e6gelsesfrihed. Dens lynl\u00e5se foran, \u00e6rmer og manchetter sikrer optimal ventilation under brug.<\/p>\n<p>Airbagjakken tilbyder et stort beskyttelsesvolumen og er udstyret med et mekanisk system klar til brug og let at genbruge. Takket v\u00e6re dens ultrahurtige oppustning (100 ms) sikrer den optimal beskyttelse af vitale omr\u00e5der: livmoderhalsen, ryg, b\u00e6kken, korsbenet og thorax, f\u00f8r jorden st\u00f8der.<\/p>\n<p>Dens forst\u00e6rkede skulder- og albuebeskyttelse garanterer maksimal sikkerhed.<\/p>\n<p>Den s\u00e6lges klar til brug med 1 gaspatron, 1 motorcykeln\u00f8gle, 1 unbrakon\u00f8gle og 1 brugervejledning.<\/p>\n<p><strong>Funktioner<\/strong><\/p>\n<ul>\n<li>Farver: Sort og gr\u00e5<\/li>\n<li>M\u00e6nd\/kvinder<\/li>\n<li>V\u00e6gt: 3,5 kg \u2013 4,4 kg<\/li>\n<li>TURTLE teknologi med SAS-TEC niveau 2 rygbeskytter<\/li>\n<li>Stor beskyttelsesvolumen: mellem 17L og 28L afh\u00e6ngig af airbagst\u00f8rrelsen<\/li>\n<li>Teknisk stof: Cordura 600D og 1000D p\u00e5 albuer og skuldre<\/li>\n<\/ul>\n<p><strong>CE-certificering og garanti<\/strong><\/p>\n<ul>\n<li>Vores airbags er certificeret af CRITT Sport Loisirs laboratorium, et anerkendt og uafh\u00e6ngigt organ, der certificerer beskyttelsesudstyr til motorcyklister.<\/li>\n<li>Vores airbags leveres med 2 \u00e5rs garanti (4 \u00e5r hvis du registrerer din airbag inden for 3 m\u00e5neder efter dit k\u00f8b p\u00e5 my.helite.com).<\/li>\n<\/ul>\n<p><strong>Sammens\u00e6tning<\/strong><\/p>\n<ul>\n<li>Jakke 100% polyester<\/li>\n<li>Airbag 100% polyurethan<\/li>\n<\/ul>\n<p><strong>Vedligeholdelse<\/strong><\/p>\n<ul>\n<li>M\u00e5 ikke maskinvaskes, m\u00e5 ikke neds\u00e6nkes i vand. Vi anbefaler, at du reng\u00f8r din Touring-airbag ved at t\u00f8rre den af med en bl\u00f8d klud og s\u00e6bevand eller med servietter.<\/li>\n<li>Uds\u00e6t ikke din airbag for h\u00f8je temperaturer (i n\u00e6rheden af en varmekilde, en flamme, p\u00e5 en radiator osv.).<\/li>\n<li>Efterlad ikke din airbag inden for r\u00e6kkevidde af gnavere eller andre dyr.<\/li>\n<li>Opbevar din airbag p\u00e5 et t\u00f8rt sted v\u00e6k fra fugt.<\/li>\n<li>Lad ikke din airbag v\u00e6re foldet eller sammenrullet i l\u00e6ngere tid. Opbevar det p\u00e5 en b\u00f8jle.<\/li>\n<\/ul>","protected":false},"excerpt":{"rendered":"<p>Touring er en t\u00f8jret airbagjakke forbundet direkte til motorcyklen med en snor. Ideel til motorcyklister, der \u00f8nsker at kombinere komfort og optimal beskyttelse under lange ture. Designet til at blive brugt hele \u00e5ret rundt takket v\u00e6re dens vandt\u00e6tte, \u00e5ndbare og vindt\u00e6tte membran og dens aftagelige termiske foring (100% polyester) med Mesh. Reflekterende indl\u00e6g p\u00e5 ryggen, brystet, siderne og armene sikrer maksimal 360\u00b0 synlighed om natten.<\/p>\n<ul>\n<li>TURTLE teknologi med SAS-TEC niveau 2 rygbeskytter<\/li>\n<li>Stor beskyttelsesvolumen: mellem 17L og 28L afh\u00e6ngig af airbagst\u00f8rrelsen<\/li>\n<li>Teknisk stof: Cordura 600D og 1000D p\u00e5 albuer og skuldre<\/li>\n<li>V\u00e6gt: 3,5 kg \u2013 4,4 kg<\/li>\n<\/ul>","protected":false},"featured_media":8252,"comment_status":"closed","ping_status":"closed","template":"","meta":{"_relevanssi_hide_post":"","_relevanssi_hide_content":"","_relevanssi_pin_for_all":"","_relevanssi_pin_keywords":"","_relevanssi_unpin_keywords":"","_relevanssi_related_keywords":"","_relevanssi_related_include_ids":"","_relevanssi_related_exclude_ids":"","_relevanssi_related_no_append":"","_relevanssi_related_not_related":"","_relevanssi_related_posts":"","_relevanssi_noindex_reason":""},"product_brand":[],"product_cat":[96,102,53,56],"product_tag":[234],"woo-feed-brand":[],"class_list":{"0":"post-8234","1":"product","2":"type-product","3":"status-publish","4":"has-post-thumbnail","6":"product_cat-textile-jackets","7":"product_cat-airbag-jackets-vests","8":"product_cat-jackets-vests","9":"product_cat-mc-clothing","10":"product_tag-airbag","12":"first","13":"instock","14":"taxable","15":"shipping-taxable","16":"purchasable","17":"product-type-variable"},"_links":{"self":[{"href":"https:\/\/www.cphmc.com\/da\/wp-json\/wp\/v2\/product\/8234","targetHints":{"allow":["GET"]}}],"collection":[{"href":"https:\/\/www.cphmc.com\/da\/wp-json\/wp\/v2\/product"}],"about":[{"href":"https:\/\/www.cphmc.com\/da\/wp-json\/wp\/v2\/types\/product"}],"replies":[{"embeddable":true,"href":"https:\/\/www.cphmc.com\/da\/wp-json\/wp\/v2\/comments?post=8234"}],"wp:featuredmedia":[{"embeddable":true,"href":"https:\/\/www.cphmc.com\/da\/wp-json\/wp\/v2\/media\/8252"}],"wp:attachment":[{"href":"https:\/\/www.cphmc.com\/da\/wp-json\/wp\/v2\/media?parent=8234"}],"wp:term":[{"taxonomy":"product_brand","embeddable":true,"href":"https:\/\/www.cphmc.com\/da\/wp-json\/wp\/v2\/product_brand?post=8234"},{"taxonomy":"product_cat","embeddable":true,"href":"https:\/\/www.cphmc.com\/da\/wp-json\/wp\/v2\/product_cat?post=8234"},{"taxonomy":"product_tag","embeddable":true,"href":"https:\/\/www.cphmc.com\/da\/wp-json\/wp\/v2\/product_tag?post=8234"},{"taxonomy":"woo-feed-brand","embeddable":true,"href":"https:\/\/www.cphmc.com\/da\/wp-json\/wp\/v2\/woo-feed-brand?post=8234"}],"curies":[{"name":"wp","href":"https:\/\/api.w.org\/{rel}","templated":true}]}}