{"id":8254,"date":"2023-05-11T10:07:18","date_gmt":"2023-05-11T08:07:18","guid":{"rendered":"https:\/\/www.cphmc.com\/?post_type=product&#038;p=8254"},"modified":"2026-02-10T17:24:45","modified_gmt":"2026-02-10T16:24:45","slug":"helite-vented-jacket-yellow","status":"publish","type":"product","link":"https:\/\/www.cphmc.com\/da\/mc-clothing\/jackets-vests\/textile-jackets\/helite-vented-jacket-yellow\/","title":{"rendered":"Helite ventileret jakke \u2013 gul"},"content":{"rendered":"<p>Vented er en t\u00f8jret airbagjakke forbundet direkte til motorcyklen med en snor. Ideel til motorcyklister, der \u00f8nsker at kombinere komfort og optimal beskyttelse under deres lange ture. Jakken er designet til h\u00f8je temperaturer og kommer med et h\u00f8jt ventileret teknisk stof og et aftageligt termisk, vandt\u00e6t og vindt\u00e6t for. Dens retroreflekterende indsatser garanterer maksimal 360\u00b0 udsyn om natten.<\/p>\n<p>Dens bl\u00f8de krave og justerbare manchetter giver komfort og bev\u00e6gelsesfrihed.<\/p>\n<p>Airbagjakken tilbyder et stort beskyttelsesvolumen og er udstyret med et mekanisk system klar til brug og let at genbruge. Takket v\u00e6re dens ultrahurtige oppustning (100 ms) sikrer den optimal beskyttelse af vitale omr\u00e5der: livmoderhalsen, ryg, b\u00e6kken, korsbenet og thorax, f\u00f8r jorden st\u00f8der.<\/p>\n<p>Dens forst\u00e6rkede skulder- og albuebeskyttelse i sort l\u00e6der garanterer maksimal sikkerhed.<\/p>\n<p>Den s\u00e6lges klar til brug med 1 gaspatron, 1 motorcykeln\u00f8gle, 1 unbrakon\u00f8gle og 1 brugervejledning.<\/p>\n<p><strong>Funktioner<\/strong><\/p>\n<ul>\n<li>Farver: Sort\/gr\u00e5 \u2013 gul<\/li>\n<li>M\u00e6nd\/kvinder<\/li>\n<li>V\u00e6gt: 2,7 kg \u2013 3,5 kg<\/li>\n<li>TURTLE teknologi med SAS-TEC niveau 2 rygbeskytter<\/li>\n<li>Stor beskyttelsesvolumen: mellem 17L og 28L afh\u00e6ngig af airbagst\u00f8rrelsen<\/li>\n<li>Teknisk og ventileret tekstil: Cordura og Polyamid mesh<\/li>\n<\/ul>\n<p><strong>CE-certificering og garanti<\/strong><\/p>\n<ul>\n<li>Vores airbags er certificeret af CRITT Sport Loisirs laboratorium, et anerkendt og uafh\u00e6ngigt organ, der certificerer beskyttelsesudstyr til motorcyklister.<\/li>\n<li>Vores airbags leveres med 2 \u00e5rs garanti (4 \u00e5r hvis du registrerer din airbag inden for 3 m\u00e5neder efter dit k\u00f8b p\u00e5 my.helite.com).<\/li>\n<\/ul>\n<p><strong>Sammens\u00e6tning<\/strong><\/p>\n<ul>\n<li>Jakke 100% polyester<\/li>\n<li>Airbag 100% polyurethan<\/li>\n<\/ul>\n<p><strong>Vedligeholdelse<\/strong><\/p>\n<ul>\n<li>M\u00e5 ikke maskinvaskes, m\u00e5 ikke neds\u00e6nkes i vand. Vi anbefaler, at du reng\u00f8r din Vented airbag ved at t\u00f8rre den af med en bl\u00f8d klud og s\u00e6bevand eller med servietter.<\/li>\n<li>Uds\u00e6t ikke din airbag for h\u00f8je temperaturer (i n\u00e6rheden af en varmekilde, en flamme, p\u00e5 en radiator osv.).<\/li>\n<li>Efterlad ikke din airbag inden for r\u00e6kkevidde af gnavere eller andre dyr.<\/li>\n<li>Opbevar din airbag p\u00e5 et t\u00f8rt sted v\u00e6k fra fugt.<\/li>\n<li>Lad ikke din airbag v\u00e6re foldet eller sammenrullet i l\u00e6ngere tid. Opbevar det p\u00e5 en b\u00f8jle.<\/li>\n<li><\/li>\n<\/ul>","protected":false},"excerpt":{"rendered":"<p>Vented er en t\u00f8jret airbagjakke forbundet direkte til motorcyklen med en snor. Ideel til motorcyklister, der \u00f8nsker at kombinere komfort og optimal beskyttelse under deres lange ture. Jakken er designet til h\u00f8je temperaturer og kommer med et h\u00f8jt ventileret teknisk stof og et aftageligt termisk, vandt\u00e6t og vindt\u00e6t for.<\/p>\n<ul>\n<li>TURTLE teknologi med SAS-TEC niveau 2 rygbeskytter<\/li>\n<li>Stor beskyttelsesvolumen: mellem 17L og 28L afh\u00e6ngig af airbagst\u00f8rrelsen<\/li>\n<li>Teknisk og ventileret tekstil: Cordura og Polyamid mesh<\/li>\n<li>V\u00e6gt: 2,7 kg \u2013 3,5 kg<\/li>\n<\/ul>","protected":false},"featured_media":8269,"comment_status":"closed","ping_status":"closed","template":"","meta":{"_relevanssi_hide_post":"","_relevanssi_hide_content":"","_relevanssi_pin_for_all":"","_relevanssi_pin_keywords":"","_relevanssi_unpin_keywords":"","_relevanssi_related_keywords":"","_relevanssi_related_include_ids":"","_relevanssi_related_exclude_ids":"","_relevanssi_related_no_append":"","_relevanssi_related_not_related":"","_relevanssi_related_posts":"","_relevanssi_noindex_reason":""},"product_brand":[],"product_cat":[96,102,53,56,98],"product_tag":[234],"woo-feed-brand":[],"class_list":{"0":"post-8254","1":"product","2":"type-product","3":"status-publish","4":"has-post-thumbnail","6":"product_cat-textile-jackets","7":"product_cat-airbag-jackets-vests","8":"product_cat-jackets-vests","9":"product_cat-mc-clothing","10":"product_cat-summer-jackets","11":"product_tag-airbag","13":"first","14":"instock","15":"taxable","16":"shipping-taxable","17":"purchasable","18":"product-type-variable"},"_links":{"self":[{"href":"https:\/\/www.cphmc.com\/da\/wp-json\/wp\/v2\/product\/8254","targetHints":{"allow":["GET"]}}],"collection":[{"href":"https:\/\/www.cphmc.com\/da\/wp-json\/wp\/v2\/product"}],"about":[{"href":"https:\/\/www.cphmc.com\/da\/wp-json\/wp\/v2\/types\/product"}],"replies":[{"embeddable":true,"href":"https:\/\/www.cphmc.com\/da\/wp-json\/wp\/v2\/comments?post=8254"}],"wp:featuredmedia":[{"embeddable":true,"href":"https:\/\/www.cphmc.com\/da\/wp-json\/wp\/v2\/media\/8269"}],"wp:attachment":[{"href":"https:\/\/www.cphmc.com\/da\/wp-json\/wp\/v2\/media?parent=8254"}],"wp:term":[{"taxonomy":"product_brand","embeddable":true,"href":"https:\/\/www.cphmc.com\/da\/wp-json\/wp\/v2\/product_brand?post=8254"},{"taxonomy":"product_cat","embeddable":true,"href":"https:\/\/www.cphmc.com\/da\/wp-json\/wp\/v2\/product_cat?post=8254"},{"taxonomy":"product_tag","embeddable":true,"href":"https:\/\/www.cphmc.com\/da\/wp-json\/wp\/v2\/product_tag?post=8254"},{"taxonomy":"woo-feed-brand","embeddable":true,"href":"https:\/\/www.cphmc.com\/da\/wp-json\/wp\/v2\/woo-feed-brand?post=8254"}],"curies":[{"name":"wp","href":"https:\/\/api.w.org\/{rel}","templated":true}]}}