{"id":8285,"date":"2023-05-11T10:28:33","date_gmt":"2023-05-11T08:28:33","guid":{"rendered":"https:\/\/www.cphmc.com\/?post_type=product&#038;p=8285"},"modified":"2026-02-10T17:24:45","modified_gmt":"2026-02-10T16:24:45","slug":"helite-roadster-brown","status":"publish","type":"product","link":"https:\/\/www.cphmc.com\/da\/mc-clothing\/jackets-vests\/leather-jackets\/helite-roadster-brown\/","title":{"rendered":"Helite Roadster \u2013 Brun"},"content":{"rendered":"<p>Roadster er en t\u00f8jret l\u00e6derairbagjakke forbundet direkte til motorcyklen med en snor. Ideel til motorcyklister, der \u00f8nsker at kombinere stil, komfort og optimal beskyttelse.<\/p>\n<p>Den slanke pasform og bl\u00f8de neoprenkrave giver maksimal komfort. Med sin aftagelige termiske foring kan jakken b\u00e6res hele \u00e5ret rundt, og de indvendige og udvendige lommer tillader en mere bekvem brug. Den giver en stor bev\u00e6gelsesfrihed takket v\u00e6re det str\u00e6kbare og \u00e5ndbare stof under armene.<\/p>\n<p>Airbagjakken tilbyder et stort beskyttelsesvolumen og er udstyret med et mekanisk system klar til brug og let at genbruge. Takket v\u00e6re dens ultrahurtige oppustning (100 ms) sikrer den optimal beskyttelse af vitale omr\u00e5der: livmoderhalsen, ryg, b\u00e6kken, korsbenet og thorax.<\/p>\n<p>Dens stive beskyttelser i niveau med skuldre og albuer garanterer en maksimal sikkerhed.<\/p>\n<p>Den s\u00e6lges klar til brug med 1 gaspatron, 1 motorcykeln\u00f8gle, 1 unbrakon\u00f8gle og 1 brugervejledning.<\/p>\n<p><strong>Funktioner<\/strong><\/p>\n<ul>\n<li>Farver: Vintage Brun \u2013 Sort<\/li>\n<li>M\u00e6nd<\/li>\n<li>V\u00e6gt: 4,3 kg \u2013 5 kg<\/li>\n<li>TURTLE teknologi med SAS-TEC niveau 2 rygbeskytter<\/li>\n<li>Stor beskyttelsesvolumen: mellem 17L og 28L afh\u00e6ngig af airbagst\u00f8rrelsen<\/li>\n<\/ul>\n<p><strong>CE-certificering og garanti<\/strong><\/p>\n<ul>\n<li>Vores airbags er certificeret af CRITT Sport Loisirs laboratorium, et anerkendt og uafh\u00e6ngigt organ, der certificerer beskyttelsesudstyr til motorcyklister.<\/li>\n<li>Vores airbags leveres med 2 \u00e5rs garanti (4 \u00e5r hvis du registrerer din airbag inden for 3 m\u00e5neder efter dit k\u00f8b p\u00e5 my.helite.com).<\/li>\n<\/ul>\n<p><strong>Sammens\u00e6tning<\/strong><\/p>\n<ul>\n<li>Jakke 100% H\u00f8jkvalitets l\u00e6der (koskind 1,2 mm)<\/li>\n<li>Foring 100% polyester<\/li>\n<li>Airbag 100% polyurethan<\/li>\n<\/ul>\n<p><strong>Vedligeholdelse<\/strong><\/p>\n<ul>\n<li>M\u00e5 ikke maskinvaskes, m\u00e5 ikke neds\u00e6nkes i vand. Vi anbefaler, at du reng\u00f8r din Roadster-airbag ved at t\u00f8rre den af med en bl\u00f8d klud og s\u00e6bevand eller med servietter.<\/li>\n<li>Uds\u00e6t ikke din airbag for h\u00f8je temperaturer (i n\u00e6rheden af en varmekilde, en flamme, p\u00e5 en radiator osv.).<\/li>\n<li>Efterlad ikke din airbag inden for r\u00e6kkevidde af gnavere eller andre dyr.<\/li>\n<li>Opbevar din airbag p\u00e5 et t\u00f8rt sted v\u00e6k fra fugt.<\/li>\n<li>Lad ikke din airbag v\u00e6re foldet eller sammenrullet i l\u00e6ngere tid. Opbevar det p\u00e5 en b\u00f8jle.<\/li>\n<\/ul>\n<p>&nbsp;<\/p>","protected":false},"excerpt":{"rendered":"<p>Roadster er en t\u00f8jret l\u00e6derairbagjakke forbundet direkte til motorcyklen med en snor. Ideel til motorcyklister, der \u00f8nsker at kombinere stil, komfort og optimal beskyttelse.<\/p>\n<p>Den slanke pasform og bl\u00f8de neoprenkrave giver maksimal komfort. Med sin aftagelige termiske foring kan jakken b\u00e6res hele \u00e5ret rundt, og de indvendige og udvendige lommer tillader en mere bekvem brug. Den giver en stor bev\u00e6gelsesfrihed takket v\u00e6re det str\u00e6kbare og \u00e5ndbare stof under armene.<\/p>\n<ul>\n<li>Koskind af h\u00f8j kvalitet<\/li>\n<li>TURTLE teknologi med SAS-TEC niveau 2 rygbeskytter<\/li>\n<li>Stor beskyttelsesvolumen: mellem 17L og 28L afh\u00e6ngig af airbagst\u00f8rrelsen<\/li>\n<li>V\u00e6gt: 4,3 kg \u2013 5 kg<\/li>\n<\/ul>","protected":false},"featured_media":8295,"comment_status":"closed","ping_status":"closed","template":"","meta":{"_relevanssi_hide_post":"","_relevanssi_hide_content":"","_relevanssi_pin_for_all":"","_relevanssi_pin_keywords":"","_relevanssi_unpin_keywords":"","_relevanssi_related_keywords":"","_relevanssi_related_include_ids":"","_relevanssi_related_exclude_ids":"","_relevanssi_related_no_append":"","_relevanssi_related_not_related":"","_relevanssi_related_posts":"","_relevanssi_noindex_reason":""},"product_brand":[],"product_cat":[95,102,53,56],"product_tag":[234],"woo-feed-brand":[],"class_list":{"0":"post-8285","1":"product","2":"type-product","3":"status-publish","4":"has-post-thumbnail","6":"product_cat-leather-jackets","7":"product_cat-airbag-jackets-vests","8":"product_cat-jackets-vests","9":"product_cat-mc-clothing","10":"product_tag-airbag","12":"first","13":"instock","14":"taxable","15":"shipping-taxable","16":"purchasable","17":"product-type-variable"},"_links":{"self":[{"href":"https:\/\/www.cphmc.com\/da\/wp-json\/wp\/v2\/product\/8285","targetHints":{"allow":["GET"]}}],"collection":[{"href":"https:\/\/www.cphmc.com\/da\/wp-json\/wp\/v2\/product"}],"about":[{"href":"https:\/\/www.cphmc.com\/da\/wp-json\/wp\/v2\/types\/product"}],"replies":[{"embeddable":true,"href":"https:\/\/www.cphmc.com\/da\/wp-json\/wp\/v2\/comments?post=8285"}],"wp:featuredmedia":[{"embeddable":true,"href":"https:\/\/www.cphmc.com\/da\/wp-json\/wp\/v2\/media\/8295"}],"wp:attachment":[{"href":"https:\/\/www.cphmc.com\/da\/wp-json\/wp\/v2\/media?parent=8285"}],"wp:term":[{"taxonomy":"product_brand","embeddable":true,"href":"https:\/\/www.cphmc.com\/da\/wp-json\/wp\/v2\/product_brand?post=8285"},{"taxonomy":"product_cat","embeddable":true,"href":"https:\/\/www.cphmc.com\/da\/wp-json\/wp\/v2\/product_cat?post=8285"},{"taxonomy":"product_tag","embeddable":true,"href":"https:\/\/www.cphmc.com\/da\/wp-json\/wp\/v2\/product_tag?post=8285"},{"taxonomy":"woo-feed-brand","embeddable":true,"href":"https:\/\/www.cphmc.com\/da\/wp-json\/wp\/v2\/woo-feed-brand?post=8285"}],"curies":[{"name":"wp","href":"https:\/\/api.w.org\/{rel}","templated":true}]}}