{"id":8323,"date":"2023-05-11T11:27:45","date_gmt":"2023-05-11T09:27:45","guid":{"rendered":"https:\/\/www.cphmc.com\/?post_type=product&#038;p=8323"},"modified":"2023-05-11T11:27:48","modified_gmt":"2023-05-11T09:27:48","slug":"helite-h-moov-backpack-mechanical","status":"publish","type":"product","link":"https:\/\/www.cphmc.com\/da\/mc-equipment\/bags-backpacks\/backpacks-drybags\/helite-h-moov-backpack-mechanical\/","title":{"rendered":"Helite H-MOOV rygs\u00e6k \u2013 Mekanisk"},"content":{"rendered":"<p>Mobilitet i byer er i dag og i de kommende \u00e5rtier blevet en af de vigtigste udfordringer for alle. Flyt og rejs, ja, men sikkert. V\u00e6lg ikke mellem komfort, nyttev\u00e6rdi og sikkerhed. Helite foresl\u00e5r, at du ikke g\u00e5r p\u00e5 kompromis med den nye H-MOOV rygs\u00e6k airbag, dedikeret til motorcykelk\u00f8rsel.<\/p>\n<p>En enkelt model, der kan tilpasses til enhver ridetype og til et maksimum af morfologier, for optimal beskyttelse.<\/p>\n<p><strong>Funktioner<\/strong><\/p>\n<ul>\n<li>Farve: Sort<\/li>\n<li>M\u00e6nd \/ Kvinder<\/li>\n<li>V\u00e6gt: 2,6 kg<\/li>\n<li>M\u00e5l: 55 x 33 x 20 cm<\/li>\n<li>Kapacitet: 18L til 23L<\/li>\n<li>TURTLE teknologi med SAS-TEC niveau 1 rygbeskytter<\/li>\n<li>Aftagelig rygs\u00e6k<\/li>\n<\/ul>\n<p><strong>CE-certificering og garanti<\/strong><\/p>\n<ul>\n<li>Vores airbags er CE-certificeret af ALIENOR CERTIFICATION. CE-logoet bekr\u00e6fter, at vores produkter overholder kravene i EU-forordningen 2016\/425.<\/li>\n<li>Vores airbags leveres med 2 \u00e5rs garanti (4 \u00e5r hvis du registrerer din airbag inden for 3 m\u00e5neder efter dit k\u00f8b p\u00e5 my.helite.com).<\/li>\n<\/ul>\n<p><strong>Sammens\u00e6tning<\/strong><\/p>\n<ul>\n<li>Vest 100% Polyester<\/li>\n<li>Airbag 100% polyurethan<\/li>\n<\/ul>\n<p><strong>Vedligeholdelse<\/strong><\/p>\n<ul>\n<li>Den eneste m\u00e5de at reng\u00f8re rygs\u00e6kkens airbag er med en bl\u00f8d klud, der er let gennemv\u00e6det med s\u00e6be.<\/li>\n<li>M\u00e5 ikke maskinvaskes, ikke vaskes i h\u00e5nden, m\u00e5 ikke neds\u00e6nkes i vand eller renses.<\/li>\n<li>Brug ikke reng\u00f8ringsmidler eller blegemiddel.<\/li>\n<li>Vi anbefaler, at du t\u00f8rrer dem p\u00e5 en b\u00f8jle et t\u00f8rt sted.<\/li>\n<li>L\u00e6g den ikke i t\u00f8rretumbleren, p\u00e5 en radiator eller i n\u00e6rheden af en varmekilde.<\/li>\n<li>M\u00e5 ikke stryges.<\/li>\n<\/ul>\n<p><strong>Advarsel<\/strong><\/p>\n<ul>\n<li>Uds\u00e6t ikke din airbag for h\u00f8je temperaturer (i n\u00e6rheden af en varmekilde, en flamme, p\u00e5 en radiator osv.).<\/li>\n<li>Efterlad ikke din airbag inden for r\u00e6kkevidde af gnavere eller andre dyr.<\/li>\n<li>Opbevar din airbag p\u00e5 et t\u00f8rt sted v\u00e6k fra fugt.<\/li>\n<li>Lad ikke din airbag v\u00e6re foldet eller sammenrullet i l\u00e6ngere tid. Opbevar det p\u00e5 en b\u00f8jle.<\/li>\n<\/ul>","protected":false},"excerpt":{"rendered":"<p>Mobilitet i byer er i dag og i de kommende \u00e5rtier blevet en af de vigtigste udfordringer for alle. Flyt og rejs, ja, men sikkert. V\u00e6lg ikke mellem komfort, nyttev\u00e6rdi og sikkerhed. Helite foresl\u00e5r, at du ikke g\u00e5r p\u00e5 kompromis med den nye H-MOOV rygs\u00e6k airbag, dedikeret til motorcykelk\u00f8rsel.<\/p>\n<p>En enkelt model, der kan tilpasses til enhver ridetype og til et maksimum af morfologier, for optimal beskyttelse.<\/p>\n<ul>\n<li>M\u00e6nd \/ Kvinder<\/li>\n<li>V\u00e6gt: 2,6 kg<\/li>\n<li>M\u00e5l: 55 x 33 x 20 cm<\/li>\n<li>Kapacitet: 18L til 23L<\/li>\n<li>TURTLE teknologi med SAS-TEC niveau 1 rygbeskytter<\/li>\n<\/ul>","protected":false},"featured_media":8332,"comment_status":"closed","ping_status":"closed","template":"","meta":{"_relevanssi_hide_post":"","_relevanssi_hide_content":"","_relevanssi_pin_for_all":"","_relevanssi_pin_keywords":"","_relevanssi_unpin_keywords":"","_relevanssi_related_keywords":"","_relevanssi_related_include_ids":"","_relevanssi_related_exclude_ids":"","_relevanssi_related_no_append":"","_relevanssi_related_not_related":"","_relevanssi_related_posts":"","_relevanssi_noindex_reason":""},"product_brand":[],"product_cat":[111,105,61,57,55],"product_tag":[234],"woo-feed-brand":[],"class_list":{"0":"post-8323","1":"product","2":"type-product","3":"status-publish","4":"has-post-thumbnail","6":"product_cat-backpacks-drybags","7":"product_cat-bag-protection","8":"product_cat-bags-backpacks","9":"product_cat-mc-equipment","10":"product_cat-safety-equipment","11":"product_tag-airbag","13":"first","14":"instock","15":"taxable","16":"shipping-taxable","17":"purchasable","18":"product-type-simple"},"_links":{"self":[{"href":"https:\/\/www.cphmc.com\/da\/wp-json\/wp\/v2\/product\/8323","targetHints":{"allow":["GET"]}}],"collection":[{"href":"https:\/\/www.cphmc.com\/da\/wp-json\/wp\/v2\/product"}],"about":[{"href":"https:\/\/www.cphmc.com\/da\/wp-json\/wp\/v2\/types\/product"}],"replies":[{"embeddable":true,"href":"https:\/\/www.cphmc.com\/da\/wp-json\/wp\/v2\/comments?post=8323"}],"wp:featuredmedia":[{"embeddable":true,"href":"https:\/\/www.cphmc.com\/da\/wp-json\/wp\/v2\/media\/8332"}],"wp:attachment":[{"href":"https:\/\/www.cphmc.com\/da\/wp-json\/wp\/v2\/media?parent=8323"}],"wp:term":[{"taxonomy":"product_brand","embeddable":true,"href":"https:\/\/www.cphmc.com\/da\/wp-json\/wp\/v2\/product_brand?post=8323"},{"taxonomy":"product_cat","embeddable":true,"href":"https:\/\/www.cphmc.com\/da\/wp-json\/wp\/v2\/product_cat?post=8323"},{"taxonomy":"product_tag","embeddable":true,"href":"https:\/\/www.cphmc.com\/da\/wp-json\/wp\/v2\/product_tag?post=8323"},{"taxonomy":"woo-feed-brand","embeddable":true,"href":"https:\/\/www.cphmc.com\/da\/wp-json\/wp\/v2\/woo-feed-brand?post=8323"}],"curies":[{"name":"wp","href":"https:\/\/api.w.org\/{rel}","templated":true}]}}