{"id":8338,"date":"2023-05-12T11:31:11","date_gmt":"2023-05-12T09:31:11","guid":{"rendered":"https:\/\/www.cphmc.com\/?post_type=product&#038;p=8338"},"modified":"2024-03-02T17:30:12","modified_gmt":"2024-03-02T16:30:12","slug":"rst-xkevlar-single-layer-reinforced-jeans-36","status":"publish","type":"product","link":"https:\/\/www.cphmc.com\/da\/sale\/rst-xkevlar-single-layer-reinforced-jeans-36\/","title":{"rendered":"RST xKevlar enkeltlags forst\u00e6rkede jeans \u2013 36"},"content":{"rendered":"<p>&quot;Bygget med Kevlar\u2122- Denne jean henter inspiration fra modeindustrien og bruger innovative teknikker til at tilbyde et stilfuldt t\u00f8j, som har overlegen beskyttelse, der matcher.<\/p>\n<p>Dette er en 5-lommers jean i western-stil og har traditionelle funktioner s\u00e5som en m\u00f8ntlomme, gylp foran, kontrasts\u00f8msdetaljer og en knurh\u00e5r-designdetalje til det forreste ben p\u00e5 tv\u00e6rs af gaflerne. Derudover tilbyder det tilspidsede ben en kontureret pasform.<\/p>\n<p>Det, der adskiller denne jean, er dens konstruktion; denim og DuPont\u2122 Kevlar\u00ae er forv\u00e6vet sammen for at skabe en enkeltlags denim med h\u00f8je beskyttende egenskaber, der forbliver let og bl\u00f8d, ligesom en almindelig jean.<\/p>\n<p>CE vurderet til niveau AA, yderligere beskyttelse tilbydes ogs\u00e5 af CE niveau 1 kn\u00e6- og hoftepanser.<\/p>\n<p>P\u00e5 indersiden af jeanen sidder det nye RST Infinite Adjustment Armor System. Udviklet til at forbedre pasformen af kn\u00e6panser til forskellige benformer og -st\u00f8rrelser, sidder CE Level 1 rustningen i en bomuldspose, som sikkert kan fastg\u00f8res i kn\u00e6panserlommen i fuld l\u00e6ngde med krog og l\u00f8kke. Dette betyder, at kn\u00e6rustningen sidder pr\u00e6cis, hvor den er n\u00f8dvendig \u2013 p\u00e5 kn\u00e6et, hvilket hj\u00e6lper med komfortniveauet og vigtigst af alt, forbedrer rustningens beskyttende egenskaber. Der er printet en lineal p\u00e5 indersiden af jeanen for at sikre en hurtig og pr\u00e6cis tilpasningsproces.<\/p>\n<p>Dette er en n\u00e6ste generation af tekstiljeans, designet til at tilbyde komfort og beskyttelse. \u201d<\/p>\n<p><strong>Rustning<\/strong><\/p>\n<ul>\n<li>Kn\u00e6rustning: CE niveau 1<\/li>\n<li>Hofterustning: CE niveau 1<\/li>\n<\/ul>\n<p><strong>Konstruktion<\/strong><\/p>\n<ul>\n<li>Hovedydre materiale: Enkeltlags denim &amp; DuPont\u2122 Kevlar\u00ae Fiber<\/li>\n<li>Indvendig foring: Bomuld Front Ben Foring<\/li>\n<li>Lynl\u00e5se: RST lynl\u00e5se<\/li>\n<\/ul>\n<p><strong>Egenskaber og fordele<\/strong><\/p>\n<ul>\n<li>Yderlommer: 5<\/li>\n<li>Infinite Adjust Armor System: Ja<\/li>\n<li>RST-m\u00e6rket rygtaljem\u00e6rkat: Ja<\/li>\n<li>B\u00e6ltel\u00f8kker: Ja<\/li>\n<li>Kontrasts\u00f8msdetaljer: Ja<\/li>\n<li>Tilpas profil: Urban<\/li>\n<\/ul>","protected":false},"excerpt":{"rendered":"<p>&quot;Bygget med Kevlar\u2122. Dette er en n\u00e6ste generation af tekstiljeans, designet til at tilbyde komfort og beskyttelse.<\/p>\n<ul>\n<li>Kn\u00e6rustning: CE niveau 1<\/li>\n<li>Hofterustning: CE niveau 1<\/li>\n<li>Hovedydre materiale: Enkeltlags denim &amp; DuPont\u2122 Kevlar\u00ae Fiber<\/li>\n<li>Indvendig foring: Bomuld Front Ben Foring<\/li>\n<li>Yderlommer: 5<\/li>\n<\/ul>","protected":false},"featured_media":8090,"comment_status":"closed","ping_status":"closed","template":"","meta":{"_relevanssi_hide_post":"","_relevanssi_hide_content":"","_relevanssi_pin_for_all":"","_relevanssi_pin_keywords":"","_relevanssi_unpin_keywords":"","_relevanssi_related_keywords":"","_relevanssi_related_include_ids":"","_relevanssi_related_exclude_ids":"","_relevanssi_related_no_append":"","_relevanssi_related_not_related":"","_relevanssi_related_posts":"","_relevanssi_noindex_reason":""},"product_brand":[],"product_cat":[317],"product_tag":[],"woo-feed-brand":[],"class_list":{"0":"post-8338","1":"product","2":"type-product","3":"status-publish","4":"has-post-thumbnail","6":"product_cat-sale","8":"first","9":"outofstock","10":"sale","11":"taxable","12":"shipping-taxable","13":"purchasable","14":"product-type-variable"},"_links":{"self":[{"href":"https:\/\/www.cphmc.com\/da\/wp-json\/wp\/v2\/product\/8338","targetHints":{"allow":["GET"]}}],"collection":[{"href":"https:\/\/www.cphmc.com\/da\/wp-json\/wp\/v2\/product"}],"about":[{"href":"https:\/\/www.cphmc.com\/da\/wp-json\/wp\/v2\/types\/product"}],"replies":[{"embeddable":true,"href":"https:\/\/www.cphmc.com\/da\/wp-json\/wp\/v2\/comments?post=8338"}],"wp:featuredmedia":[{"embeddable":true,"href":"https:\/\/www.cphmc.com\/da\/wp-json\/wp\/v2\/media\/8090"}],"wp:attachment":[{"href":"https:\/\/www.cphmc.com\/da\/wp-json\/wp\/v2\/media?parent=8338"}],"wp:term":[{"taxonomy":"product_brand","embeddable":true,"href":"https:\/\/www.cphmc.com\/da\/wp-json\/wp\/v2\/product_brand?post=8338"},{"taxonomy":"product_cat","embeddable":true,"href":"https:\/\/www.cphmc.com\/da\/wp-json\/wp\/v2\/product_cat?post=8338"},{"taxonomy":"product_tag","embeddable":true,"href":"https:\/\/www.cphmc.com\/da\/wp-json\/wp\/v2\/product_tag?post=8338"},{"taxonomy":"woo-feed-brand","embeddable":true,"href":"https:\/\/www.cphmc.com\/da\/wp-json\/wp\/v2\/woo-feed-brand?post=8338"}],"curies":[{"name":"wp","href":"https:\/\/api.w.org\/{rel}","templated":true}]}}