{"id":8403,"date":"2023-05-15T18:27:58","date_gmt":"2023-05-15T16:27:58","guid":{"rendered":"https:\/\/www.cphmc.com\/?post_type=product&#038;p=8403"},"modified":"2026-02-10T17:24:44","modified_gmt":"2026-02-10T16:24:44","slug":"breezytouch-lightweight-leggings-black","status":"publish","type":"product","link":"https:\/\/www.cphmc.com\/da\/mc-clothing\/underwear\/breezytouch-lightweight-leggings-black\/","title":{"rendered":"BreezyTouch lette leggings \u2013 Sort"},"content":{"rendered":"<p><strong>Leggings BreezyTouch<\/strong><\/p>\n<p>Med disse lette leggings er det ikke n\u00f8dvendigt at opgive termoreguleringen og fugttransporterende egenskaber i vores BreezyTouch Carbon Underwear\u00ae stof, selv p\u00e5 s\u00e6rligt varme dage. Ligesom en anden hud giver den atleten mulighed for at bevare den rigtige kropstemperatur ved at tage sved (og varme med den) til ydersiden uden at absorbere den. Resultatet er en behagelig f\u00f8lelse af t\u00f8rhed og friskhed p\u00e5 huden.<\/p>\n<p><strong>BREEZYTOUCH CARBON UNDERT\u00d8J<\/strong><\/p>\n<p>Designet til ydeevne ved h\u00f8je temperaturer, den fornyede UNDERWEAR LIGHT-linje bliver BT: BreezyTouch, som det strejf af friskhed, du f\u00f8ler, n\u00e5r du har det p\u00e5.a<\/p>\n<p>Det er faktisk lavet med det letteste stof, der nogensinde er pr\u00f8vet i et SIXS-produkt: 40% + lettere end 4 Seasons Underwear-stoffet og 27% fra den tidligere Light-linje for at tilbyde endnu h\u00f8jere \u00e5ndbarhed.<\/p>\n<p><strong>UTROLIG LETT<\/strong><\/p>\n<p>Produkterne i SIXS Underwear Light-serien er velegnede til alle sportsgrene, der udf\u00f8res under h\u00f8je temperaturer. B\u00e6res i direkte kontakt med huden og under normalt sportst\u00f8j, holder disse bekl\u00e6dningsgenstande huden altid t\u00f8r, fordi de fjerner fugt og den deraf f\u00f8lgende f\u00f8lelse af fugt. Nu takket v\u00e6re Underwear Light-linjen vil undert\u00f8j ikke l\u00e6ngere v\u00e6re valgfrit, selv p\u00e5 fugtige dage. Ved at undg\u00e5 pludselige kuldegysninger (p\u00e5 grund af sved eller fugtigt stof i kontakt med huden), vil komfort altid v\u00e6re garanteret, samtidig med at muskelskader reduceres betydeligt.<\/p>\n<p><strong>Vaskeanvisning<\/strong><\/p>\n<p>H\u00e5ndvask eller maskinvask med sarte programmer ved en maksimal temperatur p\u00e5 40\u00b0C.<br \/>\nM\u00e5 ikke bleges.<br \/>\nIkke t\u00f8rretumbles.<br \/>\nStryg ikke, undg\u00e5 at rive eller tvinge stoffet \u2013 is\u00e6r n\u00e5r produktet er v\u00e5dt.<\/p>\n<p>SIXS anbefaler brug af reng\u00f8ringsmidler ResolvWear<\/p>","protected":false},"excerpt":{"rendered":"<p>BreezyTouch Carbon Underwear\u00ae giver en behagelig f\u00f8lelse af t\u00f8rhed og friskhed p\u00e5 huden, selv p\u00e5 s\u00e6rligt varme dage. Ligesom en anden hud giver den atleten mulighed for at bevare den rigtige kropstemperatur ved at tage sved (og varme med den) til ydersiden uden at absorbere den.<\/p>\n<ul>\n<li>Velegnet til alle sportsgrene, der dyrkes under h\u00f8je temperaturforhold<\/li>\n<li>Skal b\u00e6res direkte i kontakt med huden under normalt sportst\u00f8j<\/li>\n<li>Maksimal svedkontrol, holder huden t\u00f8r hele tiden, modvirker dannelsen af ubehagelige lugte<\/li>\n<li>Opretholder korrekt kropstemperaturregulering<\/li>\n<\/ul>\n<p><strong>NB: Lille i st\u00f8rrelsen. V\u00e6lg 1 st\u00f8rrelse op<\/strong><\/p>","protected":false},"featured_media":8405,"comment_status":"closed","ping_status":"closed","template":"","meta":{"_relevanssi_hide_post":"","_relevanssi_hide_content":"","_relevanssi_pin_for_all":"","_relevanssi_pin_keywords":"","_relevanssi_unpin_keywords":"","_relevanssi_related_keywords":"","_relevanssi_related_include_ids":"","_relevanssi_related_exclude_ids":"","_relevanssi_related_no_append":"","_relevanssi_related_not_related":"","_relevanssi_related_posts":"","_relevanssi_noindex_reason":""},"product_brand":[],"product_cat":[59,56,15],"product_tag":[326,331],"woo-feed-brand":[],"class_list":{"0":"post-8403","1":"product","2":"type-product","3":"status-publish","4":"has-post-thumbnail","6":"product_cat-underwear","7":"product_cat-mc-clothing","8":"product_cat-news","9":"product_tag-sixs","10":"product_tag-sixs-motorcycling","12":"first","13":"instock","14":"taxable","15":"shipping-taxable","16":"purchasable","17":"product-type-variable"},"_links":{"self":[{"href":"https:\/\/www.cphmc.com\/da\/wp-json\/wp\/v2\/product\/8403","targetHints":{"allow":["GET"]}}],"collection":[{"href":"https:\/\/www.cphmc.com\/da\/wp-json\/wp\/v2\/product"}],"about":[{"href":"https:\/\/www.cphmc.com\/da\/wp-json\/wp\/v2\/types\/product"}],"replies":[{"embeddable":true,"href":"https:\/\/www.cphmc.com\/da\/wp-json\/wp\/v2\/comments?post=8403"}],"wp:featuredmedia":[{"embeddable":true,"href":"https:\/\/www.cphmc.com\/da\/wp-json\/wp\/v2\/media\/8405"}],"wp:attachment":[{"href":"https:\/\/www.cphmc.com\/da\/wp-json\/wp\/v2\/media?parent=8403"}],"wp:term":[{"taxonomy":"product_brand","embeddable":true,"href":"https:\/\/www.cphmc.com\/da\/wp-json\/wp\/v2\/product_brand?post=8403"},{"taxonomy":"product_cat","embeddable":true,"href":"https:\/\/www.cphmc.com\/da\/wp-json\/wp\/v2\/product_cat?post=8403"},{"taxonomy":"product_tag","embeddable":true,"href":"https:\/\/www.cphmc.com\/da\/wp-json\/wp\/v2\/product_tag?post=8403"},{"taxonomy":"woo-feed-brand","embeddable":true,"href":"https:\/\/www.cphmc.com\/da\/wp-json\/wp\/v2\/woo-feed-brand?post=8403"}],"curies":[{"name":"wp","href":"https:\/\/api.w.org\/{rel}","templated":true}]}}