{"id":8689,"date":"2023-06-02T11:30:38","date_gmt":"2023-06-02T09:30:38","guid":{"rendered":"https:\/\/www.cphmc.com\/?post_type=product&#038;p=8689"},"modified":"2026-02-10T17:24:55","modified_gmt":"2026-02-10T16:24:55","slug":"helite-co2-cartridge-electronic","status":"publish","type":"product","link":"https:\/\/www.cphmc.com\/da\/mc-clothing\/safety-equipment\/airbag-jackets-vests\/helite-co2-cartridge-electronic\/","title":{"rendered":"Helite CO2-patron \u2013 Elektronisk"},"content":{"rendered":"<p>Motorcyklens CO2 GG-patron er designet til airbags med et elektronisk system. Udstyret med et elektronisk kabel findes den i 2 st\u00f8rrelser: GG 60CC og GG 100CC (afh\u00e6ngig af st\u00f8rrelsen p\u00e5 airbaggen).<\/p>\n<p>Dette giver mulighed for at opn\u00e5 en effektiv beskyttelse i forhold til den volumen, der skal pustes op i airbaggen.<\/p>\n<p>CO2 GG-patronen kan nemt udskiftes. Enkel at bruge, du kan selv istands\u00e6tte systemet p\u00e5 f\u00e5 minutter uden indgriben fra os. I tilf\u00e6lde af fald skal den tomme patron udskiftes med en ny af samme m\u00e6rke og kapacitet. St\u00f8rrelsen p\u00e5 patronen er proportional med st\u00f8rrelsen af airbaggen.<\/p>\n<p>Se st\u00f8rrelsestabellen for den korrekte patronst\u00f8rrelse.<\/p>","protected":false},"excerpt":{"rendered":"<p>Motorcyklens CO2 GG-patron er designet til airbags med et elektronisk system. Udstyret med et elektronisk kabel findes det i 2 st\u00f8rrelser: GG 60CC og GG 100CC.<\/p>\n<p>CO2 GG-patronen kan nemt udskiftes. Enkel at bruge, du kan selv istands\u00e6tte systemet p\u00e5 f\u00e5 minutter uden indgriben fra os.<\/p>","protected":false},"featured_media":8693,"comment_status":"closed","ping_status":"closed","template":"","meta":{"_relevanssi_hide_post":"","_relevanssi_hide_content":"","_relevanssi_pin_for_all":"","_relevanssi_pin_keywords":"","_relevanssi_unpin_keywords":"","_relevanssi_related_keywords":"","_relevanssi_related_include_ids":"","_relevanssi_related_exclude_ids":"","_relevanssi_related_no_append":"","_relevanssi_related_not_related":"","_relevanssi_related_posts":"","_relevanssi_noindex_reason":""},"product_brand":[],"product_cat":[102,56,55],"product_tag":[234],"woo-feed-brand":[],"class_list":{"0":"post-8689","1":"product","2":"type-product","3":"status-publish","4":"has-post-thumbnail","6":"product_cat-airbag-jackets-vests","7":"product_cat-mc-clothing","8":"product_cat-safety-equipment","9":"product_tag-airbag","11":"first","12":"instock","13":"taxable","14":"shipping-taxable","15":"purchasable","16":"product-type-variable"},"_links":{"self":[{"href":"https:\/\/www.cphmc.com\/da\/wp-json\/wp\/v2\/product\/8689","targetHints":{"allow":["GET"]}}],"collection":[{"href":"https:\/\/www.cphmc.com\/da\/wp-json\/wp\/v2\/product"}],"about":[{"href":"https:\/\/www.cphmc.com\/da\/wp-json\/wp\/v2\/types\/product"}],"replies":[{"embeddable":true,"href":"https:\/\/www.cphmc.com\/da\/wp-json\/wp\/v2\/comments?post=8689"}],"wp:featuredmedia":[{"embeddable":true,"href":"https:\/\/www.cphmc.com\/da\/wp-json\/wp\/v2\/media\/8693"}],"wp:attachment":[{"href":"https:\/\/www.cphmc.com\/da\/wp-json\/wp\/v2\/media?parent=8689"}],"wp:term":[{"taxonomy":"product_brand","embeddable":true,"href":"https:\/\/www.cphmc.com\/da\/wp-json\/wp\/v2\/product_brand?post=8689"},{"taxonomy":"product_cat","embeddable":true,"href":"https:\/\/www.cphmc.com\/da\/wp-json\/wp\/v2\/product_cat?post=8689"},{"taxonomy":"product_tag","embeddable":true,"href":"https:\/\/www.cphmc.com\/da\/wp-json\/wp\/v2\/product_tag?post=8689"},{"taxonomy":"woo-feed-brand","embeddable":true,"href":"https:\/\/www.cphmc.com\/da\/wp-json\/wp\/v2\/woo-feed-brand?post=8689"}],"curies":[{"name":"wp","href":"https:\/\/api.w.org\/{rel}","templated":true}]}}