{"id":8702,"date":"2023-06-15T08:52:31","date_gmt":"2023-06-15T06:52:31","guid":{"rendered":"https:\/\/www.cphmc.com\/?post_type=product&#038;p=8702"},"modified":"2023-06-15T09:11:02","modified_gmt":"2023-06-15T07:11:02","slug":"radon-drystar","status":"publish","type":"product","link":"https:\/\/www.cphmc.com\/da\/mc-clothing\/boots\/urban-boots\/radon-drystar\/","title":{"rendered":"Radon Drystar"},"content":{"rendered":"<ul>\n<li>Hovedoverdelen er lavet af avancerede mikrofibre for holdbarhed og langvarig komfort<\/li>\n<li>Inkorporerer ergonomisk t\u00e5bokskonstruktion for forbedret kompatibilitet med motorcykelkontrollerne og en overlegen, bred fodprofil for overlegen pasform og komfort<\/li>\n<li>Indvendig h\u00e6lt\u00e6ller og t\u00e5boks for \u00f8get strukturel stivhed<\/li>\n<li>TPU skinnebensplade og skiftepude giver st\u00f8tte og modstand mod st\u00f8d<\/li>\n<li>TPR-design p\u00e5 lateral t\u00e5 giver mere fleksibilitet og modstand mod slid<\/li>\n<li>Drystar\u00ae membranlag mellem st\u00f8vlens over- og inderfor<\/li>\n<li>Tre justerbare laterale krog-og-l\u00f8kke-stropper til sikker st\u00f8vlelukning og en personlig pasform<\/li>\n<li>Remmene har TPU-tr\u00e6kspidser for brugervenlighed og holdbarhed<\/li>\n<li>Indvendig t\u00e5boks og h\u00e6lbeskyttelse lagt under st\u00f8vlens overdel for holdbarhed, forbedret f\u00f8lelse og ydeevne<\/li>\n<li>Komfortabel og holdbar teknisk tekstilkravefor<\/li>\n<li>Dual-density ankelbeskyttere er forsynet med indvendig skumpolstring for beskyttelse p\u00e5 begge ankelsider<\/li>\n<li>H\u00f8jmodul mellems\u00e5l f\u00f8lger fodens form og inkorporerer en struktureret skaftforst\u00e6rkning<\/li>\n<li>Innovativ, v\u00e6gtbesparende lamineret teknologi er brugt p\u00e5 skinnebenspladen for en let, men st\u00e6rk beskyttelse mod st\u00f8d<\/li>\n<li>Aftagelig anatomisk fodseng har EVA-skum og tekstilkonstruktion for komfort og st\u00f8tte<\/li>\n<li>Refleksindsatser bagp\u00e5 og p\u00e5 siden for forbedret synlighed<\/li>\n<li>Vulkaniseret sammensat st\u00f8vles\u00e5l<\/li>\n<\/ul>","protected":false},"excerpt":{"rendered":"<p>Alpinestars Radon Drystar er en urban vandt\u00e6t st\u00f8vle til korte s\u00e5vel som lange ture.<\/p>\n<ul>\n<li>Hovedoverdelen er lavet af avancerede mikrofibre for holdbarhed og langvarig komfort<\/li>\n<li>Ergonomisk t\u00e5bokskonstruktion<\/li>\n<li>TPU skinnebensplade og skiftepude<\/li>\n<li>Drystar\u00ae membran<\/li>\n<li>Tre justerbare laterale krog-og-l\u00f8kke stropper<\/li>\n<\/ul>","protected":false},"featured_media":8725,"comment_status":"closed","ping_status":"closed","template":"","meta":{"_relevanssi_hide_post":"","_relevanssi_hide_content":"","_relevanssi_pin_for_all":"","_relevanssi_pin_keywords":"","_relevanssi_unpin_keywords":"","_relevanssi_related_keywords":"","_relevanssi_related_include_ids":"","_relevanssi_related_exclude_ids":"","_relevanssi_related_no_append":"","_relevanssi_related_not_related":"","_relevanssi_related_posts":"","_relevanssi_noindex_reason":""},"product_brand":[],"product_cat":[86,51,56],"product_tag":[],"woo-feed-brand":[],"class_list":{"0":"post-8702","1":"product","2":"type-product","3":"status-publish","4":"has-post-thumbnail","6":"product_cat-urban-boots","7":"product_cat-boots","8":"product_cat-mc-clothing","10":"first","11":"instock","12":"taxable","13":"shipping-taxable","14":"purchasable","15":"product-type-variable"},"_links":{"self":[{"href":"https:\/\/www.cphmc.com\/da\/wp-json\/wp\/v2\/product\/8702","targetHints":{"allow":["GET"]}}],"collection":[{"href":"https:\/\/www.cphmc.com\/da\/wp-json\/wp\/v2\/product"}],"about":[{"href":"https:\/\/www.cphmc.com\/da\/wp-json\/wp\/v2\/types\/product"}],"replies":[{"embeddable":true,"href":"https:\/\/www.cphmc.com\/da\/wp-json\/wp\/v2\/comments?post=8702"}],"wp:featuredmedia":[{"embeddable":true,"href":"https:\/\/www.cphmc.com\/da\/wp-json\/wp\/v2\/media\/8725"}],"wp:attachment":[{"href":"https:\/\/www.cphmc.com\/da\/wp-json\/wp\/v2\/media?parent=8702"}],"wp:term":[{"taxonomy":"product_brand","embeddable":true,"href":"https:\/\/www.cphmc.com\/da\/wp-json\/wp\/v2\/product_brand?post=8702"},{"taxonomy":"product_cat","embeddable":true,"href":"https:\/\/www.cphmc.com\/da\/wp-json\/wp\/v2\/product_cat?post=8702"},{"taxonomy":"product_tag","embeddable":true,"href":"https:\/\/www.cphmc.com\/da\/wp-json\/wp\/v2\/product_tag?post=8702"},{"taxonomy":"woo-feed-brand","embeddable":true,"href":"https:\/\/www.cphmc.com\/da\/wp-json\/wp\/v2\/woo-feed-brand?post=8702"}],"curies":[{"name":"wp","href":"https:\/\/api.w.org\/{rel}","templated":true}]}}