{"id":8744,"date":"2023-06-15T09:26:33","date_gmt":"2023-06-15T07:26:33","guid":{"rendered":"https:\/\/www.cphmc.com\/?post_type=product&#038;p=8744"},"modified":"2025-05-27T12:16:41","modified_gmt":"2025-05-27T10:16:41","slug":"origin-drystar-touring-boots","status":"publish","type":"product","link":"https:\/\/www.cphmc.com\/da\/mc-clothing\/boots\/touring-boots\/origin-drystar-touring-boots\/","title":{"rendered":"Origin Drystar Touring Boots"},"content":{"rendered":"<ul>\n<li>Overdel konstrueret af innovativt, slidbestandigt mikrofiber for h\u00f8je niveauer af holdbarhed, komfort og v\u00e6gtbesparelse.<\/li>\n<li>Holdbar mikrofiber foran harmonika flex zone med et udvidet flex omr\u00e5de p\u00e5 bagsiden for forbedret Achilles-kalv d\u00e6kning.<\/li>\n<li>Ny st\u00f8vleform giver st\u00f8rre komfort og inkorporerer ergonomisk t\u00e5bokskonstruktion for forbedret kompatibilitet med cyklens kontrol. Indvendig h\u00e6lt\u00e6ller og t\u00e5boks giver st\u00f8vle<\/li>\n<li>\u00f8get strukturel integritet.<\/li>\n<li>Det mediale \u00e5bnings-\/lukkesystem for indgang fra siden har elastisk monteret lynl\u00e5s med bred krog- og l\u00f8kkelukning for fleksibilitet og sikker pasform.<\/li>\n<li>Bl\u00e6nde\u00e5bningen er stor for at fremme lettere adgang.<\/li>\n<li>Ny syntetisk skiftepude for en afbalanceret beskyttelse og greb.<\/li>\n<li>Drystar\u00ae membranlag mellem overdel og foring for dokumenteret ydeevne i vanskelige vejrforhold.<\/li>\n<li>Dobbelt densitet ankelbeskytter p\u00e5 medial og lateral side er lagdelt under overdelen og giver beskyttende ydeevne i n\u00f8gleomr\u00e5det.<\/li>\n<li>Indvendig t\u00e5boksbeskytter er lagt under overdelen for at kombinere komfort og beskyttelse.<\/li>\n<li>Aftagelig anatomisk EVA-fodseng med lycra-for p\u00e5 toppen.<\/li>\n<li>Eksklusiv gummiblanding for den optimale kombination af komfort og greb.<\/li>\n<\/ul>","protected":false},"excerpt":{"rendered":"<p>Alpinestars Origin Drystar Touring Boots er et godt valg p\u00e5 startniveau til de lange ture. De vil holde dine f\u00f8dder t\u00f8rre og komfortable under dine turture.<\/p>\n<ul>\n<li>Overdel konstrueret af innovativt, slidst\u00e6rkt mikrofiber.<\/li>\n<li>Holdbar mikrofiber foran harmonika flex zone.<\/li>\n<li>Ny st\u00f8vleform giver st\u00f8rre komfort.<\/li>\n<li>Indvendig h\u00e6lt\u00e6ller og t\u00e5boks.<\/li>\n<li>Medial sideindgangs\u00e5bning\/lukningssystem med lynl\u00e5s og l\u00f8kkelukning.<\/li>\n<\/ul>","protected":false},"featured_media":8764,"comment_status":"closed","ping_status":"closed","template":"","meta":{"_relevanssi_hide_post":"","_relevanssi_hide_content":"","_relevanssi_pin_for_all":"","_relevanssi_pin_keywords":"","_relevanssi_unpin_keywords":"","_relevanssi_related_keywords":"","_relevanssi_related_include_ids":"","_relevanssi_related_exclude_ids":"","_relevanssi_related_no_append":"","_relevanssi_related_not_related":"","_relevanssi_related_posts":"","_relevanssi_noindex_reason":""},"product_brand":[],"product_cat":[87,51,56],"product_tag":[],"woo-feed-brand":[],"class_list":{"0":"post-8744","1":"product","2":"type-product","3":"status-publish","4":"has-post-thumbnail","6":"product_cat-touring-boots","7":"product_cat-boots","8":"product_cat-mc-clothing","10":"first","11":"instock","12":"taxable","13":"shipping-taxable","14":"purchasable","15":"product-type-variable"},"_links":{"self":[{"href":"https:\/\/www.cphmc.com\/da\/wp-json\/wp\/v2\/product\/8744","targetHints":{"allow":["GET"]}}],"collection":[{"href":"https:\/\/www.cphmc.com\/da\/wp-json\/wp\/v2\/product"}],"about":[{"href":"https:\/\/www.cphmc.com\/da\/wp-json\/wp\/v2\/types\/product"}],"replies":[{"embeddable":true,"href":"https:\/\/www.cphmc.com\/da\/wp-json\/wp\/v2\/comments?post=8744"}],"wp:featuredmedia":[{"embeddable":true,"href":"https:\/\/www.cphmc.com\/da\/wp-json\/wp\/v2\/media\/8764"}],"wp:attachment":[{"href":"https:\/\/www.cphmc.com\/da\/wp-json\/wp\/v2\/media?parent=8744"}],"wp:term":[{"taxonomy":"product_brand","embeddable":true,"href":"https:\/\/www.cphmc.com\/da\/wp-json\/wp\/v2\/product_brand?post=8744"},{"taxonomy":"product_cat","embeddable":true,"href":"https:\/\/www.cphmc.com\/da\/wp-json\/wp\/v2\/product_cat?post=8744"},{"taxonomy":"product_tag","embeddable":true,"href":"https:\/\/www.cphmc.com\/da\/wp-json\/wp\/v2\/product_tag?post=8744"},{"taxonomy":"woo-feed-brand","embeddable":true,"href":"https:\/\/www.cphmc.com\/da\/wp-json\/wp\/v2\/woo-feed-brand?post=8744"}],"curies":[{"name":"wp","href":"https:\/\/api.w.org\/{rel}","templated":true}]}}