{"id":8770,"date":"2023-06-15T10:12:01","date_gmt":"2023-06-15T08:12:01","guid":{"rendered":"https:\/\/www.cphmc.com\/?post_type=product&#038;p=8770"},"modified":"2025-05-27T12:16:41","modified_gmt":"2025-05-27T10:16:41","slug":"smx-1r-v2-boots","status":"publish","type":"product","link":"https:\/\/www.cphmc.com\/da\/mc-clothing\/boots\/urban-boots\/smx-1r-v2-boots\/","title":{"rendered":"SMX-1R V2 st\u00f8vler"},"content":{"rendered":"<ul>\n<li>SM-1 R v2 Vented Riding Shoe er en klassef\u00f8rende ridest\u00f8vle med lav udsk\u00e6ring og inkorporerer en r\u00e6kke tekniske innovationer for forbedrede niveauer af komfort, pasform og holdbarhed. Konstrueret af en let og slidst\u00e6rk mikrofiberoverdel med omfattende perforeringer for maksimal luftgennemstr\u00f8mning og \u00e5ndbarhed, er skoen ogs\u00e5 udstyret med strategisk placerede TPU-beskyttere for slidstyrke i et n\u00f8gleomr\u00e5de. SMX-1 R v2 Vented Riding Shoe har ogs\u00e5 en gummiblandingss\u00e5l med overlegen grebsm\u00f8nster for fremragende greb b\u00e5de p\u00e5 og uden for cyklen, mens harmonika-flexzonerne giver st\u00f8tte og kontrol uanset din k\u00f8restilling.<\/li>\n<li>Bageste flexb\u00e6lg er udstyret med et flexvindue, der ogs\u00e5 fungerer som luftindtag for effektiv ventilation og luftgennemstr\u00f8mning<\/li>\n<li>Innovativt h\u00e6ldiskst\u00f8ttesystem, der fungerer sammen med en stroplukning for at tilbyde forbedret pasform og st\u00f8tte samt strukturel integritet<\/li>\n<li>Bagsiden af h\u00e6lt\u00e6lleren er designet med bl\u00f8d TPR-indsats, som arbejder problemfrit med den bagerste flexzone for at tillade forbedret ankelbev\u00e6gelsesfrihed og komfort p\u00e5 cyklens kontrolelementer<\/li>\n<li>Ny ergonomisk TPU skiftepude for \u00f8get holdbarhed i et kritisk omr\u00e5de<\/li>\n<li>Ergonomisk st\u00f8vleformning for str\u00f8mlining af forfoden, som tilbyder en bred fodprofilpasform og komfort.<\/li>\n<li>Den udviklede lukkerem er anatomisk vinklet for at f\u00f8lge rytterens naturlige vrist<\/li>\n<li>Instep og Achilles&#039; harmonika-flexzoner er konstrueret af letv\u00e6gts mikrofiber for optimerede niveauer af holdbarhed, komfort og man\u00f8vredygtighed p\u00e5 og af cyklen<\/li>\n<li>Front Velcro\u00ae-lukningssystem giver en hurtig og sikker pasform over vristen, mens den tillader fremragende fleksibilitetsniveauer<\/li>\n<li>Alpinestars eksklusive sammensatte gummis\u00e5l med grebsm\u00f8nster for at fremme forbedret f\u00f8lelse og greb vandspredning og holdbarhed<\/li>\n<li>Remmen har TPR-tr\u00e6kker for nem brug<\/li>\n<li>S\u00e5len har integreret Alpinestars TPF (Transversal Protection Frame) for at beskytte mod mulige tv\u00e6rg\u00e5ende belastninger<\/li>\n<li>Aramidiske fibertr\u00e5de sikrer, at det nye remlukningssystem er holdbart, tyndt og let<\/li>\n<li>Integreret, udskiftelig bi-injiceret<\/li>\n<li>Termosvejsede flexriller til at kontrollere skoens b\u00f8jning og fleksibilitet; vrist, medial og ryg<\/li>\n<li>Dobbelt densitet ankelbeskytter p\u00e5 begge sider lagdelt under overdelen giver beskyttende ydeevne og slidstyrke i n\u00f8gleomr\u00e5det<\/li>\n<li>Omvendt lynl\u00e5s lukning sikrer bekvem ind og ud<\/li>\n<li>Ekstern TPU-h\u00e6lt\u00e6ller med h\u00f8j modul, lateral ankel og skiftepude for forbedret st\u00f8dbeskyttelse og holdbarhed.<\/li>\n<li>TPU-forfodsskyderen har et nyt, let skruefastg\u00f8relseskoncept for hurtigere og nemmere udskiftning<\/li>\n<li>Aftagelig anatomisk fodseng inkluderer EVA-skum og Lycra\u00ae for komfort og st\u00f8tte<\/li>\n<li>Indvendig t\u00e5boksbeskyttelse er lagt under overdelen for holdbarhed, forbedret f\u00f8lelse og ydeevne<\/li>\n<\/ul>","protected":false},"excerpt":{"rendered":"<p>Alpinestars SMX-1R V2-st\u00f8vler er en klassef\u00f8rende ridest\u00f8vle med lavt sk\u00e6r, SM-1 R v2 Vented Riding Shoe inkorporerer en r\u00e6kke tekniske innovationer for forbedrede niveauer af komfort, pasform og holdbarhed.<\/p>\n<ul>\n<li>Bageste flexb\u00e6lg med flexvindue<\/li>\n<li>H\u00e6lt\u00e6llerst\u00f8ttesystem til strukturel integritet<\/li>\n<li>TPU skiftepude<\/li>\n<li>Lukkestrop er anatomisk vinklet for at f\u00f8lge rytterens naturlige vrist<\/li>\n<li>Omvendt lynl\u00e5s lukning<\/li>\n<li>Aftagelig anatomisk fodseng inkluderer EVA-skum og Lycra\u00ae<\/li>\n<\/ul>","protected":false},"featured_media":8783,"comment_status":"closed","ping_status":"closed","template":"","meta":{"_relevanssi_hide_post":"","_relevanssi_hide_content":"","_relevanssi_pin_for_all":"","_relevanssi_pin_keywords":"","_relevanssi_unpin_keywords":"","_relevanssi_related_keywords":"","_relevanssi_related_include_ids":"","_relevanssi_related_exclude_ids":"","_relevanssi_related_no_append":"","_relevanssi_related_not_related":"","_relevanssi_related_posts":"","_relevanssi_noindex_reason":""},"product_brand":[],"product_cat":[86,51,56],"product_tag":[],"woo-feed-brand":[],"class_list":{"0":"post-8770","1":"product","2":"type-product","3":"status-publish","4":"has-post-thumbnail","6":"product_cat-urban-boots","7":"product_cat-boots","8":"product_cat-mc-clothing","10":"first","11":"instock","12":"taxable","13":"shipping-taxable","14":"purchasable","15":"product-type-variable"},"_links":{"self":[{"href":"https:\/\/www.cphmc.com\/da\/wp-json\/wp\/v2\/product\/8770","targetHints":{"allow":["GET"]}}],"collection":[{"href":"https:\/\/www.cphmc.com\/da\/wp-json\/wp\/v2\/product"}],"about":[{"href":"https:\/\/www.cphmc.com\/da\/wp-json\/wp\/v2\/types\/product"}],"replies":[{"embeddable":true,"href":"https:\/\/www.cphmc.com\/da\/wp-json\/wp\/v2\/comments?post=8770"}],"wp:featuredmedia":[{"embeddable":true,"href":"https:\/\/www.cphmc.com\/da\/wp-json\/wp\/v2\/media\/8783"}],"wp:attachment":[{"href":"https:\/\/www.cphmc.com\/da\/wp-json\/wp\/v2\/media?parent=8770"}],"wp:term":[{"taxonomy":"product_brand","embeddable":true,"href":"https:\/\/www.cphmc.com\/da\/wp-json\/wp\/v2\/product_brand?post=8770"},{"taxonomy":"product_cat","embeddable":true,"href":"https:\/\/www.cphmc.com\/da\/wp-json\/wp\/v2\/product_cat?post=8770"},{"taxonomy":"product_tag","embeddable":true,"href":"https:\/\/www.cphmc.com\/da\/wp-json\/wp\/v2\/product_tag?post=8770"},{"taxonomy":"woo-feed-brand","embeddable":true,"href":"https:\/\/www.cphmc.com\/da\/wp-json\/wp\/v2\/woo-feed-brand?post=8770"}],"curies":[{"name":"wp","href":"https:\/\/api.w.org\/{rel}","templated":true}]}}