{"id":8784,"date":"2023-06-15T10:27:33","date_gmt":"2023-06-15T08:27:33","guid":{"rendered":"https:\/\/www.cphmc.com\/?post_type=product&#038;p=8784"},"modified":"2025-05-27T12:16:41","modified_gmt":"2025-05-27T10:16:41","slug":"smx-6-v2-boots","status":"publish","type":"product","link":"https:\/\/www.cphmc.com\/da\/mc-clothing\/boots\/sports-boots\/smx-6-v2-boots\/","title":{"rendered":"SMX-6 v2 st\u00f8vler"},"content":{"rendered":"<ul>\n<li>St\u00f8vleoverdelen inkorporerer en innovativ for- og bagb\u00e6lge og bageste l\u00e6gzone for overlegen grad af fleksibilitet<\/li>\n<li>St\u00f8vleoverdelen er konstrueret af mikrofiber for holdbarhed og slidstyrke<\/li>\n<li>Ergonomisk str\u00f8mlining af forfoden muligg\u00f8r st\u00f8rre kontrol over cyklens betjeningselementer og giver en overlegen, bred fodprofil for fremragende pasform og komfort<\/li>\n<li>Termoplastisk polyurethan (TPU) lateral ankelb\u00f8jle giver en biomekanisk st\u00f8tte mellem den laterale \u00f8verste l\u00e6g\/skinneben og ankel og giver forbedret strukturel integritet, beskyttelse mod st\u00f8d, gentagen slidstyrke og fleksibel st\u00f8tte<\/li>\n<li>H\u00f8jmodulus TPU-injiceret skinnebensbeskytter, l\u00e6gbeskytter, h\u00e6lt\u00e6ller, skiftepude, ankelb\u00f8jle og t\u00e5skyder for forbedret st\u00f8dbeskyttelse og holdbarhed<\/li>\n<li>Dobbelt-densitet ankelbeskytter p\u00e5 den mediale side, lagdelt under overdelen, giver beskyttende ydeevne p\u00e5 n\u00f8gleomr\u00e5der<\/li>\n<li>Integreret, udskiftelig bi-injiceret TPU-skyder har et nyt, let skruefastg\u00f8relseskoncept for hurtigere og nemmere udskiftning<\/li>\n<li>Innovativ vrist og Achilles harmonika flex zone konstruktion for overlegen komfort, forl\u00e6ngelse, kontrol og st\u00f8tte<\/li>\n<li>Indvendig inders\u00e5l med rysteforst\u00e6rkning integreret for st\u00f8tte til svangomr\u00e5det og fodbeskyttelse<\/li>\n<li>Medial sideindgangs\u00e5bning\/-lukningssystem har elastisk monteret lynl\u00e5s med bred krog-og-l\u00f8kke lukning for fleksibilitet og en sikker pasform<\/li>\n<li>Bl\u00e6nde\u00e5bningen er stor for at fremme nem ind\/ud af st\u00f8vlen<\/li>\n<li>Indvendig t\u00e5boksbeskyttelse er lagt under overdelen for holdbarhed, forbedret f\u00f8lelse og ydeevne<\/li>\n<li>\u00c5ndbar tekstil indvendig foring har antiglidende ruskindsforst\u00e6rkning p\u00e5 h\u00e6lomr\u00e5det for at hj\u00e6lpe med at holde foden p\u00e5 plads, mens du rider<\/li>\n<li>Aftagelig anatomisk fodseng inkluderer EVA og stretchstof for ydeevne, komfort og st\u00f8tte<\/li>\n<li>Gummisammensat s\u00e5l fremmer forbedret f\u00f8lelse og greb, vandspredning og holdbarhed<\/li>\n<\/ul>","protected":false},"excerpt":{"rendered":"<p>Alpinestars SMX-1R V2-st\u00f8vler er en klassef\u00f8rende ridest\u00f8vle med lavt sk\u00e6r, SM-1 R v2 Vented Riding Shoe inkorporerer en r\u00e6kke tekniske innovationer for forbedrede niveauer af komfort, pasform og holdbarhed.<\/p>\n<ul>\n<li>Termoplastisk polyurethan (TPU) lateral ankelb\u00f8jle<\/li>\n<li>TPU-injiceret skinnebensbeskytter, l\u00e6gbeskytter, h\u00e6lt\u00e6ller, skiftepude, ankelst\u00f8tte<\/li>\n<li>Ankelbeskytter p\u00e5 den mediale side<\/li>\n<li>Udskiftelig bi-injiceret TPU-skyder<\/li>\n<li>Gummi sammensat s\u00e5l<\/li>\n<\/ul>","protected":false},"featured_media":8807,"comment_status":"closed","ping_status":"closed","template":"","meta":{"_relevanssi_hide_post":"","_relevanssi_hide_content":"","_relevanssi_pin_for_all":"","_relevanssi_pin_keywords":"","_relevanssi_unpin_keywords":"","_relevanssi_related_keywords":"","_relevanssi_related_include_ids":"","_relevanssi_related_exclude_ids":"","_relevanssi_related_no_append":"","_relevanssi_related_not_related":"","_relevanssi_related_posts":"","_relevanssi_noindex_reason":""},"product_brand":[],"product_cat":[263,51,56],"product_tag":[],"woo-feed-brand":[],"class_list":{"0":"post-8784","1":"product","2":"type-product","3":"status-publish","4":"has-post-thumbnail","6":"product_cat-sports-boots","7":"product_cat-boots","8":"product_cat-mc-clothing","10":"first","11":"instock","12":"taxable","13":"shipping-taxable","14":"purchasable","15":"product-type-variable"},"_links":{"self":[{"href":"https:\/\/www.cphmc.com\/da\/wp-json\/wp\/v2\/product\/8784","targetHints":{"allow":["GET"]}}],"collection":[{"href":"https:\/\/www.cphmc.com\/da\/wp-json\/wp\/v2\/product"}],"about":[{"href":"https:\/\/www.cphmc.com\/da\/wp-json\/wp\/v2\/types\/product"}],"replies":[{"embeddable":true,"href":"https:\/\/www.cphmc.com\/da\/wp-json\/wp\/v2\/comments?post=8784"}],"wp:featuredmedia":[{"embeddable":true,"href":"https:\/\/www.cphmc.com\/da\/wp-json\/wp\/v2\/media\/8807"}],"wp:attachment":[{"href":"https:\/\/www.cphmc.com\/da\/wp-json\/wp\/v2\/media?parent=8784"}],"wp:term":[{"taxonomy":"product_brand","embeddable":true,"href":"https:\/\/www.cphmc.com\/da\/wp-json\/wp\/v2\/product_brand?post=8784"},{"taxonomy":"product_cat","embeddable":true,"href":"https:\/\/www.cphmc.com\/da\/wp-json\/wp\/v2\/product_cat?post=8784"},{"taxonomy":"product_tag","embeddable":true,"href":"https:\/\/www.cphmc.com\/da\/wp-json\/wp\/v2\/product_tag?post=8784"},{"taxonomy":"woo-feed-brand","embeddable":true,"href":"https:\/\/www.cphmc.com\/da\/wp-json\/wp\/v2\/woo-feed-brand?post=8784"}],"curies":[{"name":"wp","href":"https:\/\/api.w.org\/{rel}","templated":true}]}}