{"id":8823,"date":"2023-06-15T10:41:05","date_gmt":"2023-06-15T08:41:05","guid":{"rendered":"https:\/\/www.cphmc.com\/?post_type=product&#038;p=8823"},"modified":"2025-05-27T12:16:41","modified_gmt":"2025-05-27T10:16:41","slug":"smx-s-boots","status":"publish","type":"product","link":"https:\/\/www.cphmc.com\/da\/mc-clothing\/boots\/sports-boots\/smx-s-boots\/","title":{"rendered":"SMX S st\u00f8vler"},"content":{"rendered":"<ul>\n<li>Holdbar overdel i mikrofiber, der har fremragende fleksibilitet og en behagelig fornemmelse<\/li>\n<li>Ergonomisk ny forreste st\u00f8vleform er str\u00f8mlinet for bedre kontrol og fornemmelse af motorcykelstyringerne<\/li>\n<li>Termoplastisk polyurethan (TPU) skinnebenspladebeskytter er race-udviklet for overlegen slag- og slidstyrke<\/li>\n<li>Lateral Thermoplastic Rubbery (TPR)-injiceret ankelst\u00f8ttekonstruktion giver overlegen komfort og slagfasthed<\/li>\n<li>TPU-ankelbeskyttere med dobbelt densitet er lagt i lag under st\u00f8vlens ydre p\u00e5 laterale og mediale sider<\/li>\n<li>\u00c5ndbar tekstil indvendig foring med antiglidende ruskindsforst\u00e6rkning ved h\u00e6lomr\u00e5det<\/li>\n<li>Integreret, udskiftelig bi-injiceret TPU-skyder har nyt skruefastg\u00f8relsessystem<\/li>\n<li>Skiftepude lavet af TPU inkorporerer teknisk teksturering for greb og slagfasthed<\/li>\n<li>Medial sideindgangs\u00e5bning\/-lukningssystem med elastisk monteret lynl\u00e5s og bred krog-og-l\u00f8kke-lukningsklap<\/li>\n<li>Indvendig t\u00e5boksbeskyttelse er lagt under st\u00f8vlens overdel for holdbarhed, forbedret f\u00f8lelse og bedre ydeevne<\/li>\n<li>Aftagelig anatomisk fodseng med to sammens\u00e6tninger er lavet af EVA og stretchstof<\/li>\n<li>Gummi sammensat s\u00e5l<\/li>\n<\/ul>","protected":false},"excerpt":{"rendered":"<p>SMX S-st\u00f8vler er entry-level sportsst\u00f8vler fra Alpinestars til hovedbrug p\u00e5 sportscykler.<\/p>\n<ul>\n<li>Overdel i mikrofiber<\/li>\n<li>TPU race-udviklet skinnebensbeskytter<\/li>\n<li>TPR-injiceret ankelst\u00f8tte<\/li>\n<li>Udskiftelig bi-injiceret TPU-skyder<\/li>\n<\/ul>","protected":false},"featured_media":8836,"comment_status":"closed","ping_status":"closed","template":"","meta":{"_relevanssi_hide_post":"","_relevanssi_hide_content":"","_relevanssi_pin_for_all":"","_relevanssi_pin_keywords":"","_relevanssi_unpin_keywords":"","_relevanssi_related_keywords":"","_relevanssi_related_include_ids":"","_relevanssi_related_exclude_ids":"","_relevanssi_related_no_append":"","_relevanssi_related_not_related":"","_relevanssi_related_posts":"","_relevanssi_noindex_reason":""},"product_brand":[],"product_cat":[263,51,56],"product_tag":[],"woo-feed-brand":[],"class_list":{"0":"post-8823","1":"product","2":"type-product","3":"status-publish","4":"has-post-thumbnail","6":"product_cat-sports-boots","7":"product_cat-boots","8":"product_cat-mc-clothing","10":"first","11":"instock","12":"taxable","13":"shipping-taxable","14":"purchasable","15":"product-type-variable"},"_links":{"self":[{"href":"https:\/\/www.cphmc.com\/da\/wp-json\/wp\/v2\/product\/8823","targetHints":{"allow":["GET"]}}],"collection":[{"href":"https:\/\/www.cphmc.com\/da\/wp-json\/wp\/v2\/product"}],"about":[{"href":"https:\/\/www.cphmc.com\/da\/wp-json\/wp\/v2\/types\/product"}],"replies":[{"embeddable":true,"href":"https:\/\/www.cphmc.com\/da\/wp-json\/wp\/v2\/comments?post=8823"}],"wp:featuredmedia":[{"embeddable":true,"href":"https:\/\/www.cphmc.com\/da\/wp-json\/wp\/v2\/media\/8836"}],"wp:attachment":[{"href":"https:\/\/www.cphmc.com\/da\/wp-json\/wp\/v2\/media?parent=8823"}],"wp:term":[{"taxonomy":"product_brand","embeddable":true,"href":"https:\/\/www.cphmc.com\/da\/wp-json\/wp\/v2\/product_brand?post=8823"},{"taxonomy":"product_cat","embeddable":true,"href":"https:\/\/www.cphmc.com\/da\/wp-json\/wp\/v2\/product_cat?post=8823"},{"taxonomy":"product_tag","embeddable":true,"href":"https:\/\/www.cphmc.com\/da\/wp-json\/wp\/v2\/product_tag?post=8823"},{"taxonomy":"woo-feed-brand","embeddable":true,"href":"https:\/\/www.cphmc.com\/da\/wp-json\/wp\/v2\/woo-feed-brand?post=8823"}],"curies":[{"name":"wp","href":"https:\/\/api.w.org\/{rel}","templated":true}]}}