{"id":8857,"date":"2023-06-15T10:51:45","date_gmt":"2023-06-15T08:51:45","guid":{"rendered":"https:\/\/www.cphmc.com\/?post_type=product&#038;p=8857"},"modified":"2025-05-27T12:16:40","modified_gmt":"2025-05-27T10:16:40","slug":"rt-7-drystar-boots","status":"publish","type":"product","link":"https:\/\/www.cphmc.com\/da\/mc-clothing\/boots\/touring-boots\/rt-7-drystar-boots\/","title":{"rendered":"RT-7 Drystar st\u00f8vler"},"content":{"rendered":"<ul>\n<li>RT-7 har en fuld Drystar\u00ae-membran til 100% garanteret vandt\u00e6t ydeevne og \u00e5ndbarhed<\/li>\n<li>Teknisk moderne overdel konstrueret med en avanceret blanding af mikrofiber og syntetisk h\u00f8jmodstandstekstil lamineret af en s\u00f8ml\u00f8s PU for forbedret \u00e5ndbarhed<\/li>\n<li>Alpinestars integrerede transversal beskyttelsesramme (TPF), beskytter foden, mens den leverer den n\u00f8dvendige st\u00f8tte p\u00e5 fodst\u00f8tten uden at kompromittere den forreste fodfleksion for overlegen g\u00e5komfort<\/li>\n<li>Forst\u00e6rket h\u00e6lt\u00e6ller og t\u00e5boks, med en ekstra skiftepude ekstra senere og forst\u00e6rket skinnebensomr\u00e5de for at beskytte mod st\u00f8d<\/li>\n<li>St\u00f8vle\u00e5bningen styres af et lateralt lynl\u00e5smonteret elastisk panel, d\u00e6kket af en krog-og-l\u00f8kke-kilflap, for at beskytte lynl\u00e5sen og holde st\u00f8vlens b\u00f8jning fri.<\/li>\n<li>Dynamisk design skiftepude i 3D-printet PU-teknologi for effektiv beskyttelse af den \u00f8vre fod<\/li>\n<\/ul>","protected":false},"excerpt":{"rendered":"<p>RT-7 Drystar st\u00f8vlerne fra Alpinestars er den perfekte pasform til touring- og urban motorcykelrytteren, der ikke vil have flere st\u00f8vler til den n\u00f8dvendige k\u00f8restil.<\/p>\n<ul>\n<li>Drystar\u00ae vandt\u00e6t membran<\/li>\n<li>TPF beskytter foden, samtidig med at den giver den n\u00f8dvendige st\u00f8tte<\/li>\n<li>Forst\u00e6rket h\u00e6lt\u00e6ller og t\u00e5boks<\/li>\n<\/ul>","protected":false},"featured_media":8875,"comment_status":"closed","ping_status":"closed","template":"","meta":{"_relevanssi_hide_post":"","_relevanssi_hide_content":"","_relevanssi_pin_for_all":"","_relevanssi_pin_keywords":"","_relevanssi_unpin_keywords":"","_relevanssi_related_keywords":"","_relevanssi_related_include_ids":"","_relevanssi_related_exclude_ids":"","_relevanssi_related_no_append":"","_relevanssi_related_not_related":"","_relevanssi_related_posts":"","_relevanssi_noindex_reason":""},"product_brand":[],"product_cat":[87,51,56,86],"product_tag":[],"woo-feed-brand":[],"class_list":{"0":"post-8857","1":"product","2":"type-product","3":"status-publish","4":"has-post-thumbnail","6":"product_cat-touring-boots","7":"product_cat-boots","8":"product_cat-mc-clothing","9":"product_cat-urban-boots","11":"first","12":"instock","13":"taxable","14":"shipping-taxable","15":"purchasable","16":"product-type-variable"},"_links":{"self":[{"href":"https:\/\/www.cphmc.com\/da\/wp-json\/wp\/v2\/product\/8857","targetHints":{"allow":["GET"]}}],"collection":[{"href":"https:\/\/www.cphmc.com\/da\/wp-json\/wp\/v2\/product"}],"about":[{"href":"https:\/\/www.cphmc.com\/da\/wp-json\/wp\/v2\/types\/product"}],"replies":[{"embeddable":true,"href":"https:\/\/www.cphmc.com\/da\/wp-json\/wp\/v2\/comments?post=8857"}],"wp:featuredmedia":[{"embeddable":true,"href":"https:\/\/www.cphmc.com\/da\/wp-json\/wp\/v2\/media\/8875"}],"wp:attachment":[{"href":"https:\/\/www.cphmc.com\/da\/wp-json\/wp\/v2\/media?parent=8857"}],"wp:term":[{"taxonomy":"product_brand","embeddable":true,"href":"https:\/\/www.cphmc.com\/da\/wp-json\/wp\/v2\/product_brand?post=8857"},{"taxonomy":"product_cat","embeddable":true,"href":"https:\/\/www.cphmc.com\/da\/wp-json\/wp\/v2\/product_cat?post=8857"},{"taxonomy":"product_tag","embeddable":true,"href":"https:\/\/www.cphmc.com\/da\/wp-json\/wp\/v2\/product_tag?post=8857"},{"taxonomy":"woo-feed-brand","embeddable":true,"href":"https:\/\/www.cphmc.com\/da\/wp-json\/wp\/v2\/woo-feed-brand?post=8857"}],"curies":[{"name":"wp","href":"https:\/\/api.w.org\/{rel}","templated":true}]}}