{"id":8876,"date":"2023-06-15T11:16:56","date_gmt":"2023-06-15T09:16:56","guid":{"rendered":"https:\/\/www.cphmc.com\/?post_type=product&#038;p=8876"},"modified":"2025-05-27T12:16:40","modified_gmt":"2025-05-27T10:16:40","slug":"sektor-shoes","status":"publish","type":"product","link":"https:\/\/www.cphmc.com\/da\/mc-clothing\/boots\/urban-boots\/sektor-shoes\/","title":{"rendered":"Sektor sko"},"content":{"rendered":"<ul>\n<li>Letv\u00e6gts mikrofiber \u00f8vre konstruktion<\/li>\n<li>3-dimensionel ankelbeskytter for forbedret pasform og let v\u00e6gt<\/li>\n<li>Automatisk racersko-stil hurtig sn\u00f8relukningssystem<\/li>\n<li>Ankel krog-og-l\u00f8kke stropper for en sikker, plan pasform<\/li>\n<li>\u00d8vre ankel str\u00f8mlinet polymerbeskyttelsespanel<\/li>\n<li>Ekstern TPR t\u00e5forst\u00e6rkning for slidstyrke<\/li>\n<li>Flex omr\u00e5der p\u00e5 h\u00e6l og vrist for \u00f8get komfort, n\u00e5r du g\u00e5r<\/li>\n<li>Foret er \u00e5ndbart 3D mesh med en anti-skrid overflade af mikrofiberruskind inde ved h\u00e6len<\/li>\n<li>Indvendig t\u00e5boks og h\u00e6lbeskyttere placeret under skoens ydre chassis<\/li>\n<li>Letv\u00e6gtsgummis\u00e5l med tekstureret grebdesign og integreret st\u00f8tteskaft for stivhed<\/li>\n<li>Udskiftelig anatomisk EVA-fodseng med str\u00e6kstof overfor<\/li>\n<li>Metallisk mesh luftstr\u00f8msventil<\/li>\n<\/ul>","protected":false},"excerpt":{"rendered":"<p>Sektor-skoene fra Alpinestars kan v\u00e6re dine perfekte bysko til komfort, sikkerhed og gade- og byk\u00f8rsel.<\/p>\n<ul>\n<li>Letv\u00e6gts mikrofiber \u00f8vre konstruktion<\/li>\n<li>3-dimensionel ankelbeskytter<\/li>\n<li>Racersko-stilet speed-sn\u00f8re-lukningssystem<\/li>\n<li>TPR t\u00e5forst\u00e6rkning for slidstyrke<\/li>\n<li>Metallisk mesh luftstr\u00f8msventil<\/li>\n<\/ul>","protected":false},"featured_media":8893,"comment_status":"closed","ping_status":"closed","template":"","meta":{"_relevanssi_hide_post":"","_relevanssi_hide_content":"","_relevanssi_pin_for_all":"","_relevanssi_pin_keywords":"","_relevanssi_unpin_keywords":"","_relevanssi_related_keywords":"","_relevanssi_related_include_ids":"","_relevanssi_related_exclude_ids":"","_relevanssi_related_no_append":"","_relevanssi_related_not_related":"","_relevanssi_related_posts":"","_relevanssi_noindex_reason":""},"product_brand":[],"product_cat":[86,51,56],"product_tag":[],"woo-feed-brand":[],"class_list":{"0":"post-8876","1":"product","2":"type-product","3":"status-publish","4":"has-post-thumbnail","6":"product_cat-urban-boots","7":"product_cat-boots","8":"product_cat-mc-clothing","10":"first","11":"instock","12":"taxable","13":"shipping-taxable","14":"purchasable","15":"product-type-variable"},"_links":{"self":[{"href":"https:\/\/www.cphmc.com\/da\/wp-json\/wp\/v2\/product\/8876","targetHints":{"allow":["GET"]}}],"collection":[{"href":"https:\/\/www.cphmc.com\/da\/wp-json\/wp\/v2\/product"}],"about":[{"href":"https:\/\/www.cphmc.com\/da\/wp-json\/wp\/v2\/types\/product"}],"replies":[{"embeddable":true,"href":"https:\/\/www.cphmc.com\/da\/wp-json\/wp\/v2\/comments?post=8876"}],"wp:featuredmedia":[{"embeddable":true,"href":"https:\/\/www.cphmc.com\/da\/wp-json\/wp\/v2\/media\/8893"}],"wp:attachment":[{"href":"https:\/\/www.cphmc.com\/da\/wp-json\/wp\/v2\/media?parent=8876"}],"wp:term":[{"taxonomy":"product_brand","embeddable":true,"href":"https:\/\/www.cphmc.com\/da\/wp-json\/wp\/v2\/product_brand?post=8876"},{"taxonomy":"product_cat","embeddable":true,"href":"https:\/\/www.cphmc.com\/da\/wp-json\/wp\/v2\/product_cat?post=8876"},{"taxonomy":"product_tag","embeddable":true,"href":"https:\/\/www.cphmc.com\/da\/wp-json\/wp\/v2\/product_tag?post=8876"},{"taxonomy":"woo-feed-brand","embeddable":true,"href":"https:\/\/www.cphmc.com\/da\/wp-json\/wp\/v2\/woo-feed-brand?post=8876"}],"curies":[{"name":"wp","href":"https:\/\/api.w.org\/{rel}","templated":true}]}}