{"id":8908,"date":"2023-06-15T12:22:18","date_gmt":"2023-06-15T10:22:18","guid":{"rendered":"https:\/\/www.cphmc.com\/?post_type=product&#038;p=8908"},"modified":"2025-05-27T12:16:39","modified_gmt":"2025-05-27T10:16:39","slug":"j-6-waterproof-shoes-black","status":"publish","type":"product","link":"https:\/\/www.cphmc.com\/da\/mc-clothing\/boots\/urban-boots\/j-6-waterproof-shoes-black\/","title":{"rendered":"J-6 vandt\u00e6tte sko \u2013 sort"},"content":{"rendered":"<ul>\n<li>Vandt\u00e6t membran subtilt indbygget i chassis for 100% ydeevne mod v\u00e5d penetration<\/li>\n<li>Toppl\u00f8s og krave konstrueret af l\u00e6der for \u00f8get komfort, holdbarhed og luksuri\u00f8s f\u00f8lelse<\/li>\n<li>Sn\u00f8relukning i metal p\u00e5 vristen for nem, sikker og behagelig pasform<\/li>\n<li>Polstring p\u00e5 pl\u00f8sen og h\u00e6lomr\u00e5det giver h\u00f8je niveauer af komfort og pasform omkring ankel og vrist<\/li>\n<li>Gummi sammensat kops\u00e5l er st\u00f8bt til overdelen for at give stabilitet, greb, st\u00f8tte og holdbarhed<\/li>\n<li>Forst\u00e6rket mellems\u00e5l indsat mellem overdelen og s\u00e5len for strukturel styrke og holdbarhed<\/li>\n<li>Aftagelig og udskiftelig EVA og Lycra\u00ae fodseng er anatomisk profileret for ekstra komfort og st\u00f8tte<\/li>\n<li>Dobbelt t\u00e6thed og ergonomisk MX-afledt ankel- og h\u00e6lbeskytter p\u00e5f\u00f8res mellem den \u00f8vre og polstrede foring for at give all-round strategisk beskyttelse og fleksibilitet p\u00e5 n\u00f8gleomr\u00e5der<\/li>\n<li>Logoer med metallogo og m\u00f8nstre giver st\u00f8vlen en moderne stilf\u00f8lelse<\/li>\n<li>Indvendig t\u00e5boks og h\u00e6lforst\u00e6rkning er lagt under overdelen for mere ergonomisk design<\/li>\n<li>Vulkaniseret gummikop-yders\u00e5l giver fremragende pasform og st\u00f8tte<\/li>\n<\/ul>","protected":false},"excerpt":{"rendered":"<p>J-6-skoene fra Alpinestars kan v\u00e6re dine perfekte vandt\u00e6tte sko til komfort og sikkerhed p\u00e5 gaden og n\u00e5r du k\u00f8rer i byen.<\/p>\n<ul>\n<li>Vandt\u00e6t membran<\/li>\n<li>Top pl\u00f8s og krave l\u00e6der<\/li>\n<li>Sn\u00f8ringslukning i metal<\/li>\n<li>Gummi sammensat sk\u00e5ls\u00e5l<\/li>\n<li>Dobbelt densitet og ergonomisk MX-afledt ankel- og h\u00e6lbeskytter<\/li>\n<\/ul>","protected":false},"featured_media":8920,"comment_status":"closed","ping_status":"closed","template":"","meta":{"_relevanssi_hide_post":"","_relevanssi_hide_content":"","_relevanssi_pin_for_all":"","_relevanssi_pin_keywords":"","_relevanssi_unpin_keywords":"","_relevanssi_related_keywords":"","_relevanssi_related_include_ids":"","_relevanssi_related_exclude_ids":"","_relevanssi_related_no_append":"","_relevanssi_related_not_related":"","_relevanssi_related_posts":"","_relevanssi_noindex_reason":""},"product_brand":[],"product_cat":[86,51,56],"product_tag":[],"woo-feed-brand":[],"class_list":{"0":"post-8908","1":"product","2":"type-product","3":"status-publish","4":"has-post-thumbnail","6":"product_cat-urban-boots","7":"product_cat-boots","8":"product_cat-mc-clothing","10":"first","11":"instock","12":"taxable","13":"shipping-taxable","14":"purchasable","15":"product-type-variable"},"_links":{"self":[{"href":"https:\/\/www.cphmc.com\/da\/wp-json\/wp\/v2\/product\/8908","targetHints":{"allow":["GET"]}}],"collection":[{"href":"https:\/\/www.cphmc.com\/da\/wp-json\/wp\/v2\/product"}],"about":[{"href":"https:\/\/www.cphmc.com\/da\/wp-json\/wp\/v2\/types\/product"}],"replies":[{"embeddable":true,"href":"https:\/\/www.cphmc.com\/da\/wp-json\/wp\/v2\/comments?post=8908"}],"wp:featuredmedia":[{"embeddable":true,"href":"https:\/\/www.cphmc.com\/da\/wp-json\/wp\/v2\/media\/8920"}],"wp:attachment":[{"href":"https:\/\/www.cphmc.com\/da\/wp-json\/wp\/v2\/media?parent=8908"}],"wp:term":[{"taxonomy":"product_brand","embeddable":true,"href":"https:\/\/www.cphmc.com\/da\/wp-json\/wp\/v2\/product_brand?post=8908"},{"taxonomy":"product_cat","embeddable":true,"href":"https:\/\/www.cphmc.com\/da\/wp-json\/wp\/v2\/product_cat?post=8908"},{"taxonomy":"product_tag","embeddable":true,"href":"https:\/\/www.cphmc.com\/da\/wp-json\/wp\/v2\/product_tag?post=8908"},{"taxonomy":"woo-feed-brand","embeddable":true,"href":"https:\/\/www.cphmc.com\/da\/wp-json\/wp\/v2\/woo-feed-brand?post=8908"}],"curies":[{"name":"wp","href":"https:\/\/api.w.org\/{rel}","templated":true}]}}