{"id":8991,"date":"2023-06-16T08:17:29","date_gmt":"2023-06-16T06:17:29","guid":{"rendered":"https:\/\/www.cphmc.com\/?post_type=product&#038;p=8991"},"modified":"2025-05-27T12:16:39","modified_gmt":"2025-05-27T10:16:39","slug":"faster-3-shoes","status":"publish","type":"product","link":"https:\/\/www.cphmc.com\/da\/mc-clothing\/boots\/urban-boots\/faster-3-shoes\/","title":{"rendered":"Faster-3 Sko"},"content":{"rendered":"<ul>\n<li>Overdel er konstrueret af let, slidst\u00e6rkt og slidst\u00e6rkt mikrofiber<\/li>\n<li>TPR h\u00e6ldiskdesign<\/li>\n<li>Asymmetrisk t\u00e5 design<\/li>\n<li>Traditionelt blondelukningssystem<\/li>\n<li>Sidejusterbart krog-og-l\u00f8kke-lukningssystem med TPR-strop for ekstra sikkerhed.<\/li>\n<li>Polstring af tunge og krave<\/li>\n<li>Indvendig t\u00e5boks og h\u00e6l mod forst\u00e6rkning<\/li>\n<li>3D mesh-for for h\u00f8je niveauer af \u00e5ndbarhed med anti-slip mikro-ruskind p\u00e5 h\u00e6len<\/li>\n<li>Udskiftelig anatomisk EVA fodseng med lycra foring p\u00e5 toppen<\/li>\n<li>Gummis\u00e5l giver tekstureret greb, absorption og har et st\u00f8tteskaft for \u00f8get s\u00e5l stivhed<\/li>\n<\/ul>","protected":false},"excerpt":{"rendered":"<p>Faster-3-skoene fra Alpinestars kan v\u00e6re din perfekte skoselskab p\u00e5 den urbane tur for komfort og sikkerhed.<\/p>\n<ul>\n<li>Let, slidst\u00e6rkt og slidst\u00e6rkt mikrofiber<\/li>\n<li>TPR h\u00e6ldiskdesign<\/li>\n<li>Asymmetrisk t\u00e5 design<\/li>\n<li>Traditionelt blondelukningssystem<\/li>\n<li>Loop-lukningssystem med TPR-strop.<\/li>\n<li>Gummis\u00e5l<\/li>\n<\/ul>","protected":false},"featured_media":9007,"comment_status":"closed","ping_status":"closed","template":"","meta":{"_relevanssi_hide_post":"","_relevanssi_hide_content":"","_relevanssi_pin_for_all":"","_relevanssi_pin_keywords":"","_relevanssi_unpin_keywords":"","_relevanssi_related_keywords":"","_relevanssi_related_include_ids":"","_relevanssi_related_exclude_ids":"","_relevanssi_related_no_append":"","_relevanssi_related_not_related":"","_relevanssi_related_posts":"","_relevanssi_noindex_reason":""},"product_brand":[],"product_cat":[86,51,56],"product_tag":[],"woo-feed-brand":[],"class_list":{"0":"post-8991","1":"product","2":"type-product","3":"status-publish","4":"has-post-thumbnail","6":"product_cat-urban-boots","7":"product_cat-boots","8":"product_cat-mc-clothing","10":"first","11":"instock","12":"taxable","13":"shipping-taxable","14":"purchasable","15":"product-type-variable"},"_links":{"self":[{"href":"https:\/\/www.cphmc.com\/da\/wp-json\/wp\/v2\/product\/8991","targetHints":{"allow":["GET"]}}],"collection":[{"href":"https:\/\/www.cphmc.com\/da\/wp-json\/wp\/v2\/product"}],"about":[{"href":"https:\/\/www.cphmc.com\/da\/wp-json\/wp\/v2\/types\/product"}],"replies":[{"embeddable":true,"href":"https:\/\/www.cphmc.com\/da\/wp-json\/wp\/v2\/comments?post=8991"}],"wp:featuredmedia":[{"embeddable":true,"href":"https:\/\/www.cphmc.com\/da\/wp-json\/wp\/v2\/media\/9007"}],"wp:attachment":[{"href":"https:\/\/www.cphmc.com\/da\/wp-json\/wp\/v2\/media?parent=8991"}],"wp:term":[{"taxonomy":"product_brand","embeddable":true,"href":"https:\/\/www.cphmc.com\/da\/wp-json\/wp\/v2\/product_brand?post=8991"},{"taxonomy":"product_cat","embeddable":true,"href":"https:\/\/www.cphmc.com\/da\/wp-json\/wp\/v2\/product_cat?post=8991"},{"taxonomy":"product_tag","embeddable":true,"href":"https:\/\/www.cphmc.com\/da\/wp-json\/wp\/v2\/product_tag?post=8991"},{"taxonomy":"woo-feed-brand","embeddable":true,"href":"https:\/\/www.cphmc.com\/da\/wp-json\/wp\/v2\/woo-feed-brand?post=8991"}],"curies":[{"name":"wp","href":"https:\/\/api.w.org\/{rel}","templated":true}]}}