{"id":9023,"date":"2023-06-16T08:40:50","date_gmt":"2023-06-16T06:40:50","guid":{"rendered":"https:\/\/www.cphmc.com\/?post_type=product&#038;p=9023"},"modified":"2025-05-27T12:16:38","modified_gmt":"2025-05-27T10:16:38","slug":"cr-6-drystar-riding-shoes","status":"publish","type":"product","link":"https:\/\/www.cphmc.com\/da\/mc-clothing\/boots\/urban-boots\/cr-6-drystar-riding-shoes\/","title":{"rendered":"CR-6 Drystar ridesko"},"content":{"rendered":"<ul>\n<li>Fint mesh plus s\u00f8ml\u00f8s teknologi til at forbedre strukturen med specifikke \u00e5ndbare vinduer<\/li>\n<li>Vamp i mesh for \u00f8get komfort og \u00e5ndbarhed, h\u00f8jere pl\u00f8s i Nubuck mikrofiber for mere modstand<\/li>\n<li>Hook and loop strop kombineret med et traditionelt sn\u00f8resystem sikrer en tilpasselig pasform<\/li>\n<li>Indvendige forst\u00e6rkninger af t\u00e5boks og h\u00e6ldisk giver struktur, st\u00f8tte og slagfasthed<\/li>\n<li>Teknisk gummirand giver slidbeskyttelse p\u00e5 t\u00e5omr\u00e5det<\/li>\n<li>Alpinestars anatomiske dobbeltdensitet TPU ankeldiske lagdelt under overdelen plus ekstern lateral ankelbeskytter TPR giver strategisk beskyttelse<\/li>\n<li>Udskiftelig anatomisk EVA-fodseng med Lycra-for p\u00e5 toppen for komfort<\/li>\n<li>Ny Alpinestars eksklusiv vulkaniseret gummi designet til optimal kombination af komfort og greb<\/li>\n<\/ul>","protected":false},"excerpt":{"rendered":"<p>CR-6 Drystar Riding Shoes-skoene fra Alpinestars er et solidt valg til byk\u00f8rsel s\u00e5vel som touring og l\u00e6ngere ture.<\/p>\n<ul>\n<li>Fint mesh med specifikke \u00e5ndbare vinduer<\/li>\n<li>Vamp i mesh for \u00f8get komfort og \u00e5ndbarhed<\/li>\n<li>Hook and loop strop kombineret med et traditionelt sn\u00f8resystem<\/li>\n<li>Forst\u00e6rket t\u00e5boks og h\u00e6lt\u00e6ller<\/li>\n<li>Alpinestars eksklusive vulkaniserede gummi<\/li>\n<\/ul>","protected":false},"featured_media":9036,"comment_status":"closed","ping_status":"closed","template":"","meta":{"_relevanssi_hide_post":"","_relevanssi_hide_content":"","_relevanssi_pin_for_all":"","_relevanssi_pin_keywords":"","_relevanssi_unpin_keywords":"","_relevanssi_related_keywords":"","_relevanssi_related_include_ids":"","_relevanssi_related_exclude_ids":"","_relevanssi_related_no_append":"","_relevanssi_related_not_related":"","_relevanssi_related_posts":"","_relevanssi_noindex_reason":""},"product_brand":[],"product_cat":[86,51,56,87],"product_tag":[],"woo-feed-brand":[],"class_list":{"0":"post-9023","1":"product","2":"type-product","3":"status-publish","4":"has-post-thumbnail","6":"product_cat-urban-boots","7":"product_cat-boots","8":"product_cat-mc-clothing","9":"product_cat-touring-boots","11":"first","12":"instock","13":"taxable","14":"shipping-taxable","15":"purchasable","16":"product-type-variable"},"_links":{"self":[{"href":"https:\/\/www.cphmc.com\/da\/wp-json\/wp\/v2\/product\/9023","targetHints":{"allow":["GET"]}}],"collection":[{"href":"https:\/\/www.cphmc.com\/da\/wp-json\/wp\/v2\/product"}],"about":[{"href":"https:\/\/www.cphmc.com\/da\/wp-json\/wp\/v2\/types\/product"}],"replies":[{"embeddable":true,"href":"https:\/\/www.cphmc.com\/da\/wp-json\/wp\/v2\/comments?post=9023"}],"wp:featuredmedia":[{"embeddable":true,"href":"https:\/\/www.cphmc.com\/da\/wp-json\/wp\/v2\/media\/9036"}],"wp:attachment":[{"href":"https:\/\/www.cphmc.com\/da\/wp-json\/wp\/v2\/media?parent=9023"}],"wp:term":[{"taxonomy":"product_brand","embeddable":true,"href":"https:\/\/www.cphmc.com\/da\/wp-json\/wp\/v2\/product_brand?post=9023"},{"taxonomy":"product_cat","embeddable":true,"href":"https:\/\/www.cphmc.com\/da\/wp-json\/wp\/v2\/product_cat?post=9023"},{"taxonomy":"product_tag","embeddable":true,"href":"https:\/\/www.cphmc.com\/da\/wp-json\/wp\/v2\/product_tag?post=9023"},{"taxonomy":"woo-feed-brand","embeddable":true,"href":"https:\/\/www.cphmc.com\/da\/wp-json\/wp\/v2\/woo-feed-brand?post=9023"}],"curies":[{"name":"wp","href":"https:\/\/api.w.org\/{rel}","templated":true}]}}