{"id":9048,"date":"2023-06-16T09:24:11","date_gmt":"2023-06-16T07:24:11","guid":{"rendered":"https:\/\/www.cphmc.com\/?post_type=product&#038;p=9048"},"modified":"2025-05-27T12:16:38","modified_gmt":"2025-05-27T10:16:38","slug":"primer-shoes","status":"publish","type":"product","link":"https:\/\/www.cphmc.com\/da\/mc-clothing\/boots\/urban-boots\/primer-shoes\/","title":{"rendered":"Primer sko"},"content":{"rendered":"<ul>\n<li>T\u00e6tsiddende pasform kombineret med rigelig indre volumen skaber en sko, der tilbyder enest\u00e5ende allround fodkomfort<\/li>\n<li>Flex riller foran p\u00e5 foden giver forbedrede niveauer af flex under gang<\/li>\n<li>TPU plade i fuld l\u00e6ngde for beskyttelse og forbedret fodkomfort<\/li>\n<li>Yders\u00e5len har en asymmetrisk knopkonfiguration, som giver fremragende niveauer af greb og h\u00f8j slidstyrke<\/li>\n<li>Oliebestandig dobbelt gummiblanding for optimeret greb p\u00e5 urene\/glatte overflader<\/li>\n<li>Den \u00f8gede mediale s\u00e5lkantradius muligg\u00f8r let bev\u00e6gelse p\u00e5 cyklens pinde<\/li>\n<li>Forfods- og bagfodskofangere for ekstra stabilitet, beskyttelse og holdbarhed<\/li>\n<li>Open Cell PU aftagelig OrthoLite\u00ae teknisk insok for let indtr\u00e6den og \u00f8get komfort<\/li>\n<li>\u00c5ben celle PU polyurethanblanding sikrer h\u00f8je niveauer af \u00e5ndbarhed og reducerer dermed overophedning, n\u00e5r den b\u00e6res<\/li>\n<li>Nubuck-l\u00e6derfjerdinger p\u00e5 overdelen giver f\u00f8lelse, stabilitet og \u00f8get slidstyrke<\/li>\n<li>Tungen er designet til at forblive p\u00e5 plads, n\u00e5r du cykler for en t\u00e6tsiddende, sikker pasform<\/li>\n<li>Asymmetrisk gummilag p\u00e5 forfoden for ekstra holdbarhed i gearskifteomr\u00e5det<\/li>\n<li>Internt EVA patchmateriale mellem ydre og indre materialer reducerer trykket p\u00e5 foden i gearskifteomr\u00e5det for optimeret komfortniveau<\/li>\n<li>Ankelbeskytter i PU-skum med \u00e5ben celle for ekstra beskyttelse<\/li>\n<\/ul>","protected":false},"excerpt":{"rendered":"<p>Primer Shoes-skoene fra Alpinestars er den ultimative sko til bybrug. Flexen er velegnet til b\u00e5de motorcykelk\u00f8rsel og gang.<\/p>\n<ul>\n<li>T\u00e6tsiddende pasform kombineret med rigelig indre volumen<\/li>\n<li>Flex riller giver forbedret flex under gang<\/li>\n<li>\u00c5ben celle PU-blanding reducerer overophedning, n\u00e5r den b\u00e6res<\/li>\n<li>Nubuck-l\u00e6derkvarter p\u00e5 overdelen<\/li>\n<li>Asymmetrisk gummilag p\u00e5 forfoden<\/li>\n<\/ul>","protected":false},"featured_media":9060,"comment_status":"closed","ping_status":"closed","template":"","meta":{"_relevanssi_hide_post":"","_relevanssi_hide_content":"","_relevanssi_pin_for_all":"","_relevanssi_pin_keywords":"","_relevanssi_unpin_keywords":"","_relevanssi_related_keywords":"","_relevanssi_related_include_ids":"","_relevanssi_related_exclude_ids":"","_relevanssi_related_no_append":"","_relevanssi_related_not_related":"","_relevanssi_related_posts":"","_relevanssi_noindex_reason":""},"product_brand":[],"product_cat":[86,51,56],"product_tag":[],"woo-feed-brand":[],"class_list":{"0":"post-9048","1":"product","2":"type-product","3":"status-publish","4":"has-post-thumbnail","6":"product_cat-urban-boots","7":"product_cat-boots","8":"product_cat-mc-clothing","10":"first","11":"instock","12":"taxable","13":"shipping-taxable","14":"purchasable","15":"product-type-variable"},"_links":{"self":[{"href":"https:\/\/www.cphmc.com\/da\/wp-json\/wp\/v2\/product\/9048","targetHints":{"allow":["GET"]}}],"collection":[{"href":"https:\/\/www.cphmc.com\/da\/wp-json\/wp\/v2\/product"}],"about":[{"href":"https:\/\/www.cphmc.com\/da\/wp-json\/wp\/v2\/types\/product"}],"replies":[{"embeddable":true,"href":"https:\/\/www.cphmc.com\/da\/wp-json\/wp\/v2\/comments?post=9048"}],"wp:featuredmedia":[{"embeddable":true,"href":"https:\/\/www.cphmc.com\/da\/wp-json\/wp\/v2\/media\/9060"}],"wp:attachment":[{"href":"https:\/\/www.cphmc.com\/da\/wp-json\/wp\/v2\/media?parent=9048"}],"wp:term":[{"taxonomy":"product_brand","embeddable":true,"href":"https:\/\/www.cphmc.com\/da\/wp-json\/wp\/v2\/product_brand?post=9048"},{"taxonomy":"product_cat","embeddable":true,"href":"https:\/\/www.cphmc.com\/da\/wp-json\/wp\/v2\/product_cat?post=9048"},{"taxonomy":"product_tag","embeddable":true,"href":"https:\/\/www.cphmc.com\/da\/wp-json\/wp\/v2\/product_tag?post=9048"},{"taxonomy":"woo-feed-brand","embeddable":true,"href":"https:\/\/www.cphmc.com\/da\/wp-json\/wp\/v2\/woo-feed-brand?post=9048"}],"curies":[{"name":"wp","href":"https:\/\/api.w.org\/{rel}","templated":true}]}}