{"id":9062,"date":"2023-06-16T09:31:05","date_gmt":"2023-06-16T07:31:05","guid":{"rendered":"https:\/\/www.cphmc.com\/?post_type=product&#038;p=9062"},"modified":"2023-06-16T09:36:12","modified_gmt":"2023-06-16T07:36:12","slug":"ageless-shoes","status":"publish","type":"product","link":"https:\/\/www.cphmc.com\/da\/mc-clothing\/boots\/urban-boots\/ageless-shoes\/","title":{"rendered":"Ageless sko"},"content":{"rendered":"<ul>\n<li>Drystar\u00ae membranlag mellem overdel og foring giver uovertruffen ydeevne i al slags vejr<\/li>\n<li>Varmepressede logoer giver et eksklusivt og sobert look<\/li>\n<li>Tynd og glat pl\u00f8s giver h\u00f8je niveauer af komfort og pasform rundt om vristen<\/li>\n<li>Elastisk krave giver forbedrede niveauer af personalisering for en behagelig pasform<\/li>\n<li>Gummisammensat kops\u00e5l st\u00f8bt til overdelen for at tilbyde stabilitet, greb og st\u00f8tte og for at give en god g\u00e5komfort.<\/li>\n<\/ul>","protected":false},"excerpt":{"rendered":"<p>Ageless Shoes-skoene fra Alpinestars kan ligne dine traditionelle VANS skateboardsko, men er omdefineret til motorcyklister.<\/p>\n<ul>\n<li>Drystar\u00ae membran<\/li>\n<li>Tynd og glat tunge<\/li>\n<li>Elastisk krave for en behagelig pasform<\/li>\n<li>Gummi sammensat sk\u00e5ls\u00e5l<\/li>\n<\/ul>","protected":false},"featured_media":9074,"comment_status":"closed","ping_status":"closed","template":"","meta":{"_relevanssi_hide_post":"","_relevanssi_hide_content":"","_relevanssi_pin_for_all":"","_relevanssi_pin_keywords":"","_relevanssi_unpin_keywords":"","_relevanssi_related_keywords":"","_relevanssi_related_include_ids":"","_relevanssi_related_exclude_ids":"","_relevanssi_related_no_append":"","_relevanssi_related_not_related":"","_relevanssi_related_posts":"","_relevanssi_noindex_reason":""},"product_brand":[],"product_cat":[86,51,56],"product_tag":[],"woo-feed-brand":[],"class_list":{"0":"post-9062","1":"product","2":"type-product","3":"status-publish","4":"has-post-thumbnail","6":"product_cat-urban-boots","7":"product_cat-boots","8":"product_cat-mc-clothing","10":"first","11":"instock","12":"taxable","13":"shipping-taxable","14":"purchasable","15":"product-type-variable"},"_links":{"self":[{"href":"https:\/\/www.cphmc.com\/da\/wp-json\/wp\/v2\/product\/9062","targetHints":{"allow":["GET"]}}],"collection":[{"href":"https:\/\/www.cphmc.com\/da\/wp-json\/wp\/v2\/product"}],"about":[{"href":"https:\/\/www.cphmc.com\/da\/wp-json\/wp\/v2\/types\/product"}],"replies":[{"embeddable":true,"href":"https:\/\/www.cphmc.com\/da\/wp-json\/wp\/v2\/comments?post=9062"}],"wp:featuredmedia":[{"embeddable":true,"href":"https:\/\/www.cphmc.com\/da\/wp-json\/wp\/v2\/media\/9074"}],"wp:attachment":[{"href":"https:\/\/www.cphmc.com\/da\/wp-json\/wp\/v2\/media?parent=9062"}],"wp:term":[{"taxonomy":"product_brand","embeddable":true,"href":"https:\/\/www.cphmc.com\/da\/wp-json\/wp\/v2\/product_brand?post=9062"},{"taxonomy":"product_cat","embeddable":true,"href":"https:\/\/www.cphmc.com\/da\/wp-json\/wp\/v2\/product_cat?post=9062"},{"taxonomy":"product_tag","embeddable":true,"href":"https:\/\/www.cphmc.com\/da\/wp-json\/wp\/v2\/product_tag?post=9062"},{"taxonomy":"woo-feed-brand","embeddable":true,"href":"https:\/\/www.cphmc.com\/da\/wp-json\/wp\/v2\/woo-feed-brand?post=9062"}],"curies":[{"name":"wp","href":"https:\/\/api.w.org\/{rel}","templated":true}]}}