{"id":9081,"date":"2023-06-16T09:37:10","date_gmt":"2023-06-16T07:37:10","guid":{"rendered":"https:\/\/www.cphmc.com\/?post_type=product&#038;p=9081"},"modified":"2025-05-27T12:16:38","modified_gmt":"2025-05-27T10:16:38","slug":"chrome-shoes-white","status":"publish","type":"product","link":"https:\/\/www.cphmc.com\/da\/mc-clothing\/boots\/urban-boots\/chrome-shoes-white\/","title":{"rendered":"Chrome sko \u2013 hvid"},"content":{"rendered":"<ul>\n<li>Split ruskind og mesh-overdel for en \u00e5ndbar street-stil, der fungerer i hverdagen<\/li>\n<li>Dual density ankelbeskyttere med h\u00e6l- og t\u00e5forst\u00e6rkninger for forbedret beskyttelse<\/li>\n<li>Bl\u00f8dt mesh p\u00e5 kraveomr\u00e5det bagp\u00e5 for forbedret rytterkomfort<\/li>\n<\/ul>","protected":false},"excerpt":{"rendered":"<p>Chrome-skoene fra Alpinestars er en veludluftet sko til bymotorcyklister i dagtimerne.<\/p>\n<ul>\n<li>Split ruskind og mesh overdel<\/li>\n<li>Ankelbeskyttere med dobbelt densitet<\/li>\n<li>Bl\u00f8dt mesh p\u00e5 kraven bagp\u00e5<\/li>\n<\/ul>","protected":false},"featured_media":9093,"comment_status":"closed","ping_status":"closed","template":"","meta":{"_relevanssi_hide_post":"","_relevanssi_hide_content":"","_relevanssi_pin_for_all":"","_relevanssi_pin_keywords":"","_relevanssi_unpin_keywords":"","_relevanssi_related_keywords":"","_relevanssi_related_include_ids":"","_relevanssi_related_exclude_ids":"","_relevanssi_related_no_append":"","_relevanssi_related_not_related":"","_relevanssi_related_posts":"","_relevanssi_noindex_reason":""},"product_brand":[],"product_cat":[86,51,56],"product_tag":[],"woo-feed-brand":[],"class_list":{"0":"post-9081","1":"product","2":"type-product","3":"status-publish","4":"has-post-thumbnail","6":"product_cat-urban-boots","7":"product_cat-boots","8":"product_cat-mc-clothing","10":"first","11":"instock","12":"taxable","13":"shipping-taxable","14":"purchasable","15":"product-type-variable"},"_links":{"self":[{"href":"https:\/\/www.cphmc.com\/da\/wp-json\/wp\/v2\/product\/9081","targetHints":{"allow":["GET"]}}],"collection":[{"href":"https:\/\/www.cphmc.com\/da\/wp-json\/wp\/v2\/product"}],"about":[{"href":"https:\/\/www.cphmc.com\/da\/wp-json\/wp\/v2\/types\/product"}],"replies":[{"embeddable":true,"href":"https:\/\/www.cphmc.com\/da\/wp-json\/wp\/v2\/comments?post=9081"}],"wp:featuredmedia":[{"embeddable":true,"href":"https:\/\/www.cphmc.com\/da\/wp-json\/wp\/v2\/media\/9093"}],"wp:attachment":[{"href":"https:\/\/www.cphmc.com\/da\/wp-json\/wp\/v2\/media?parent=9081"}],"wp:term":[{"taxonomy":"product_brand","embeddable":true,"href":"https:\/\/www.cphmc.com\/da\/wp-json\/wp\/v2\/product_brand?post=9081"},{"taxonomy":"product_cat","embeddable":true,"href":"https:\/\/www.cphmc.com\/da\/wp-json\/wp\/v2\/product_cat?post=9081"},{"taxonomy":"product_tag","embeddable":true,"href":"https:\/\/www.cphmc.com\/da\/wp-json\/wp\/v2\/product_tag?post=9081"},{"taxonomy":"woo-feed-brand","embeddable":true,"href":"https:\/\/www.cphmc.com\/da\/wp-json\/wp\/v2\/woo-feed-brand?post=9081"}],"curies":[{"name":"wp","href":"https:\/\/api.w.org\/{rel}","templated":true}]}}