{"id":9187,"date":"2023-06-27T16:13:57","date_gmt":"2023-06-27T14:13:57","guid":{"rendered":"https:\/\/www.cphmc.com\/?post_type=product&#038;p=9187"},"modified":"2025-05-27T12:16:36","modified_gmt":"2025-05-27T10:16:36","slug":"mx-v-stars-stripes-dark-matt","status":"publish","type":"product","link":"https:\/\/www.cphmc.com\/da\/mc-clothing\/helmets\/adventure-helmets\/mx-v-stars-stripes-dark-matt\/","title":{"rendered":"MX-V \u2013 Stars &amp; Stripes Dark Matt"},"content":{"rendered":"<p>Arai MXV Motocross-hjelm i Stars &amp; Stripes Fluo Yellow har udviklet sig fra den meget elskede Arai VX-3-model. Mange \u00e5rs erfaring kan findes i denne ultimative offroad-hjelm. Det perfekte valg til MX, enduro og off-road brug. Ligesom den findes i enhver Arai-hjelm, er den grundl\u00e6ggende og enkle organiske skalform baseret p\u00e5 R75 Shape-konceptet. Frav\u00e6ret af overdrevne kanter eller fremspring p\u00e5 skallen er ikke en mangel p\u00e5 kreativitet, men en forpligtelse til at bevare skallens integritet med virkningsydelse i den virkelige verden.<\/p>\n<p>Fuldst\u00e6ndig designet fra bunden, med al den erfaring og knowhow, der er opn\u00e5et i \u00e5rtiers titelvindende racing. Det er det, der g\u00f8r den splinternye Arai MX-V offroad\/motocross-hjelm til en s\u00e5 fremragende ny indgang i dette yderst konkurrencedygtige hjelmsegment.<\/p>\n<p><strong>Arai MXV R75 form<\/strong><\/p>\n<p>F\u00f8rst og fremmest svarer den nye Aria MX-V til det unikke Arai &#039;R75 Shape&#039; koncept. R75 Shape Concept er baseret p\u00e5 en rundere, glattere og st\u00e6rkere ydre skal, og tilbyder hjelmpr\u00e6stationer i den virkelige verden, n\u00e5r det virkelig betyder noget. Frav\u00e6ret af overdrevne kanter eller fremspring p\u00e5 skallen er en meget bevidst R75 Shape-designfunktion. Det bevarer integriteten af den skal, der er n\u00f8dvendig, n\u00e5r der \u00f8nskes reel effektydelse.<\/p>\n<p><strong>Arai MXV avanceret teknologi<\/strong><\/p>\n<p>Udover den komfort og pasform, som enhver Arai MX-V-hjelm er ber\u00f8mt for, tilbyder den nye Arai MX-V et avanceret topdesign. For hver terr\u00e6nrytter er toppen af stor betydning. Det beskytter ikke kun mod mudder og flyvende sten, det forhindrer ogs\u00e5 solskinsbl\u00e6nding. Samtidig \u00f8ger toppen ventilationseffektiviteten og mindsker vindtrykket. Arai MX-V peak udf\u00f8rer ubesv\u00e6ret alle disse opgaver, mens den ser godt ud p\u00e5 samme tid!<\/p>\n<p>Den nye sidebekl\u00e6dning ved kanterne af bl\u00e6nden viser oplevelsen af Arai MX-V. De g\u00f8r det muligt for brilleremmen at forblive fast p\u00e5 plads, selv under ekstrem motocrossk\u00f8rsel. Denne opm\u00e6rksomhed p\u00e5 detaljer kan ogs\u00e5 findes i det nye mundhul. Som let kan fjernes for reng\u00f8ring og inkorporerer et (rustfrit st\u00e5l) mesh, der ikke kun holder snavs ude, men ogs\u00e5 forbedrer gennemtr\u00e6ngningsmodstanden.<\/p>\n<p>Den ydre skal er lavet med CLC (complex Laminate konstruktion) og indeholder en specialdesignet kompositfiber, der er klemt mellem de to lag af Super Fiber Laminate. Kompositfiberen fungerer som et forst\u00e6rkningslag uden at \u00f8ge hjelmens v\u00e6gt v\u00e6sentligt.<\/p>\n<p><strong>Arai MXV Ventilation<\/strong><\/p>\n<p>Meget effektiv ventilation er afg\u00f8rende for en off-road\/motocross hjelm. Derfor har Arai MX-V redesignet ventilationssystemet: De lette at reng\u00f8re diffusorer, midterste topventil og dobbelt indtag skaber en \u00f8get luftstr\u00f8m. Luftindtaget under spidsbelastning opsamler og leder k\u00f8lig luft ind i hjelmens kroneomr\u00e5de. Den indvendige hageudluftningslukker styrer luftstr\u00f8mmen til hageomr\u00e5det og forhindrer snavs i at komme ind i hjelmen under st\u00f8vede k\u00f8reforhold.<\/p>\n<p>Den aftagelige, tredelte bagudst\u00f8dning skaber en enorm m\u00e6ngde venturi-vakuum bagp\u00e5. De kan nemt fjernes for reng\u00f8ring eller udskiftning. Sideventilationsudst\u00f8dningerne producerer lavt tryk bag den bageste udluftning for bedre udsugning af varmluft. Da de er integreret i den lille for bedre aerodynamik, reducerer de ogs\u00e5 vindst\u00f8j og forhindrer st\u00f8d ved h\u00f8jere hastigheder. Indvendigt hj\u00e6lper en lille skumd\u00e6mning med at absorbere og mindske overdreven st\u00f8j uden at reducere ventilationsydelsen.<\/p>\n<p><strong>Arai MXV Interi\u00f8r funktioner<\/strong><\/p>\n<p>Dry-Cool\u00ae liner \u2013 En vigtig egenskab for alle offroad-ryttere er den fuldst\u00e6ndigt aftagelige og vaskbare Dry-Cool\u00ae indvendige liner. Alle dele (indvendig foring, kindpuder, halsrulle og endda hageremmene) kan nemt tages ud til reng\u00f8ring, hvilket sikrer et friskt interi\u00f8r til enhver begivenhed. Udviklet til og testet i MotoGP bruger den mikrovandceller til at forbedre fugt- og varmeoverf\u00f8rslen fra hovedet til luftstr\u00f8mmen og t\u00f8rrer meget hurtigere end konventionelle tekstiler for at hj\u00e6lpe med at holde dit hoved k\u00f8ligere og t\u00f8rrere under en lang tur.<\/p>\n<p>Facial Contour System (FCS) \u2013 For at tilbyde en endnu bedre t\u00e6tsiddende pasform og \u00f8ge komforten til underk\u00e6ben, arbejder Facial Contour System (FCS) med en skumfjederst\u00f8tte i kindpuden, der komprimerer og springer tilbage.<\/p>\n<p><strong>Arai MXV hjelm funktioner<\/strong><\/p>\n<p>Som altid f\u00f8lger form funktion med Arai. Der er mange overfladiske genstande, du kan tilf\u00f8je til en hjelm: genstande, der kan se godt ud, men som ikke tilf\u00f8jer noget til hjelmens funktion. I denne forbindelse producerer Arai funktionelle hjelme med funktionelle innovationer.<\/p>\n<p>S\u00e5 ser vi m\u00e5ske p\u00e5 det visuelle. Som ryttere ved vi, hvor vigtigt komfort, pasform, ventilation og selvtillid er. Og vi tror, at de fleste af os her p\u00e5 Arai er ret typiske ryttere.<\/p>\n<p>Fuldt aftagelig\/udskiftelig Dry-Cool\u00ae liner fremmer forbedret fugt- og varmefjernelse. Fuldt aftagelige\/udskiftelige kindpuder for en tilpasset pasform.<br \/>\nValgfri r\u00f8gafviser.<br \/>\nHagestangsomr\u00e5det har en j\u00e6vn radius for at hj\u00e6lpe med at reducere snavs eller gravning.<br \/>\nKontrolventilationssystem (delta kanalskifte) hurtig \u00e5bning\/luk kontrol af forreste indsugnings- og bagudst\u00f8dningsscoops.<br \/>\nCLC (Complex Laminate Construction) skal af glasfiberkomposit er st\u00e6rkere og lettere, hvilket tillader brugen af bl\u00f8dere, mindre t\u00e6tte foringsmaterialer indeni for \u00f8get rytterkomfort.<br \/>\nMere effektiv chinbar centerudluftningsform.<br \/>\nStore udst\u00f8dningsventiler i siden p\u00e5 hagestangen.<br \/>\nACU Gold godkendt.<\/p>","protected":false},"excerpt":{"rendered":"<p>Arai MXV Motocross-hjelm i Stars &amp; Stripes Fluo Yellow har udviklet sig fra den meget elskede Arai VX-3-model.<\/p>\n<ul>\n<li>Fuldt aftagelig\/udskiftelig Dry-Cool\u00ae liner<\/li>\n<li>Styring af ventilationssystem (deltakanalvippe)<\/li>\n<li>CLC (Complex Laminate Construction) skal af glasfiberkomposit<\/li>\n<li>Store udst\u00f8dningsventiler i siden p\u00e5 hagestangen.<\/li>\n<li>ACU Gold godkendt.<\/li>\n<\/ul>","protected":false},"featured_media":9194,"comment_status":"closed","ping_status":"closed","template":"","meta":{"_relevanssi_hide_post":"","_relevanssi_hide_content":"","_relevanssi_pin_for_all":"","_relevanssi_pin_keywords":"","_relevanssi_unpin_keywords":"","_relevanssi_related_keywords":"","_relevanssi_related_include_ids":"","_relevanssi_related_exclude_ids":"","_relevanssi_related_no_append":"","_relevanssi_related_not_related":"","_relevanssi_related_posts":"","_relevanssi_noindex_reason":""},"product_brand":[],"product_cat":[84,50,56],"product_tag":[],"woo-feed-brand":[],"class_list":{"0":"post-9187","1":"product","2":"type-product","3":"status-publish","4":"has-post-thumbnail","6":"product_cat-adventure-helmets","7":"product_cat-helmets","8":"product_cat-mc-clothing","10":"first","11":"instock","12":"taxable","13":"shipping-taxable","14":"purchasable","15":"product-type-variable"},"_links":{"self":[{"href":"https:\/\/www.cphmc.com\/da\/wp-json\/wp\/v2\/product\/9187","targetHints":{"allow":["GET"]}}],"collection":[{"href":"https:\/\/www.cphmc.com\/da\/wp-json\/wp\/v2\/product"}],"about":[{"href":"https:\/\/www.cphmc.com\/da\/wp-json\/wp\/v2\/types\/product"}],"replies":[{"embeddable":true,"href":"https:\/\/www.cphmc.com\/da\/wp-json\/wp\/v2\/comments?post=9187"}],"wp:featuredmedia":[{"embeddable":true,"href":"https:\/\/www.cphmc.com\/da\/wp-json\/wp\/v2\/media\/9194"}],"wp:attachment":[{"href":"https:\/\/www.cphmc.com\/da\/wp-json\/wp\/v2\/media?parent=9187"}],"wp:term":[{"taxonomy":"product_brand","embeddable":true,"href":"https:\/\/www.cphmc.com\/da\/wp-json\/wp\/v2\/product_brand?post=9187"},{"taxonomy":"product_cat","embeddable":true,"href":"https:\/\/www.cphmc.com\/da\/wp-json\/wp\/v2\/product_cat?post=9187"},{"taxonomy":"product_tag","embeddable":true,"href":"https:\/\/www.cphmc.com\/da\/wp-json\/wp\/v2\/product_tag?post=9187"},{"taxonomy":"woo-feed-brand","embeddable":true,"href":"https:\/\/www.cphmc.com\/da\/wp-json\/wp\/v2\/woo-feed-brand?post=9187"}],"curies":[{"name":"wp","href":"https:\/\/api.w.org\/{rel}","templated":true}]}}