{"id":9231,"date":"2023-06-28T08:46:43","date_gmt":"2023-06-28T06:46:43","guid":{"rendered":"https:\/\/www.cphmc.com\/?post_type=product&#038;p=9231"},"modified":"2025-05-27T12:16:35","modified_gmt":"2025-05-27T10:16:35","slug":"mx-v-block-pink","status":"publish","type":"product","link":"https:\/\/www.cphmc.com\/da\/mc-clothing\/helmets\/adventure-helmets\/mx-v-block-pink\/","title":{"rendered":"MX-V \u2013 Blok Pink"},"content":{"rendered":"<p><strong>Arai MX-V Block Pink Motocross Hjelm<\/strong><\/p>\n<p>MX-V udviklede sig fra den meget elskede VX-3 model. Mange \u00e5rs erfaring kan findes i denne ultimative offroad-hjelm. Det perfekte valg til MX, Enduro og Off-road brug. Ligesom den findes i enhver Arai-hjelm, er den grundl\u00e6ggende og enkle organiske skalform baseret p\u00e5 R75 Shape-konceptet. Frav\u00e6ret af overdrevne kanter eller fremspring p\u00e5 skallen er ikke en mangel p\u00e5 kreativitet, men en forpligtelse til at bevare skallens integritet med den virkelige verdens effekt.<\/p>\n<p><strong>Funktioner<\/strong><\/p>\n<ul>\n<li>CLC fibre (Complex Laminate Construction) skal. Med et eksklusivt Arai-fiberlag (meget modstandsdygtigt og let) lagt mellem 2 lag Super Fibre. Dette materiale er 40% st\u00e6rkere end standard glasfiber med hensyn til forl\u00e6ngelse og foldningsmodstand.<\/li>\n<li>Effektivt ventilationssystem med forskellige forreste luftindtag og bagudsugninger for en fremragende luftstr\u00f8m. Sidstn\u00e6vnte er aftagelige.<\/li>\n<li>Hagebeskytterens luftindtag kan \u00e5bnes og lukkes indefra. Den har et rustfrit st\u00e5lgitter (kun et stykke). Aftagelig og nem at reng\u00f8re.<\/li>\n<li>Fuldt aftageligt og vaskbart Dry-Cool\u00ae interi\u00f8r. Udviklet og testet i MotoGP.<\/li>\n<li>Facial Contour System (FCS): FCS giver en &quot;fjeder&quot; effekt, der g\u00f8r det lettere at tage hjelmen p\u00e5. FCS-polstringen d\u00e6kker bedre omr\u00e5det under k\u00e6ben og kindomr\u00e5det. FCS giver en sikker st\u00f8tte over et bredere omr\u00e5de, hvilket giver st\u00f8rre stabilitet og komfort med minimalt tryk.<\/li>\n<li>Innovativ top: leder luften mod de forreste indl\u00f8b for st\u00f8rre afk\u00f8ling, mens de forskellige \u00e5bninger hj\u00e6lper med at reducere &quot;l\u00f8ftet&quot; ved h\u00f8j hastighed. Dens aflange og afrundede design hj\u00e6lper med at beskytte rytteren mod mudder og andre elementer.<\/li>\n<li>Den laterale sidebekl\u00e6dning af hjelm\u00e5bningen hj\u00e6lper med at tillade brilleb\u00e5ndet at sidde solidt p\u00e5 plads, selv under aggressiv k\u00f8rsel.<\/li>\n<li>Dobbelt ring fastg\u00f8relse.<\/li>\n<li>EEC 22-05<\/li>\n<\/ul>","protected":false},"excerpt":{"rendered":"<p>MX-V udviklede sig fra den meget elskede VX-3 model. Det perfekte valg til MX, Enduro og Off-road brug. Ligesom den findes i enhver Arai-hjelm, er den grundl\u00e6ggende og enkle organiske skalform baseret p\u00e5 R75 Shape-konceptet.<\/p>\n<ul>\n<li>CLC fibre (Complex Laminate Construction) skal<\/li>\n<li>Effektivt ventilationssystem<\/li>\n<li>Fuldt aftageligt og vaskbart Dry-Cool\u00ae interi\u00f8r<\/li>\n<li>Facial Contour System (FCS)<\/li>\n<li>Dobbelt ring fastg\u00f8relse.<\/li>\n<li>EEC 22-05<\/li>\n<\/ul>","protected":false},"featured_media":9238,"comment_status":"closed","ping_status":"closed","template":"","meta":{"_relevanssi_hide_post":"","_relevanssi_hide_content":"","_relevanssi_pin_for_all":"","_relevanssi_pin_keywords":"","_relevanssi_unpin_keywords":"","_relevanssi_related_keywords":"","_relevanssi_related_include_ids":"","_relevanssi_related_exclude_ids":"","_relevanssi_related_no_append":"","_relevanssi_related_not_related":"","_relevanssi_related_posts":"","_relevanssi_noindex_reason":""},"product_brand":[],"product_cat":[84,50,56],"product_tag":[],"woo-feed-brand":[],"class_list":{"0":"post-9231","1":"product","2":"type-product","3":"status-publish","4":"has-post-thumbnail","6":"product_cat-adventure-helmets","7":"product_cat-helmets","8":"product_cat-mc-clothing","10":"first","11":"instock","12":"taxable","13":"shipping-taxable","14":"purchasable","15":"product-type-variable"},"_links":{"self":[{"href":"https:\/\/www.cphmc.com\/da\/wp-json\/wp\/v2\/product\/9231","targetHints":{"allow":["GET"]}}],"collection":[{"href":"https:\/\/www.cphmc.com\/da\/wp-json\/wp\/v2\/product"}],"about":[{"href":"https:\/\/www.cphmc.com\/da\/wp-json\/wp\/v2\/types\/product"}],"replies":[{"embeddable":true,"href":"https:\/\/www.cphmc.com\/da\/wp-json\/wp\/v2\/comments?post=9231"}],"wp:featuredmedia":[{"embeddable":true,"href":"https:\/\/www.cphmc.com\/da\/wp-json\/wp\/v2\/media\/9238"}],"wp:attachment":[{"href":"https:\/\/www.cphmc.com\/da\/wp-json\/wp\/v2\/media?parent=9231"}],"wp:term":[{"taxonomy":"product_brand","embeddable":true,"href":"https:\/\/www.cphmc.com\/da\/wp-json\/wp\/v2\/product_brand?post=9231"},{"taxonomy":"product_cat","embeddable":true,"href":"https:\/\/www.cphmc.com\/da\/wp-json\/wp\/v2\/product_cat?post=9231"},{"taxonomy":"product_tag","embeddable":true,"href":"https:\/\/www.cphmc.com\/da\/wp-json\/wp\/v2\/product_tag?post=9231"},{"taxonomy":"woo-feed-brand","embeddable":true,"href":"https:\/\/www.cphmc.com\/da\/wp-json\/wp\/v2\/woo-feed-brand?post=9231"}],"curies":[{"name":"wp","href":"https:\/\/api.w.org\/{rel}","templated":true}]}}