{"id":9341,"date":"2023-06-29T07:31:36","date_gmt":"2023-06-29T05:31:36","guid":{"rendered":"https:\/\/www.cphmc.com\/?post_type=product&#038;p=9341"},"modified":"2025-05-27T12:16:31","modified_gmt":"2025-05-27T10:16:31","slug":"rx-7v-evo-pedrosa-spirit-gold","status":"publish","type":"product","link":"https:\/\/www.cphmc.com\/da\/mc-clothing\/helmets\/full-face-helmets\/rx-7v-evo-pedrosa-spirit-gold\/","title":{"rendered":"RX-7V EVO \u2013 Pedrosa Spirit Gold"},"content":{"rendered":"<p><strong>Arai RX-7V Evo hjelm.\u00a0<\/strong><\/p>\n<p>Den nye RX-7V Evo er homologeret i henhold til det nye ECE 22.06 regulativ. Det er udviklingen af Arai RX-7V racerhjelmen. Arai har anvendt sine mest avancerede teknologier til det, s\u00e5som VAS-sk\u00e6rmen, et avanceret ventilationssystem og FCS indvendig polstring. R75 Shape-konceptet best\u00e5r i at tilbyde en ydre skal (ydre struktur), der er mere modstandsdygtig, mere afrundet og glattere.<\/p>\n<p><strong>Ydre skal<\/strong><\/p>\n<p>Lavet i PB SNC2, det er en kombination af Super Fiber og specielle syntetiske fibre med stor modstand og fleksibilitet samlet af Arai-eksperter. Brugen af en ny harpiks giver mere modstand mod skallen, hvilket reducerer v\u00e6gten.<br \/>\n5-densitet indre EPS.<\/p>\n<p><strong>Ventilationssystem<\/strong><\/p>\n<p>Den forreste ventilationsmekanisme giver mulighed for at justere den til 3 positioner; \u00e5ben, p\u00e5 klem og lukket, og forbedrer t\u00e6tningen og reducerer derved st\u00f8j inde i hjelmen.<br \/>\nLuftindtaget placeret i det \u00f8verste centrale omr\u00e5de giver 11% mere ventilation sammenlignet med den tidligere model, og den nye st\u00f8rre \u00e5bne- og lukkemekanisme g\u00f8r det lettere at betjene. De \u00f8verste diffusorer er meget effektive og arbejder sammen med den bagerste Air Wing for at forbedre stabiliteten.<br \/>\nDe indvendige kanaler sikrer et k\u00f8ligt milj\u00f8 inde i hjelmen, og side- og bagluft\u00e5bningerne tillader evakuering af varm luft inde fra hjelmen.<br \/>\nIndbygningen af en ny hagebeskytter forhindrer indtr\u00e6ngen af turbulens inde i hjelmen.<br \/>\nDen har visir\u00e5bninger, der tillader god ventilation direkte i omr\u00e5det omkring motorcyklistens pande.<\/p>\n<p><strong>Aerodynamik<\/strong><\/p>\n<p>Patenteret 5-positions justerbar Air Wing\u00ae spoiler reducerer modstand og turbulens ved h\u00f8je hastigheder.<\/p>\n<p><strong>Indre<\/strong><\/p>\n<p>Den indvendige polstring er fuldst\u00e6ndig aftagelig og vaskbar. Lavet med Eco Pure stof, de tilbyder et optimalt touch og fremragende antibakterielle egenskaber.<br \/>\nFCS-system, der forbedrer komforten og giver en perfekt pasform og st\u00f8tte til k\u00e6be- og ansigtsomr\u00e5det.<br \/>\nDet nye interi\u00f8r tillader en personlig pasform takket v\u00e6re &quot;Peel Away&quot;-systemet og har en specifik plads til at montere h\u00f8jttalerne i et samtaleanl\u00e6g.<br \/>\nDen indeholder ogs\u00e5 n\u00f8dafmonteringssystemet til sidepolstringen, som g\u00f8r det muligt at fjerne hjelmen uden at skade rytteren i tilf\u00e6lde af en ulykke.<\/p>\n<p><strong>Sk\u00e6rm<\/strong><\/p>\n<p>Den nye Arai RX-7V Evo inkorporerer den nye VAS Max Vision-sk\u00e6rm, der g\u00f8r det nemt at montere og fjerne sk\u00e6rmen. Den har en sk\u00e6rmlukkemekanisme, der forhindrer den i at \u00e5bne ved et uheld.<br \/>\nDen inkorporerer et Pinlock MaxVision anti-dug-lag som standard for et klart udsyn i alle vejrforhold.<\/p>\n<p><strong>Lukning<\/strong><\/p>\n<p>Lukkesystemet p\u00e5 RX-7V Evo er dobbeltsp\u00e6nde.<\/p>","protected":false},"excerpt":{"rendered":"<p>Den nye Arai RX-7V Evo er homologeret i henhold til det nye ECE 22.06 regulativ.<\/p>\n<ul>\n<li>Skal i PB SNC2, en kombination af Super Fiber og specielle syntetiske fibre<\/li>\n<li>5-densitet indre EPS<\/li>\n<li>Patenteret 5-positions justerbar Air Wing\u00ae spoiler<\/li>\n<li>Eco Pure stof interi\u00f8r<\/li>\n<li>VAS Max Vision sk\u00e6rm<\/li>\n<\/ul>","protected":false},"featured_media":9347,"comment_status":"closed","ping_status":"closed","template":"","meta":{"_relevanssi_hide_post":"","_relevanssi_hide_content":"","_relevanssi_pin_for_all":"","_relevanssi_pin_keywords":"","_relevanssi_unpin_keywords":"","_relevanssi_related_keywords":"","_relevanssi_related_include_ids":"","_relevanssi_related_exclude_ids":"","_relevanssi_related_no_append":"","_relevanssi_related_not_related":"","_relevanssi_related_posts":"","_relevanssi_noindex_reason":""},"product_brand":[],"product_cat":[81,50,56,83],"product_tag":[],"woo-feed-brand":[],"class_list":{"0":"post-9341","1":"product","2":"type-product","3":"status-publish","4":"has-post-thumbnail","6":"product_cat-full-face-helmets","7":"product_cat-helmets","8":"product_cat-mc-clothing","9":"product_cat-sports-helmets","11":"first","12":"instock","13":"taxable","14":"shipping-taxable","15":"purchasable","16":"product-type-variable"},"_links":{"self":[{"href":"https:\/\/www.cphmc.com\/da\/wp-json\/wp\/v2\/product\/9341","targetHints":{"allow":["GET"]}}],"collection":[{"href":"https:\/\/www.cphmc.com\/da\/wp-json\/wp\/v2\/product"}],"about":[{"href":"https:\/\/www.cphmc.com\/da\/wp-json\/wp\/v2\/types\/product"}],"replies":[{"embeddable":true,"href":"https:\/\/www.cphmc.com\/da\/wp-json\/wp\/v2\/comments?post=9341"}],"wp:featuredmedia":[{"embeddable":true,"href":"https:\/\/www.cphmc.com\/da\/wp-json\/wp\/v2\/media\/9347"}],"wp:attachment":[{"href":"https:\/\/www.cphmc.com\/da\/wp-json\/wp\/v2\/media?parent=9341"}],"wp:term":[{"taxonomy":"product_brand","embeddable":true,"href":"https:\/\/www.cphmc.com\/da\/wp-json\/wp\/v2\/product_brand?post=9341"},{"taxonomy":"product_cat","embeddable":true,"href":"https:\/\/www.cphmc.com\/da\/wp-json\/wp\/v2\/product_cat?post=9341"},{"taxonomy":"product_tag","embeddable":true,"href":"https:\/\/www.cphmc.com\/da\/wp-json\/wp\/v2\/product_tag?post=9341"},{"taxonomy":"woo-feed-brand","embeddable":true,"href":"https:\/\/www.cphmc.com\/da\/wp-json\/wp\/v2\/woo-feed-brand?post=9341"}],"curies":[{"name":"wp","href":"https:\/\/api.w.org\/{rel}","templated":true}]}}