{"id":9425,"date":"2023-06-29T08:15:54","date_gmt":"2023-06-29T06:15:54","guid":{"rendered":"https:\/\/www.cphmc.com\/?post_type=product&#038;p=9425"},"modified":"2025-05-27T12:16:28","modified_gmt":"2025-05-27T10:16:28","slug":"tour-x4-detour-ii-red","status":"publish","type":"product","link":"https:\/\/www.cphmc.com\/da\/mc-clothing\/helmets\/adventure-helmets\/tour-x4-detour-ii-red\/","title":{"rendered":"Tour-X4 \u2013 Detour II R\u00f8d"},"content":{"rendered":"<p><strong>Arai Tour-X4 Adventure &amp; Endurance hjelm<\/strong><\/p>\n<p>Eventyr, grand touring eller off road, uanset k\u00f8reforholdene, Tour-X4 er klar til alt. Tour-X4 har en helt ny ydre skal. Redesignet til at v\u00e6re h\u00e5rdere, st\u00e6rkere og stivere end nogensinde. Da Tour-X4 kan bruges under ekstreme forhold, er ventilationssystemet blevet nyudviklet til maksimal effektivitet. Det nye Facial Contour System (FCS) giver mere st\u00f8tte og komfort til underk\u00e6ben og skaber en t\u00e6ttere pasform. For en endnu bedre personlig pasform er der et aftageligt 5 mm overfladeskumlag p\u00e5 kindpuderne og brillepuden fra headlinen. B\u00e6r Tour-X4 med eller uden top, med eller uden visir og kombinationer af disse to. Den store visir\u00e5bning giver masser af plads til motocross-stil-briller, n\u00e5r du k\u00f8rer uden visir.<\/p>\n<p><strong>Funktioner<\/strong><\/p>\n<ul>\n<li>Glasfiber CNC yderskal<\/li>\n<li>EPS indvendig skal med variabel t\u00e6thed<\/li>\n<li>DryCool aftageligt og vaskbart for<\/li>\n<li>Forbedret ventilation<\/li>\n<li>Arai Hyper Ridge forst\u00e6rkningsb\u00e5nd<\/li>\n<li>Aftagelig top<\/li>\n<li>Klart anti-ridsevisir<\/li>\n<li>LRS quick release visir system<\/li>\n<li>Udtr\u00e6kkelig hagespoiler<\/li>\n<li>Facial Contour System for bedre pasform<\/li>\n<li>Kindpuder med &#039;skr\u00e6lbare&#039; lag<\/li>\n<li>ERS n\u00f8dudl\u00f8ser kindpuder<\/li>\n<li>Pinlock medf\u00f8lger<\/li>\n<li>DD-retentionssystem<\/li>\n<li>ECE godkendt<\/li>\n<\/ul>","protected":false},"excerpt":{"rendered":"<p>Arai Tour-X4 til store eventyr, lange turture eller offroad- og grusridning. Uanset k\u00f8reforholdene er Tour-X4 klar til alt. Tour-X4 har en helt ny ydre skal. Redesignet til at v\u00e6re h\u00e5rdere, st\u00e6rkere og stivere end nogensinde.<\/p>\n<p><strong>Funktioner<\/strong><\/p>\n<ul>\n<li>Glasfiber CNC yderskal<\/li>\n<li>Forbedret ventilation<\/li>\n<li>Arai Hyper Ridge forst\u00e6rkningsb\u00e5nd<\/li>\n<li>Klart anti-ridsevisir<\/li>\n<li>ECE godkendt<\/li>\n<\/ul>","protected":false},"featured_media":9431,"comment_status":"closed","ping_status":"closed","template":"","meta":{"_relevanssi_hide_post":"","_relevanssi_hide_content":"","_relevanssi_pin_for_all":"","_relevanssi_pin_keywords":"","_relevanssi_unpin_keywords":"","_relevanssi_related_keywords":"","_relevanssi_related_include_ids":"","_relevanssi_related_exclude_ids":"","_relevanssi_related_no_append":"","_relevanssi_related_not_related":"","_relevanssi_related_posts":"","_relevanssi_noindex_reason":""},"product_brand":[],"product_cat":[84,50,56,83],"product_tag":[],"woo-feed-brand":[],"class_list":{"0":"post-9425","1":"product","2":"type-product","3":"status-publish","4":"has-post-thumbnail","6":"product_cat-adventure-helmets","7":"product_cat-helmets","8":"product_cat-mc-clothing","9":"product_cat-sports-helmets","11":"first","12":"instock","13":"taxable","14":"shipping-taxable","15":"purchasable","16":"product-type-variable"},"_links":{"self":[{"href":"https:\/\/www.cphmc.com\/da\/wp-json\/wp\/v2\/product\/9425","targetHints":{"allow":["GET"]}}],"collection":[{"href":"https:\/\/www.cphmc.com\/da\/wp-json\/wp\/v2\/product"}],"about":[{"href":"https:\/\/www.cphmc.com\/da\/wp-json\/wp\/v2\/types\/product"}],"replies":[{"embeddable":true,"href":"https:\/\/www.cphmc.com\/da\/wp-json\/wp\/v2\/comments?post=9425"}],"wp:featuredmedia":[{"embeddable":true,"href":"https:\/\/www.cphmc.com\/da\/wp-json\/wp\/v2\/media\/9431"}],"wp:attachment":[{"href":"https:\/\/www.cphmc.com\/da\/wp-json\/wp\/v2\/media?parent=9425"}],"wp:term":[{"taxonomy":"product_brand","embeddable":true,"href":"https:\/\/www.cphmc.com\/da\/wp-json\/wp\/v2\/product_brand?post=9425"},{"taxonomy":"product_cat","embeddable":true,"href":"https:\/\/www.cphmc.com\/da\/wp-json\/wp\/v2\/product_cat?post=9425"},{"taxonomy":"product_tag","embeddable":true,"href":"https:\/\/www.cphmc.com\/da\/wp-json\/wp\/v2\/product_tag?post=9425"},{"taxonomy":"woo-feed-brand","embeddable":true,"href":"https:\/\/www.cphmc.com\/da\/wp-json\/wp\/v2\/woo-feed-brand?post=9425"}],"curies":[{"name":"wp","href":"https:\/\/api.w.org\/{rel}","templated":true}]}}