{"id":9449,"date":"2023-06-29T09:25:23","date_gmt":"2023-06-29T07:25:23","guid":{"rendered":"https:\/\/www.cphmc.com\/?post_type=product&#038;p=9449"},"modified":"2025-05-27T12:16:28","modified_gmt":"2025-05-27T10:16:28","slug":"quantic-robotik-blue","status":"publish","type":"product","link":"https:\/\/www.cphmc.com\/da\/mc-clothing\/helmets\/full-face-helmets\/quantic-robotik-blue\/","title":{"rendered":"Quantic \u2013 Robotik bl\u00e5"},"content":{"rendered":"<h3>Arai Quantic<\/h3>\n<p>Som med enhver Arai er Quantic f\u00f8rst og fremmest dannet omkring beskyttelse. Fremstillet i h\u00e5nden, den ydre skal bevarer kernestyrken, men med en v\u00e6sentlig v\u00e6gtreduktion. Den glatte, runde form er en vigtig Arai-signatur og prim\u00e6rt designet til at &quot;blikke af&quot; og sprede st\u00f8dkr\u00e6fter. Ved at bruge de aerodynamiske og beskyttende egenskaber fra Arais fuldl\u00f8bshjelme og al den erfaring og knowhow, der er tjent over millioner af vejkilometer, glider den nye Quantic gennem luften p\u00e6nt og effektivt og pakker sin b\u00e6rer ind i en kokon af luksus. Den tilbyder et frisk valg til ryttere, der \u00f8nsker den allerbedste ydeevne fra en hjelm \u2013 med hensyn til beskyttelse, komfort og brugervenlighed, dag ud dag ind \u2013 uden at g\u00e5 p\u00e5 kompromis. For nem adgang til og fra har Quantic en 5 mm flare rundt om bunden, mens VAS MAX vision-visiret leveres med en Pinlock-indsats klar til brug. Det f\u00f8rsteklasses, b\u00f8rstede nyloninteri\u00f8r er aftageligt og har Facial Contour System (FCS) og en halsrulletr\u00e5dlomme. Den har ogs\u00e5 Emergency Release System (ERS).<\/p>\n<p><strong>Generel<\/strong><\/p>\n<p>Ydre skal: PB e-cLc (Periferally Belted e-Complex Laminate Construction) \u2013 PB e-cLc ydre skaldesign skitserer en stilfuld, organisk form og bruger en Periferally Belted e-Complex Laminate Construction for letv\u00e6gtsstyrke; den er designet til at kigge ud og sprede st\u00f8dkr\u00e6fter. Nye materialer er blevet brugt til at erstatte AR-m\u00e5tten som mellemlag, hvilket resulterer i en v\u00e6sentlig v\u00e6gtreduktion, samtidig med at den har bevaret samme styrke som PB-cLc-konstruktionen.<br \/>\nVariable Axis System (VAS) \u2013 Med VAS s\u00e6nkes visirets monteringsposition, hvilket giver et gennemsnit p\u00e5 yderligere 24 mm p\u00e5 tv\u00e6rs af begge brillest\u00e6nger, i jagten p\u00e5 den ideelle glattere form, der \u00f8ger evnen til at se energi. Som et resultat har dette gjort det muligt for mere af skallen at v\u00e6re glattere langs og over testlinjen i Snell-standarden.<br \/>\nDobbelt-D ring<br \/>\nECE R22-06 Godkendt<\/p>\n<p><strong>Ventilation<\/strong><\/p>\n<p>Quantic Ventilation \u2013 Omfattende og kontrollerbar ventilation er baseret p\u00e5 12 ventilationsporte: 6 indtag, 6 udsugning. 3D Arai-logoet f\u00f8rer k\u00f8leluft ind i to centrale indsugningspunkter og fungerer godt ved lav hastighed sammen med dobbelte F1-afledte t\u00e5rekanaltopindtag, dobbelte pande\u00e5bninger og 2-positions glidende luftscoop, filtreret hageventil. Varm luft udsuges effektivt via 3-vejs et-stykke bagudst\u00f8dning\/spoiler, dobbelte flush-fit sideudst\u00f8dninger (med skumd\u00e6mninger for at reducere st\u00f8j) og halsudst\u00f8dning.<\/p>\n<p><strong>Frontventilation<br \/>\n<\/strong><\/p>\n<p>3D Arai-logokanal \u2013 Den nye 3D Arai-logokanal (lavet s\u00e5 tynd som muligt, kun 3,5 mm i dybden) kan umiddelbart bem\u00e6rkes, og den forsyner to centrale 10 mm indsugnings\u00e5bninger. Dette er den f\u00f8rste i en Arai, og helt p\u00e5 grund af PB e-cLc&#039;s styrke og skalkonstruktionen. Den fungerer ogs\u00e5 meget godt ved lav hastighed og med en oprejst k\u00f8restilling; ved kun 50 km\/t kanaliserer den en ekstra 40% luftstr\u00f8m, ved 120 km\/t 7%. Den kan ogs\u00e5 \u00e5bnes eller lukkes nemt med sommer- eller vinterhandsker via et kortslagsh\u00e5ndtag placeret \u00f8verst; hvis rytteren ikke kan se h\u00e5ndtaget, og logoet er p\u00e5 sin normale plads, er kanalen \u00e5ben. Arai-logokanalen er designet til at bryde ud i tilf\u00e6lde af en kollision.<br \/>\nAir-scoop hageventil - Ogs\u00e5 nyt er den 3-positions (\u00e5ben, midtvejs og lukket) glidende luft-scoop hageventil, som str\u00f8mmer en st\u00f8rre indsugningsvolumen af luft og har et udskifteligt filter. Aktiveringsmekanismen er tykkere og nem at bruge med handsker.<br \/>\nDobbelt indtag<br \/>\nBrynventiler<\/p>\n<p><strong>\u00c6gte ventilation<br \/>\n<\/strong><\/p>\n<p>Bagudst\u00f8dning i \u00e9t stykke med spoilerfunktion \u2013 Den bageste udst\u00f8dning\/spoiler i \u00e9t stykke, betjent af en 3-vejs kontakt, er inspireret af DX-2 fra RX-7V Racing, men redesignet til touringbrug \u2013 dog var det testet op til 300 km\/t hos Suzuka. Den sidder lidt mere fremme p\u00e5 skallen og bliver fodret af 3 porte i skallen. Som en del af Quantics omfattende ventilationssystem tr\u00e6kker den effektivt luft, men udj\u00e6vner ogs\u00e5 luftstr\u00f8mmen over (og fra siden) af hjelmen, hvilket forbedrer stabiliteten og reducerer st\u00f8d, is\u00e6r ved overhaling ved motorvejshastigheder. Resultatet er meget mindre ryttertr\u00e6thed. Fremstillet s\u00e5 tynd og let som muligt er den designet til at knuse eller bryde v\u00e6k ved st\u00f8d og har derfor ingen indflydelse p\u00e5 den beskyttende ydeevne.<br \/>\nNakkeudst\u00f8dningsventil<br \/>\nSideudst\u00f8dninger<\/p>\n<p><strong>Aerodynamik<\/strong><\/p>\n<p>Bagudst\u00f8dning i \u00e9t stykke med spoilerfunktion \u2013 Den bageste udst\u00f8dning\/spoiler i \u00e9t stykke, betjent af en 3-vejs kontakt, er inspireret af DX-2 fra RX-7V Racing, men redesignet til touringbrug \u2013 dog var det testet op til 300 km\/t hos Suzuka. Den sidder lidt mere fremme p\u00e5 skallen og bliver fodret af 3 porte i skallen. Som en del af Quantics omfattende ventilationssystem tr\u00e6kker den effektivt luft, men udj\u00e6vner ogs\u00e5 luftstr\u00f8mmen over (og fra siden) af hjelmen, hvilket forbedrer stabiliteten og reducerer st\u00f8d, is\u00e6r ved overhaling ved motorvejshastigheder. Resultatet er meget mindre ryttertr\u00e6thed. Fremstillet s\u00e5 tynd og let som muligt er den designet til at knuse eller bryde v\u00e6k ved st\u00f8d og har derfor ingen indflydelse p\u00e5 den beskyttende ydeevne.<\/p>\n<p><strong>Visir<\/strong><\/p>\n<p>VAS Max Vision Visir<br \/>\nPinlock linse medf\u00f8lger<\/p>\n<p><strong>Indre<\/strong><\/p>\n<p>B\u00f8rstet nylon Foringsmateriale \u2013 Ved at bruge det indre af b\u00e5de Profile-V og RX-7V som benchmarks, blev Quantics interi\u00f8r designet fra bunden for maksimal komfort, luftstr\u00f8m (der er to huller i pandeomr\u00e5det) og let v\u00e6gt. Interi\u00f8ret og kindpuderne fjernes nemt for reng\u00f8ring eller justering.<br \/>\nUdskiftelige kindpuder\/\u00f8rekopper<br \/>\nUdskifteligt interi\u00f8r<br \/>\nH\u00f8jttalerlommer<br \/>\nFacial Contour System (FCS)<br \/>\n5 mm &#039;&#039;Peel Away&#039;&#039; tempelpude<\/p>\n<p><strong>Komfort<\/strong><\/p>\n<p>Emergency Release System (ERS) \u2013 Giver lettere adgang til en skadet rytter. Ved at tr\u00e6kke i de orange tapper, der er integreret i puderne, glider kindpuderne ud. G\u00f8r det nemmere at fjerne hjelm for uddannet medicinsk personale og reddere. Minimerer risikoen for yderligere skader.<br \/>\n\u00c5ndev\u00e6rn<br \/>\nHagegardin (fast)<br \/>\n5 mm bredere bund<br \/>\nSamtaleanl\u00e6g overnatning<br \/>\nNeckroll tr\u00e5dlomme<\/p>\n<p>St\u00f8rrelsesoplysninger leveres af producenten og garanterer ikke en perfekt pasform. Brug venligst kun de viste st\u00f8rrelser som vejledende.<\/p>","protected":false},"excerpt":{"rendered":"<p>Arai Quantic er dannet omkring beskyttelse, f\u00f8rst og fremmest. Den glatte, runde form er en vigtig Arai-signatur og prim\u00e6rt designet til at &quot;blikke af&quot; og sprede st\u00f8dkr\u00e6fter. Den nye Quantic glider p\u00e6nt og effektivt gennem luften og pakker sin b\u00e6rer ind i en kokon af luksus, og det f\u00f8rsteklasses b\u00f8rstede nyloninteri\u00f8r er aftageligt og har Facial Contour System (FCS) og en halsrulletr\u00e5dlomme.<\/p>\n<ul>\n<li>Ydre skal: PB e-cLc (Peripherally Belted e-Complex Laminate Construction)<\/li>\n<li>B\u00f8rstet nylon liner materiale<\/li>\n<li>12 ventilationsporte: 6 indtag, 6 udsugning<\/li>\n<li>Pinlock linse medf\u00f8lger<\/li>\n<li>ECE 22-06 Godkendt<\/li>\n<\/ul>","protected":false},"featured_media":9456,"comment_status":"closed","ping_status":"closed","template":"","meta":{"_relevanssi_hide_post":"","_relevanssi_hide_content":"","_relevanssi_pin_for_all":"","_relevanssi_pin_keywords":"","_relevanssi_unpin_keywords":"","_relevanssi_related_keywords":"","_relevanssi_related_include_ids":"","_relevanssi_related_exclude_ids":"","_relevanssi_related_no_append":"","_relevanssi_related_not_related":"","_relevanssi_related_posts":"","_relevanssi_noindex_reason":""},"product_brand":[],"product_cat":[81,50,56],"product_tag":[],"woo-feed-brand":[],"class_list":{"0":"post-9449","1":"product","2":"type-product","3":"status-publish","4":"has-post-thumbnail","6":"product_cat-full-face-helmets","7":"product_cat-helmets","8":"product_cat-mc-clothing","10":"first","11":"instock","12":"taxable","13":"shipping-taxable","14":"purchasable","15":"product-type-variable"},"_links":{"self":[{"href":"https:\/\/www.cphmc.com\/da\/wp-json\/wp\/v2\/product\/9449","targetHints":{"allow":["GET"]}}],"collection":[{"href":"https:\/\/www.cphmc.com\/da\/wp-json\/wp\/v2\/product"}],"about":[{"href":"https:\/\/www.cphmc.com\/da\/wp-json\/wp\/v2\/types\/product"}],"replies":[{"embeddable":true,"href":"https:\/\/www.cphmc.com\/da\/wp-json\/wp\/v2\/comments?post=9449"}],"wp:featuredmedia":[{"embeddable":true,"href":"https:\/\/www.cphmc.com\/da\/wp-json\/wp\/v2\/media\/9456"}],"wp:attachment":[{"href":"https:\/\/www.cphmc.com\/da\/wp-json\/wp\/v2\/media?parent=9449"}],"wp:term":[{"taxonomy":"product_brand","embeddable":true,"href":"https:\/\/www.cphmc.com\/da\/wp-json\/wp\/v2\/product_brand?post=9449"},{"taxonomy":"product_cat","embeddable":true,"href":"https:\/\/www.cphmc.com\/da\/wp-json\/wp\/v2\/product_cat?post=9449"},{"taxonomy":"product_tag","embeddable":true,"href":"https:\/\/www.cphmc.com\/da\/wp-json\/wp\/v2\/product_tag?post=9449"},{"taxonomy":"woo-feed-brand","embeddable":true,"href":"https:\/\/www.cphmc.com\/da\/wp-json\/wp\/v2\/woo-feed-brand?post=9449"}],"curies":[{"name":"wp","href":"https:\/\/api.w.org\/{rel}","templated":true}]}}