{"id":9514,"date":"2023-08-10T14:12:45","date_gmt":"2023-08-10T12:12:45","guid":{"rendered":"https:\/\/www.cphmc.com\/?post_type=product&#038;p=9514"},"modified":"2023-08-10T14:20:36","modified_gmt":"2023-08-10T12:20:36","slug":"garmin-zumo-xt","status":"publish","type":"product","link":"https:\/\/www.cphmc.com\/da\/mc-equipment\/electronics-mounts\/gps-cameras\/garmin-zumo-xt\/","title":{"rendered":"Garmin Zumo XT"},"content":{"rendered":"<p>Den robuste zumo\u00ae XT motorcykelnavigator til alt terr\u00e6n er bygget til eventyr.<\/p>\n<p>Dens ultraklare 5,5&quot; sk\u00e6rm er handskevenlig og regnbestandig. Den kan modst\u00e5 alt slags vejr, ekstreme temperaturer og vibrationer. F\u00e5 eventyrlige ruter med sving-for-sving-vejledninger til vejnavigation og topografiske eller BirdsEye-satellitbilleder til off-road-vejledning, uden abonnement n\u00f8dvendigt. Rytteradvarsler hj\u00e6lper dig med at forberede dig p\u00e5 skarpe kurver og jernbaneoversk\u00e6ringer. Administrer og gennemse nemt ruter, spor og waypoints p\u00e5 tv\u00e6rs af din navigator, smartphone og computer ved hj\u00e6lp af Garmin Explore\u2122. Par med en kompatibel inReach\u00ae-satellitkommunikator (s\u00e6lges separat) for interaktiv SOS, tovejsmeddelelser og placeringsdeling.<\/p>\n<p><strong>Funktioner<\/strong><\/p>\n<ul>\n<li>ultra lysst\u00e6rk 5,5 tommer HD touch-sk\u00e6rm<\/li>\n<li>Vejnavigationskort for Europa inklusive opdateringer<\/li>\n<li>pr\u00e6installerede topografiske kort til terr\u00e6nnavigation<\/li>\n<li>BirdsEye satellitbilleder via download inkluderet<\/li>\n<li>Garmin AdventurousRouting\u2122<\/li>\n<li>Rundtur, ruteplanl\u00e6gning og TracBack-funktion integreret<\/li>\n<li>Live vejr, live trafik og mere via Garmin Drive App<\/li>\n<li>TripAdvisor\u00ae, Foursquare\u00ae, iOverlander\u2122 og motorcykel POI&#039;er<\/li>\n<li>Bluetooth\u00ae h\u00e5ndfri funktion og integreret musikafspiller<\/li>\n<li>integreret track recorder med kompas og h\u00f8jdeprofil<\/li>\n<li>Garmin ExploreApp-kompatibel<\/li>\n<li>kompatibel med inReach\u00ae-enheder (s\u00e6lges separat)<\/li>\n<\/ul>\n<p><strong>specifikationer<\/strong><\/p>\n<ul>\n<li>5,5&quot; ultralys sk\u00e6rm: Handskevenlig, ultralys 5,5&quot; sk\u00e6rm med skarp HD-opl\u00f8sning kan monteres i liggende eller portr\u00e6tvisning; designet til at modst\u00e5 vejr (IPX7) og uj\u00e6vnt terr\u00e6n.<\/li>\n<li>On- og off-road-kort: Skift nemt mellem talte sving-for-sving-anvisninger for gader i Europa, forudindl\u00e6ste topografiske kort og globale BirdsEye-satellitbilleder, s\u00e5 du altid kan have det perfekte kort til din tur. Kortopdateringer inkluderet.<\/li>\n<li>Birdseye-satellitbilleder: F\u00e5 adgang til globale BirdsEye-satellitbilleder med direkte downloads til enhed via WiFi\u00ae og uden \u00e5rligt abonnement.<\/li>\n<li>Administrer nemt dine ruter: Administrer og gennemse dine ruter, spor og waypoints p\u00e5 tv\u00e6rs af din z\u016bmo XT1, smartphone og computer ved hj\u00e6lp af Garmin Explore\u2122<\/li>\n<li>Det er nemt at se sightseeing: Forudindl\u00e6ste TripAdvisor\u00ae-rejsendes vurderinger, iOverlander\u2122-interessepunkter og Foursquare\u00ae-indhold til millioner af nye og popul\u00e6re steder.<\/li>\n<li>Track recorder: Optager din rute for at gemme og dele til fremtidige eventyr.<\/li>\n<li>Fungerer med inreach\u00ae: Par z\u016bmo XT med en kompatibel Garmin inReach Satellite Communicator (s\u00e6lges separat) til 2-vejs sms, placeringsdeling og SOS.<\/li>\n<li>Del dine yndlingsture: Send nemt 1 GPX-fil fra din telefon til z\u016bmo XT.<\/li>\n<li>Garmin Adventurous routing\u2122: Eventyrlige rutemuligheder finder kurvede og bakkede ruter for en mere sp\u00e6ndende tur.<\/li>\n<li>Musikafspiller: Stream og styr musik fra din smartphone gennem z\u016bmo XT eller afspil MP3-filer, der er gemt p\u00e5 din z\u016bmo XT.<\/li>\n<li>Ryttersikkerhedsfunktioner: Rytteradvarsler for kommende potentielle farer s\u00e5som skarpe kurver, Bluetooth\u00ae h\u00e5ndfri opkald og automatiske h\u00e6ndelsesmeddelelser, som sender din placering til en p\u00e5r\u00f8rende, hvis en h\u00e6ndelse opst\u00e5r.<\/li>\n<li>Live trafik, vejr og mere: F\u00e5 adgang til live trafik og vejr, del ruter med andre ryttere, og f\u00e5 smartphone-notifikationer, n\u00e5r du parrer z\u016bmo XT med din smartphone ved hj\u00e6lp af Garmin Drive\u2122-appen.<\/li>\n<\/ul>\n<p><strong>Dimensioner, v\u00e6gt og kraft<\/strong><\/p>\n<ul>\n<li>Sk\u00e6rmst\u00f8rrelse: 5,5&quot; (14 cm)<\/li>\n<li>Sk\u00e6rmopl\u00f8sning: 1280 x 720 pixel HD<\/li>\n<li>M\u00e5l: 14,8 x 8,6 x 2,4 cm<\/li>\n<li>Batteri: Lithium-Ion<\/li>\n<li>Robust og regnbestandig: IPX7<\/li>\n<li>V\u00e6gt: 262 g<\/li>\n<li>Batterilevetid: op til 6 timer (3,5 timer ved 100% baggrundsbelysning)<\/li>\n<\/ul>\n<p><strong>Kort og navigation<\/strong><\/p>\n<ul>\n<li>Forudindl\u00e6ste kort: ja, for Europa (46 lande inkl. opdateringer)<\/li>\n<li>Forudindl\u00e6ste topografiske kort: ja<\/li>\n<li>Lager- og str\u00f8mkapacitet: 32 GB, microSD\u2122-kort (medf\u00f8lger ikke)<\/li>\n<\/ul>\n<p><strong>Funktioner<\/strong><\/p>\n<ul>\n<li>Kort- og softwareopdateringer via WLAN: ja<\/li>\n<li>L\u00e6sbar i sollys og vejrbestandig: ja<\/li>\n<li>Inklusive bilholder: ja<\/li>\n<li>3D terr\u00e6nrepr\u00e6sentation: ja<\/li>\n<li>inkl. BirdsEyeSatellite-billeder via download: ja<\/li>\n<li>Garmin Explore\u2122 App-kompatibel: ja<\/li>\n<li>inReach\u00ae Satellitkommunikationsenheder kompatible: ja<\/li>\n<li>forudinstallerede iOverlander POI&#039;er: ja<\/li>\n<li>forudinstallerede TripAdvisor\u00ae POI&#039;er: ja<\/li>\n<li>forudinstallerede Foursquare\u00ae POI&#039;er: ja<\/li>\n<li>forudinstallerede Garmin Motorcykel POI&#039;er: ja<\/li>\n<li>integreret Track Recorder med kompas: ja<\/li>\n<li>integreret WLAN til opdateringer uden computer: ja<\/li>\n<li>automatisk ulykkesmeddelelse: ja<\/li>\n<li>Rutedeling (eksport\/import af GPX-filer): ja<\/li>\n<li>Garmin Real Directions\u2122: ja<\/li>\n<li>Banevisning: ja<\/li>\n<li>Nem ruteformning: ja<\/li>\n<li>f\u00f8rerhj\u00e6lp: ja<\/li>\n<li>Garmin AdventurousRouting: ja<\/li>\n<li>Bluetooth H\u00e5ndfri funktion: ja<\/li>\n<li>Musikafspiller\/MP3-afspiller: ja<\/li>\n<li>Garmin Live Traffic via App: ja<\/li>\n<li>Garmin Live Wetter via App: ja<\/li>\n<li>Garmin Live Radar via App (valgfrit): ja<\/li>\n<li>Smart Notifications via App: ja<\/li>\n<li>Rundrejse og ruteplanl\u00e6gningsfunktion: ja<\/li>\n<li>TracBackFunktion: ja<\/li>\n<li>kompatibel Garmin App: Drive<\/li>\n<\/ul>\n<p><strong>Indhold<\/strong><\/p>\n<ul>\n<li>1 x zumo\u00ae XT navigationssystem<\/li>\n<li>1 x Motorcykelholder og hardware<\/li>\n<li>1 x Motorcykel str\u00f8mkabel<\/li>\n<li>1 x Automotive Mount<\/li>\n<li>1 x USB-kabel<\/li>\n<li>4 x Kabelbindere<\/li>\n<\/ul>","protected":false},"excerpt":{"rendered":"<p>Den robuste zumo\u00ae XT motorcykelnavigator til alt terr\u00e6n er bygget til eventyr. Ultrabright 5,5&quot; handskevenlig sk\u00e6rm og regnbestandig. Eventyrlige ruter eller BirdsEye Satellite Imager og rytteradvarsler hj\u00e6lper dig med at forberede dig til skarpe kurver og jernbaneovergange.<\/p>\n<ul>\n<li>Ultra lysst\u00e6rk 5,5 tommer HD touch-sk\u00e6rm.<\/li>\n<li>Vejnavigationskort for Europa inklusive opdateringer.<\/li>\n<li>BirdsEye satellitbilleder.<\/li>\n<li>Garmin AdventurousRouting\u2122.<\/li>\n<li>Live vejr, live trafik via Garmin Drive App<\/li>\n<li>Bluetooth\u00ae h\u00e5ndfri funktion.<\/li>\n<\/ul>","protected":false},"featured_media":9515,"comment_status":"closed","ping_status":"closed","template":"","meta":{"_relevanssi_hide_post":"","_relevanssi_hide_content":"","_relevanssi_pin_for_all":"","_relevanssi_pin_keywords":"","_relevanssi_unpin_keywords":"","_relevanssi_related_keywords":"","_relevanssi_related_include_ids":"","_relevanssi_related_exclude_ids":"","_relevanssi_related_no_append":"","_relevanssi_related_not_related":"","_relevanssi_related_posts":"","_relevanssi_noindex_reason":""},"product_brand":[],"product_cat":[108,60,57],"product_tag":[],"woo-feed-brand":[],"class_list":{"0":"post-9514","1":"product","2":"type-product","3":"status-publish","4":"has-post-thumbnail","6":"product_cat-gps-cameras","7":"product_cat-electronics-mounts","8":"product_cat-mc-equipment","10":"first","11":"instock","12":"taxable","13":"shipping-taxable","14":"purchasable","15":"product-type-simple"},"_links":{"self":[{"href":"https:\/\/www.cphmc.com\/da\/wp-json\/wp\/v2\/product\/9514","targetHints":{"allow":["GET"]}}],"collection":[{"href":"https:\/\/www.cphmc.com\/da\/wp-json\/wp\/v2\/product"}],"about":[{"href":"https:\/\/www.cphmc.com\/da\/wp-json\/wp\/v2\/types\/product"}],"replies":[{"embeddable":true,"href":"https:\/\/www.cphmc.com\/da\/wp-json\/wp\/v2\/comments?post=9514"}],"wp:featuredmedia":[{"embeddable":true,"href":"https:\/\/www.cphmc.com\/da\/wp-json\/wp\/v2\/media\/9515"}],"wp:attachment":[{"href":"https:\/\/www.cphmc.com\/da\/wp-json\/wp\/v2\/media?parent=9514"}],"wp:term":[{"taxonomy":"product_brand","embeddable":true,"href":"https:\/\/www.cphmc.com\/da\/wp-json\/wp\/v2\/product_brand?post=9514"},{"taxonomy":"product_cat","embeddable":true,"href":"https:\/\/www.cphmc.com\/da\/wp-json\/wp\/v2\/product_cat?post=9514"},{"taxonomy":"product_tag","embeddable":true,"href":"https:\/\/www.cphmc.com\/da\/wp-json\/wp\/v2\/product_tag?post=9514"},{"taxonomy":"woo-feed-brand","embeddable":true,"href":"https:\/\/www.cphmc.com\/da\/wp-json\/wp\/v2\/woo-feed-brand?post=9514"}],"curies":[{"name":"wp","href":"https:\/\/api.w.org\/{rel}","templated":true}]}}