{"id":9523,"date":"2023-08-10T14:21:43","date_gmt":"2023-08-10T12:21:43","guid":{"rendered":"https:\/\/www.cphmc.com\/?post_type=product&#038;p=9523"},"modified":"2023-08-10T14:29:45","modified_gmt":"2023-08-10T12:29:45","slug":"garmin-zumo-xt2","status":"publish","type":"product","link":"https:\/\/www.cphmc.com\/da\/mc-equipment\/electronics-mounts\/gps-cameras\/garmin-zumo-xt2\/","title":{"rendered":"Garmin Zumo XT2"},"content":{"rendered":"<p>z\u016bmo\u00ae XT2 GPS-enheden er den seneste generation af Garmin motorcykelnavigatorer, der er bygget til adventure motorcykling. Den st\u00f8rste \u00e6ndring i forhold til den tidligere zumo XT er den st\u00f8rre og lysere 6\u201d sollys-l\u00e6sbare sk\u00e6rm, der er bygget til at modst\u00e5 vejr- og styrvibrationer. Denne st\u00f8rre sk\u00e6rm g\u00f8r det nemmere at f\u00f8lge spor for at k\u00f8re en Backcountry Discovery Route eller ture ved Touratech Rally eller andre organiserede begivenheder. Den st\u00f8rre sk\u00e6rm og lysere display g\u00f8r rutes\u00f8gning og navigation meget nemmere i direkte sollys, s\u00e5 du kan slappe af og nyde turen.<\/p>\n<p>En anden fantastisk funktion til gadetur er den nye visuelle ruteplanl\u00e6gger, der lader dig tilpasse din rejse med muligheder s\u00e5som at v\u00e6lge mellem en sp\u00e6ndende tur med ekstra drejninger og drejninger eller at opleve en mere effektiv rute. Start en gruppetur for at spore dine venner p\u00e5 z\u016bmo-sk\u00e6rmen (kr\u00e6ver brug af Tread\u00ae-smartphone-appen og kr\u00e6ver mobild\u00e6kning). Se popul\u00e6re moto-stier, og brug satellitbilleder til at finde nye steder at udforske. Del bagefter dine k\u00f8redetaljer, herunder h\u00f8jde, acceleration og deceleration. For motorcyklister, der leder efter den ultimative navigator, g\u00f8r dig klar til at nyde turen.<\/p>\n<p>Ligesom zumo XT giver Zumo XT2 dig mulighed for at h\u00f8re navigationsbeskeder og musik og endda foretage telefonopkald, h\u00e5ndfrit, n\u00e5r den er parret med et kompatibelt headset i din hjelm. Denne funktion kr\u00e6ver parring med Tread-smartphone-appen. Denne enhed er ogs\u00e5 kompatibel med inReach satellitkommunikator med et aktivt abonnement<\/p>\n<p>S\u00f8rg for at sikre denne zumo XT2 med et Touratech Locking Mount, som forhindrer tyveri, n\u00e5r du er v\u00e6k fra cyklen, og som ogs\u00e5 giver en mere positiv forbindelse til cyklen for at forhindre en utilsigtet frigivelse fra str\u00f8mholderen, n\u00e5r k\u00f8rselen bliver h\u00e5rd.<\/p>\n<p>Touratech-USA har udstyret eventyrmotorcyklister med GPS-navigation i mere end 20 \u00e5r. Vi har monteringsl\u00f8sninger, tilbeh\u00f8r og gode r\u00e5d til at finde den bedste m\u00e5de at tilf\u00f8je GPS-navigation til din motorcykel. Send os en besked eller ring og tal med en eventyrekspert om GPS-navigation i dag.<\/p>","protected":false},"excerpt":{"rendered":"<p>z\u016bmo\u00ae XT2 GPS-enheden er den seneste generation af Garmin motorcykelnavigatorer, der er bygget til adventure motorcykling. Den st\u00f8rste \u00e6ndring i forhold til den tidligere zumo XT er den st\u00f8rre og lysere 6\u201d sollys-l\u00e6sbare sk\u00e6rm, der er bygget til at modst\u00e5 vejr- og styrvibrationer.<\/p>\n<ul>\n<li>St\u00f8rre og lysere 6&quot; sk\u00e6rm, der kan l\u00e6ses i sollys.<\/li>\n<li>Vejr- og vibrationsbestandig IPX7.<\/li>\n<li>Ny visuel ruteplanl\u00e6gger.<\/li>\n<li>Se positioner for andre ryttere p\u00e5 z\u016bmo XT2-sk\u00e6rmen.<\/li>\n<\/ul>","protected":false},"featured_media":9530,"comment_status":"closed","ping_status":"closed","template":"","meta":{"_relevanssi_hide_post":"","_relevanssi_hide_content":"","_relevanssi_pin_for_all":"","_relevanssi_pin_keywords":"","_relevanssi_unpin_keywords":"","_relevanssi_related_keywords":"","_relevanssi_related_include_ids":"","_relevanssi_related_exclude_ids":"","_relevanssi_related_no_append":"","_relevanssi_related_not_related":"","_relevanssi_related_posts":"","_relevanssi_noindex_reason":""},"product_brand":[],"product_cat":[108,60,57],"product_tag":[],"woo-feed-brand":[],"class_list":{"0":"post-9523","1":"product","2":"type-product","3":"status-publish","4":"has-post-thumbnail","6":"product_cat-gps-cameras","7":"product_cat-electronics-mounts","8":"product_cat-mc-equipment","10":"first","11":"instock","12":"taxable","13":"shipping-taxable","14":"purchasable","15":"product-type-simple"},"_links":{"self":[{"href":"https:\/\/www.cphmc.com\/da\/wp-json\/wp\/v2\/product\/9523","targetHints":{"allow":["GET"]}}],"collection":[{"href":"https:\/\/www.cphmc.com\/da\/wp-json\/wp\/v2\/product"}],"about":[{"href":"https:\/\/www.cphmc.com\/da\/wp-json\/wp\/v2\/types\/product"}],"replies":[{"embeddable":true,"href":"https:\/\/www.cphmc.com\/da\/wp-json\/wp\/v2\/comments?post=9523"}],"wp:featuredmedia":[{"embeddable":true,"href":"https:\/\/www.cphmc.com\/da\/wp-json\/wp\/v2\/media\/9530"}],"wp:attachment":[{"href":"https:\/\/www.cphmc.com\/da\/wp-json\/wp\/v2\/media?parent=9523"}],"wp:term":[{"taxonomy":"product_brand","embeddable":true,"href":"https:\/\/www.cphmc.com\/da\/wp-json\/wp\/v2\/product_brand?post=9523"},{"taxonomy":"product_cat","embeddable":true,"href":"https:\/\/www.cphmc.com\/da\/wp-json\/wp\/v2\/product_cat?post=9523"},{"taxonomy":"product_tag","embeddable":true,"href":"https:\/\/www.cphmc.com\/da\/wp-json\/wp\/v2\/product_tag?post=9523"},{"taxonomy":"woo-feed-brand","embeddable":true,"href":"https:\/\/www.cphmc.com\/da\/wp-json\/wp\/v2\/woo-feed-brand?post=9523"}],"curies":[{"name":"wp","href":"https:\/\/api.w.org\/{rel}","templated":true}]}}