{"id":9532,"date":"2023-08-10T14:46:14","date_gmt":"2023-08-10T12:46:14","guid":{"rendered":"https:\/\/www.cphmc.com\/?post_type=product&#038;p=9532"},"modified":"2023-08-10T14:46:58","modified_gmt":"2023-08-10T12:46:58","slug":"sena-5s-bluetooth-intercom","status":"publish","type":"product","link":"https:\/\/www.cphmc.com\/da\/mc-equipment\/electronics-mounts\/communication\/sena-5s-bluetooth-intercom\/","title":{"rendered":"SENA 5S \u2013 Bluetooth intercom"},"content":{"rendered":"<p>Hold forbindelsen og nyd turen med SENA 5S. F\u00f8dt fra den legendariske Sena SMH5, er Sena 5S den n\u00e6ste generation af funktionsrige og v\u00e6rdifulde samtaleanl\u00e6g fra Sena. Med denne brugervenlige og tilg\u00e6ngelige enhed f\u00e5r du High Definition h\u00f8jttalere i hjelmen, High Definition tovejs samtaleanl\u00e6g og integreret LCD-sk\u00e6rm; alle de funktioner, du har brug for til en fantastisk v\u00e6rdi. 5S med Bluetooth\u00ae 5 holder dig forbundet med din ridekammerat eller passager med HD-lydkvalitet, musikdeling og lyd-equalizer-profiler indbygget. Med endnu flere funktioner pakket ind, lader den dig ogs\u00e5 besvare telefonopkald h\u00e5ndfrit, og h\u00f8re dine GPS-beskeder. 5S har et hjelmklemmes\u00e6t og bommikrofon. Jog Dial giver en intuitiv brugergr\u00e6nseflade, der er meget nemmere at kontrollere, mens du k\u00f8rer, hvilket betyder, at du k\u00f8rer mere sikkert.<\/p>\n<p><strong>Redesignede HD-h\u00f8jttalere for en inspirerende lytteoplevelse.<\/strong><br \/>\nDe nydesignede h\u00f8jttalere i hjelmen er optimeret til b\u00e5de fysisk komfort og imponerende lydydelse. Disse s\u00e6rlige h\u00f8jttalere er designet med en skr\u00e5 tilspidsning og passer nemt i h\u00f8jttalerlommerne p\u00e5 en hjelm, hvilket giver rytteren en behagelig oplevelse. Men udvendigt design er intet, hvis lydoutputtet ikke lever op til forventningerne. Med en markant stigning i lydstyrke, basforst\u00e6rkning og klarhed opfylder disse helt nye HD-h\u00f8jttalere ikke kun forventningerne, men knuser dem! Kommunikation p\u00e5 krystalklar HD tovejs Bluetooth samtaleanl\u00e6g har aldrig lydt s\u00e5 godt.<\/p>\n<p><strong>Nem ops\u00e6tning og betjening<\/strong><br \/>\nLCD-sk\u00e6rmen giver dig mulighed for hurtigt at bekr\u00e6fte dine forbindelser og indstillinger, f\u00f8r du overhovedet tager hjelmen p\u00e5. Og den handskevenlige Jog Dial er perfekt til at \u00e6ndre lydstyrken eller besvare dine telefonopkald, mens du er p\u00e5 farten. Du kan ogs\u00e5 drage fordel af Sena Utility-appen p\u00e5 din smartphone til at konfigurere dit 5S Bluetooth-headset, som du vil, med et tryk p\u00e5 en knap. Utility-appen giver ogs\u00e5 adgang til fire EQ-forudindstillinger af basforst\u00e6rkning, balance, mellemforst\u00e6rkning eller diskantforst\u00e6rkning; lyt til dine beats, hvordan du vil!<\/p>","protected":false},"excerpt":{"rendered":"<p>Hold forbindelsen og nyd turen med SENA 5S. F\u00f8dt fra den legendariske Sena SMH5, er Sena 5S den n\u00e6ste generation af funktionsrige og v\u00e6rdifulde samtaleanl\u00e6g fra Sena. Med denne brugervenlige og tilg\u00e6ngelige enhed f\u00e5r du High Definition-hjelmh\u00f8jttalere,<\/p>\n<ul>\n<li>Bluetooth 5<\/li>\n<li>Headset Profile (HSP)<\/li>\n<li>H\u00e5ndfri profil (HFP)<\/li>\n<li>Avanceret lyddistributionsprofil (A2DP)<\/li>\n<li>Audio Video Remote Control Profile (AVRCP)<\/li>\n<\/ul>","protected":false},"featured_media":9535,"comment_status":"closed","ping_status":"closed","template":"","meta":{"_relevanssi_hide_post":"","_relevanssi_hide_content":"","_relevanssi_pin_for_all":"","_relevanssi_pin_keywords":"","_relevanssi_unpin_keywords":"","_relevanssi_related_keywords":"","_relevanssi_related_include_ids":"","_relevanssi_related_exclude_ids":"","_relevanssi_related_no_append":"","_relevanssi_related_not_related":"","_relevanssi_related_posts":"","_relevanssi_noindex_reason":""},"product_brand":[],"product_cat":[107,60,57],"product_tag":[],"woo-feed-brand":[],"class_list":{"0":"post-9532","1":"product","2":"type-product","3":"status-publish","4":"has-post-thumbnail","6":"product_cat-communication","7":"product_cat-electronics-mounts","8":"product_cat-mc-equipment","10":"first","11":"instock","12":"taxable","13":"shipping-taxable","14":"purchasable","15":"product-type-variable"},"_links":{"self":[{"href":"https:\/\/www.cphmc.com\/da\/wp-json\/wp\/v2\/product\/9532","targetHints":{"allow":["GET"]}}],"collection":[{"href":"https:\/\/www.cphmc.com\/da\/wp-json\/wp\/v2\/product"}],"about":[{"href":"https:\/\/www.cphmc.com\/da\/wp-json\/wp\/v2\/types\/product"}],"replies":[{"embeddable":true,"href":"https:\/\/www.cphmc.com\/da\/wp-json\/wp\/v2\/comments?post=9532"}],"wp:featuredmedia":[{"embeddable":true,"href":"https:\/\/www.cphmc.com\/da\/wp-json\/wp\/v2\/media\/9535"}],"wp:attachment":[{"href":"https:\/\/www.cphmc.com\/da\/wp-json\/wp\/v2\/media?parent=9532"}],"wp:term":[{"taxonomy":"product_brand","embeddable":true,"href":"https:\/\/www.cphmc.com\/da\/wp-json\/wp\/v2\/product_brand?post=9532"},{"taxonomy":"product_cat","embeddable":true,"href":"https:\/\/www.cphmc.com\/da\/wp-json\/wp\/v2\/product_cat?post=9532"},{"taxonomy":"product_tag","embeddable":true,"href":"https:\/\/www.cphmc.com\/da\/wp-json\/wp\/v2\/product_tag?post=9532"},{"taxonomy":"woo-feed-brand","embeddable":true,"href":"https:\/\/www.cphmc.com\/da\/wp-json\/wp\/v2\/woo-feed-brand?post=9532"}],"curies":[{"name":"wp","href":"https:\/\/api.w.org\/{rel}","templated":true}]}}