{"id":9541,"date":"2023-08-10T14:48:54","date_gmt":"2023-08-10T12:48:54","guid":{"rendered":"https:\/\/www.cphmc.com\/?post_type=product&#038;p=9541"},"modified":"2023-08-10T14:54:58","modified_gmt":"2023-08-10T12:54:58","slug":"sena-50s-bluetooth-intercom","status":"publish","type":"product","link":"https:\/\/www.cphmc.com\/da\/mc-equipment\/electronics-mounts\/communication\/sena-50s-bluetooth-intercom\/","title":{"rendered":"SENA 50S \u2013 Bluetooth intercom"},"content":{"rendered":"<p><strong>Premium-kommunikation m\u00f8der lyd i verdensklasse.<\/strong><br \/>\n50S tilbyder en helt ny oplevelse af Riding Connected, nu med SOUND BY Harman Kardon. 50S har Sena&#039;s Mesh Intercom\u2122, som bringer betydelige fremskridt inden for motorcykelkommunikation. Med et exceptionelt kommunikationsnetv\u00e6rk og finjusterede h\u00f8jttalere og mikrofon forts\u00e6tter 50S m\u00e5let om at holde ryttere forbundet p\u00e5 deres rejse.<\/p>\n<ul>\n<li>Premium-h\u00f8jttalere og mikrofon med LYD AF Harman Kardon<\/li>\n<li>One-Click-to-Connect Mesh Intercom\u2122, robust p\u00e5lidelighed<\/li>\n<li>Bluetooth\u00ae 5 aktiveret<\/li>\n<li>Stemmeaktiveret digital assistentadgang (&quot;Hey Google&quot;\/&quot;Hey Siri&quot;)<\/li>\n<li>30% hurtigere hurtigopladning<\/li>\n<li>Automatiske firmwareopdateringer via den medf\u00f8lgende WiFi-adapter<\/li>\n<li>Et gennempr\u00f8vet handskevenligt jog dial-design<\/li>\n<li>3 \u00e5rs garanti<\/li>\n<\/ul>\n<p>50S tilbyder nu en endnu mere premium lydoplevelse med SOUND BY Harman Kardon. B\u00e5de h\u00f8jttalerne og mikrofonen blev skabt med lydeksperterne hos Harman Kardon for at levere lyd i verdensklasse til en af Senas mest popul\u00e6re enheder. Ekspertudviklede h\u00f8jttalere og en helt ny mikrofon g\u00f8r det muligt for 50S at levere en uovertruffen lydoplevelse. H\u00f8jttalerne sender krystalklar lyd til rytteres \u00f8rer, mens mikrofonen med en nydesignet sensor giver robust ydeevne til stemmekommunikation under k\u00f8rsel.<\/p>\n<p>50S&#039; Mesh-teknologi bringer et nyt niveau af robuste, p\u00e5lidelige forbindelser og smart, fleksibel intercom-meddelelsesrouting takket v\u00e6re betydelige tekniske forbedringer lavet til den originale Sena Mesh Intercom\u2122-algoritme. Senas 50S-enheder deler aktivt information mellem hinanden inden for Mesh-netv\u00e6rket med en forbl\u00f8ffende hastighed. Et genialt system af prompter og svar mellem Mesh-enhederne har resulteret i, at 80% mere data er blevet overf\u00f8rt p\u00e5 tv\u00e6rs af udfordrende og barske forhold. Desuden bestemmer mesh-enheder hurtigt den ideelle vej til effektivt at overf\u00f8re beskeder fra rytter til rytter.<\/p>\n<p>Senas Mesh-teknologi tilbyder et hidtil uset niveau af intercom-lydkvalitet og robust forbindelse til alle Sena Mesh Intercom\u2122-brugere. Testet og bevist i de mest kr\u00e6vende situationer holder Senas Mesh-netv\u00e6rk kommunikationslinjerne med dine ridepartnere klare og stabile.<\/p>\n<p>50S leverer ikke \u00e9n, men tre forskellige intercom-tilstande, der er tilg\u00e6ngelige for Sena-ryttere: Multi-Channel Open Mesh Intercom\u2122, Group Mesh Intercom\u2122 og Bluetooth Intercom.<\/p>\n<p>Multi-Channel Open Mesh Intercom (Open Mesh) har branchens f\u00f8rste Mesh Intercom\u2122-kanalsystem. I lighed med standard h\u00e5ndholdte eller CB-radioer giver 50S brugere mulighed for at skifte mellem ni forskellige kanaler, n\u00e5r de arbejder i Open Mesh-tilstand. Open Mesh tilbyder et enkelt tryk p\u00e5 en knap for at klikke for at oprette forbindelse til Mesh Intercom\u2122-netv\u00e6rket. Den underst\u00f8tter ogs\u00e5 et n\u00e6sten ubegr\u00e6nset antal brugere inden for en r\u00e6kkevidde p\u00e5 op til 5 miles \/ 8 km (min. 6 ryttere @ 1 mi \/ 1,6 km intervaller). Med denne lette tilslutning, enorme brugerkapacitet, utrolige r\u00e6kkevidde OG medtagelsen af funktionen p\u00e5 ni kanaler, vil 50S Open Mesh Intercom-tilstanden helt sikkert v\u00e6re en game-changer for store gruppe-\/klubture.<\/p>\n<p>Hvis du foretr\u00e6kker en privat gruppesamtale, skal du blot skifte til Group Mesh Intercom-tilstand. Group Mesh underst\u00f8tter en enkelt, privat gruppe for op til 24 deltagere og det samme fantastiske udvalg som Open Mesh. For at sikre privatlivets fred kan kun inviterede brugere deltage i Group Mesh-chatten. Uanset hvilken af de to Mesh Intercom\u2122-tilstande du v\u00e6lger, vil du nyde den robuste p\u00e5lidelighed, der er indbygget i Senas Mesh-netv\u00e6rk.<\/p>\n<p>Traditionel fire-vejs Bluetooth Intercom-tilstand er fortsat en mulighed for at forbinde andre Sena Bluetooth-aktiverede brugere inden for en r\u00e6kkevidde p\u00e5 1,2 mil. Derudover kan 50S-brugere parre med en Sena Bluetooth Intercom-bruger og &#039;bro&#039; dem til en Mesh Intercom\u2122-samtale.<\/p>\n<p>Der er ingen grund til at l\u00f8fte en finger, n\u00e5r du kan bede 50S om at h\u00e5ndtere det. Stemmekommandoer giver dig kontrol over Senas 50S-systemfunktioner, s\u00e5som at besvare telefonen eller starte en Group Mesh-session. 50S underst\u00f8tter disse systemstemmekommandoer p\u00e5 tv\u00e6rs af otte sprog, inklusive engelsk, fransk, tysk, spansk, italiensk, kinesisk, japansk og russisk!<\/p>\n<p>Men hvad hvis du l\u00f8ber t\u00f8r for benzin? &quot;Hey Google, giv mig venligst rutevejledning til den n\u00e6rmeste tankstation.&quot; 50S kan oprette forbindelse til Google Assistant og Apples Siri med blot en simpel stemmekommando, der giver dig mulighed for at udnytte styrken af din smartphones funktioner, herunder GPS-navigation, musikafspilning, stemmeopkald eller et utal af andre muligheder. Gad vide, hvor den n\u00e6rmeste BBQ joint er? Skal du finde et hotel for natten? Vil du lytte til dit yndlingsband? Uanset hvad det er, skal du bare sp\u00f8rge: &quot;Hey Siri&quot; eller &quot;Hey Google&quot;!<\/p>","protected":false},"excerpt":{"rendered":"<p>50S tilbyder en helt ny oplevelse af Riding Connected, nu med SOUND BY Harman Kardon. 50S har Sena&#039;s Mesh Intercom\u2122, som bringer betydelige fremskridt inden for motorcykelkommunikation. Med et exceptionelt kommunikationsnetv\u00e6rk og finjusterede h\u00f8jttalere og mikrofon forts\u00e6tter 50S m\u00e5let om at holde ryttere forbundet p\u00e5 deres rejse.<\/p>\n<ul>\n<li>Premium h\u00f8jtalere og mikrofon fra Harman Kardon<\/li>\n<li>One-Click-to-Connect Mesh Intercom\u2122<\/li>\n<li>Bluetooth\u00ae 5 aktiveret<\/li>\n<li>Stemmeaktiveret digital assistent<\/li>\n<li>30% hurtigere hurtigopladning<\/li>\n<\/ul>","protected":false},"featured_media":9544,"comment_status":"closed","ping_status":"closed","template":"","meta":{"_relevanssi_hide_post":"","_relevanssi_hide_content":"","_relevanssi_pin_for_all":"","_relevanssi_pin_keywords":"","_relevanssi_unpin_keywords":"","_relevanssi_related_keywords":"","_relevanssi_related_include_ids":"","_relevanssi_related_exclude_ids":"","_relevanssi_related_no_append":"","_relevanssi_related_not_related":"","_relevanssi_related_posts":"","_relevanssi_noindex_reason":""},"product_brand":[],"product_cat":[107,60,57],"product_tag":[],"woo-feed-brand":[],"class_list":{"0":"post-9541","1":"product","2":"type-product","3":"status-publish","4":"has-post-thumbnail","6":"product_cat-communication","7":"product_cat-electronics-mounts","8":"product_cat-mc-equipment","10":"first","11":"instock","12":"taxable","13":"shipping-taxable","14":"purchasable","15":"product-type-variable"},"_links":{"self":[{"href":"https:\/\/www.cphmc.com\/da\/wp-json\/wp\/v2\/product\/9541","targetHints":{"allow":["GET"]}}],"collection":[{"href":"https:\/\/www.cphmc.com\/da\/wp-json\/wp\/v2\/product"}],"about":[{"href":"https:\/\/www.cphmc.com\/da\/wp-json\/wp\/v2\/types\/product"}],"replies":[{"embeddable":true,"href":"https:\/\/www.cphmc.com\/da\/wp-json\/wp\/v2\/comments?post=9541"}],"wp:featuredmedia":[{"embeddable":true,"href":"https:\/\/www.cphmc.com\/da\/wp-json\/wp\/v2\/media\/9544"}],"wp:attachment":[{"href":"https:\/\/www.cphmc.com\/da\/wp-json\/wp\/v2\/media?parent=9541"}],"wp:term":[{"taxonomy":"product_brand","embeddable":true,"href":"https:\/\/www.cphmc.com\/da\/wp-json\/wp\/v2\/product_brand?post=9541"},{"taxonomy":"product_cat","embeddable":true,"href":"https:\/\/www.cphmc.com\/da\/wp-json\/wp\/v2\/product_cat?post=9541"},{"taxonomy":"product_tag","embeddable":true,"href":"https:\/\/www.cphmc.com\/da\/wp-json\/wp\/v2\/product_tag?post=9541"},{"taxonomy":"woo-feed-brand","embeddable":true,"href":"https:\/\/www.cphmc.com\/da\/wp-json\/wp\/v2\/woo-feed-brand?post=9541"}],"curies":[{"name":"wp","href":"https:\/\/api.w.org\/{rel}","templated":true}]}}