{"id":9550,"date":"2023-08-11T10:13:49","date_gmt":"2023-08-11T08:13:49","guid":{"rendered":"https:\/\/www.cphmc.com\/?post_type=product&#038;p=9550"},"modified":"2025-05-27T12:16:27","modified_gmt":"2025-05-27T10:16:27","slug":"sena-10s-bluetooth-intercom","status":"publish","type":"product","link":"https:\/\/www.cphmc.com\/da\/mc-equipment\/electronics-mounts\/communication\/sena-10s-bluetooth-intercom\/","title":{"rendered":"SENA 10S \u2013 Bluetooth intercom"},"content":{"rendered":"<p>10S er den opgraderede version af Senas flagskibs Bluetooth-headset til motorcykelhjelme, SMH10. Tal med 3 kammerater via HD-lyd, op til 1,6 km v\u00e6k, besvar opkald, lyt til musik og meget mere. K\u00f8rere kan oprette forbindelse til alle Sena og ikke-Sena Bluetooth motorcykelheadset ved hj\u00e6lp af Universal Intercom\u2122.<\/p>\n<p><strong>Krystalklar lyd og avanceret st\u00f8jkontrol\u2122<\/strong><br \/>\nSelv ved h\u00f8je hastigheder er det nemt at lytte til musik eller GPS-navigation fra din smartphone takket v\u00e6re de opgraderede h\u00f8jttalere i 10S-headsettet. Uanset om du taler over samtaleanl\u00e6gget eller tager et telefonopkald, sikrer Senas Advanced Noise Control\u2122, at omgivende st\u00f8j ikke forstyrrer indg\u00e5ende og udg\u00e5ende lyd.<\/p>\n<p>10S inkluderer Audio Multitasking\u2122, som giver dig mulighed for at lytte til to lydkilder p\u00e5 \u00e9n gang. Du kan f\u00f8re samtaler gennem samtaleanl\u00e6gget, mens du streamer musik, lytter til GPS-instruktioner p\u00e5 samme tid og meget mere.<\/p>\n<p>At forbinde dit 10S motorcykel Bluetooth-headset med det brugervenlige <a href=\"https:\/\/www.sena.com\/product\/10s\/downloads\" target=\"_blank\" rel=\"noopener\">Sena Utility App<\/a> (til iPhone og Android) giver dig mulighed for at konfigurere enhedsindstillinger og f\u00e5 adgang til vores hurtige guide.<\/p>","protected":false},"excerpt":{"rendered":"<p>10S er den opgraderede version af Senas flagskibs Bluetooth-headset til motorcykelhjelme, SMH10. Tal med 3 kammerater via HD-lyd, op til 1,6 km v\u00e6k, besvar opkald, lyt til musik og meget mere. K\u00f8rere kan oprette forbindelse til alle Sena og ikke-Sena Bluetooth motorcykelheadset ved hj\u00e6lp af Universal Intercom\u2122.<\/p>\n<ul>\n<li>Bluetooth 4.1<\/li>\n<li>Headset Profile (HSP)<\/li>\n<li>H\u00e5ndfri profil (HFP)<\/li>\n<li>Avanceret lyddistributionsprofil (A2DP)<\/li>\n<li>Audio Video Remote Control Profile (AVRCP)<\/li>\n<\/ul>","protected":false},"featured_media":9561,"comment_status":"closed","ping_status":"closed","template":"","meta":{"_relevanssi_hide_post":"","_relevanssi_hide_content":"","_relevanssi_pin_for_all":"","_relevanssi_pin_keywords":"","_relevanssi_unpin_keywords":"","_relevanssi_related_keywords":"","_relevanssi_related_include_ids":"","_relevanssi_related_exclude_ids":"","_relevanssi_related_no_append":"","_relevanssi_related_not_related":"","_relevanssi_related_posts":"","_relevanssi_noindex_reason":""},"product_brand":[],"product_cat":[107,60,57],"product_tag":[],"woo-feed-brand":[],"class_list":{"0":"post-9550","1":"product","2":"type-product","3":"status-publish","4":"has-post-thumbnail","6":"product_cat-communication","7":"product_cat-electronics-mounts","8":"product_cat-mc-equipment","10":"first","11":"instock","12":"taxable","13":"shipping-taxable","14":"purchasable","15":"product-type-variable"},"_links":{"self":[{"href":"https:\/\/www.cphmc.com\/da\/wp-json\/wp\/v2\/product\/9550","targetHints":{"allow":["GET"]}}],"collection":[{"href":"https:\/\/www.cphmc.com\/da\/wp-json\/wp\/v2\/product"}],"about":[{"href":"https:\/\/www.cphmc.com\/da\/wp-json\/wp\/v2\/types\/product"}],"replies":[{"embeddable":true,"href":"https:\/\/www.cphmc.com\/da\/wp-json\/wp\/v2\/comments?post=9550"}],"wp:featuredmedia":[{"embeddable":true,"href":"https:\/\/www.cphmc.com\/da\/wp-json\/wp\/v2\/media\/9561"}],"wp:attachment":[{"href":"https:\/\/www.cphmc.com\/da\/wp-json\/wp\/v2\/media?parent=9550"}],"wp:term":[{"taxonomy":"product_brand","embeddable":true,"href":"https:\/\/www.cphmc.com\/da\/wp-json\/wp\/v2\/product_brand?post=9550"},{"taxonomy":"product_cat","embeddable":true,"href":"https:\/\/www.cphmc.com\/da\/wp-json\/wp\/v2\/product_cat?post=9550"},{"taxonomy":"product_tag","embeddable":true,"href":"https:\/\/www.cphmc.com\/da\/wp-json\/wp\/v2\/product_tag?post=9550"},{"taxonomy":"woo-feed-brand","embeddable":true,"href":"https:\/\/www.cphmc.com\/da\/wp-json\/wp\/v2\/woo-feed-brand?post=9550"}],"curies":[{"name":"wp","href":"https:\/\/api.w.org\/{rel}","templated":true}]}}