{"id":9564,"date":"2023-08-11T10:50:52","date_gmt":"2023-08-11T08:50:52","guid":{"rendered":"https:\/\/www.cphmc.com\/?post_type=product&#038;p=9564"},"modified":"2025-05-27T12:16:27","modified_gmt":"2025-05-27T10:16:27","slug":"sena-20s-evo-bluetooth-intercom","status":"publish","type":"product","link":"https:\/\/www.cphmc.com\/da\/mc-equipment\/electronics-mounts\/communication\/sena-20s-evo-bluetooth-intercom\/","title":{"rendered":"SENA 20S EVO \u2013 Bluetooth intercom"},"content":{"rendered":"<p>20S EVO blev designet med en fast type hajfinneantenne i mods\u00e6tning til flip-up-antennen p\u00e5 den originale 20S. Dette slanke antennedesign forbedrede Bluetooth-intercom-stabilitet og -afstand, mens opdateringer til hardwaren giver mulighed for en mere robust generel ydeevne. Ud over det originale opdaterede design er den seneste opgradering til 20S EVO Senas premium HD-h\u00f8jttalere. Designet med en skr\u00e5 tilspidsning passer HD-h\u00f8jttalerne nemt ind i hjelmlommer og giver ryttere en mere behagelig oplevelse. Senas HD-h\u00f8jttalere tilbyder en markant stigning i lydstyrke, basforst\u00e6rkning og klarhed.<\/p>\n<p>20S EVO leverer lyd i HD-kvalitet, s\u00e5 ryttere kan lytte til musik, GPS og foretage eller besvare opkald. Senas Advanced Noise Control\u2122 hj\u00e6lper, s\u00e5 vindst\u00f8j ikke forstyrrer indg\u00e5ende eller udg\u00e5ende lyd, mens det innovative Bluetooth samtaleanl\u00e6g til motorcykler giver dig mulighed for at tale med op til 7 andre ryttere p\u00e5 afstande op til 2 km (1,2 miles) v\u00e6k.<\/p>\n<p>Sena 20S EVO Audio Multitasking\u2122-teknologi giver dig mulighed for at have motorcykelhjelm samtaleanl\u00e6g, mens du samtidig lytter til musik eller GPS-navigation. Glem frustrationerne ved afbrydelsesbaserede lydfunktioner fra tidligere Bluetooth-kommunikationsenheder, 20S EVO&#039;s lydfunktioner vil ikke afbryde hinanden, men blot overlejre for en j\u00e6vn lytteoplevelse.<\/p>\n<p>Ops\u00e6tning og parring af din 20S EVO er enkel med Senas bev\u00e6gelsessensorteknologi. Par dine Bluetooth-enheder med en simpel omrystning af 20S EVO, eller brug h\u00e5ndfri stemmekommandoer for komplet funktionskontrol, mens du bevarer fokus p\u00e5 vejen. De valgfri fjernbetjeninger giver mulighed for endnu flere m\u00e5der at h\u00e5ndtere din Sena p\u00e5.<\/p>\n<p>Sammenk\u00e6dning af din 20S EVO med\u00a0<a href=\"https:\/\/www.sena.com\/product\/20s-evo\/downloads\" target=\"_blank\" rel=\"noopener\">Sena Utility App<\/a>\u00a0(til iPhone og Android) giver dig mulighed for at konfigurere enhedsindstillinger og f\u00e5 adgang til vores hurtigstartguide ved at klikke p\u00e5 en knap.<\/p>","protected":false},"excerpt":{"rendered":"<p>20S EVO blev designet med en fast type hajfinneantenne i mods\u00e6tning til flip-up-antennen p\u00e5 den originale 20S. Dette slanke antennedesign forbedrede Bluetooth-intercom-stabilitet og -afstand, mens opdateringer til hardwaren giver mulighed for en mere robust generel ydeevne. Ud over det originale opdaterede design er den seneste opgradering til 20S EVO Senas premium HD-h\u00f8jttalere.<\/p>\n<ul>\n<li>Bluetooth 4.1<\/li>\n<li>HD h\u00f8jttalere<\/li>\n<li>St\u00f8jreduktion<\/li>\n<li>Op til 8 ryttere<\/li>\n<li>Taletid: op til 13 timer<\/li>\n<\/ul>","protected":false},"featured_media":9567,"comment_status":"closed","ping_status":"closed","template":"","meta":{"_relevanssi_hide_post":"","_relevanssi_hide_content":"","_relevanssi_pin_for_all":"","_relevanssi_pin_keywords":"","_relevanssi_unpin_keywords":"","_relevanssi_related_keywords":"","_relevanssi_related_include_ids":"","_relevanssi_related_exclude_ids":"","_relevanssi_related_no_append":"","_relevanssi_related_not_related":"","_relevanssi_related_posts":"","_relevanssi_noindex_reason":""},"product_brand":[],"product_cat":[107,60,57],"product_tag":[],"woo-feed-brand":[],"class_list":{"0":"post-9564","1":"product","2":"type-product","3":"status-publish","4":"has-post-thumbnail","6":"product_cat-communication","7":"product_cat-electronics-mounts","8":"product_cat-mc-equipment","10":"first","11":"instock","12":"taxable","13":"shipping-taxable","14":"purchasable","15":"product-type-variable"},"_links":{"self":[{"href":"https:\/\/www.cphmc.com\/da\/wp-json\/wp\/v2\/product\/9564","targetHints":{"allow":["GET"]}}],"collection":[{"href":"https:\/\/www.cphmc.com\/da\/wp-json\/wp\/v2\/product"}],"about":[{"href":"https:\/\/www.cphmc.com\/da\/wp-json\/wp\/v2\/types\/product"}],"replies":[{"embeddable":true,"href":"https:\/\/www.cphmc.com\/da\/wp-json\/wp\/v2\/comments?post=9564"}],"wp:featuredmedia":[{"embeddable":true,"href":"https:\/\/www.cphmc.com\/da\/wp-json\/wp\/v2\/media\/9567"}],"wp:attachment":[{"href":"https:\/\/www.cphmc.com\/da\/wp-json\/wp\/v2\/media?parent=9564"}],"wp:term":[{"taxonomy":"product_brand","embeddable":true,"href":"https:\/\/www.cphmc.com\/da\/wp-json\/wp\/v2\/product_brand?post=9564"},{"taxonomy":"product_cat","embeddable":true,"href":"https:\/\/www.cphmc.com\/da\/wp-json\/wp\/v2\/product_cat?post=9564"},{"taxonomy":"product_tag","embeddable":true,"href":"https:\/\/www.cphmc.com\/da\/wp-json\/wp\/v2\/product_tag?post=9564"},{"taxonomy":"woo-feed-brand","embeddable":true,"href":"https:\/\/www.cphmc.com\/da\/wp-json\/wp\/v2\/woo-feed-brand?post=9564"}],"curies":[{"name":"wp","href":"https:\/\/api.w.org\/{rel}","templated":true}]}}