{"id":9577,"date":"2023-08-11T16:25:00","date_gmt":"2023-08-11T14:25:00","guid":{"rendered":"https:\/\/www.cphmc.com\/?post_type=product&#038;p=9577"},"modified":"2023-08-11T16:31:42","modified_gmt":"2023-08-11T14:31:42","slug":"sena-50r-bluetooth-intercom","status":"publish","type":"product","link":"https:\/\/www.cphmc.com\/da\/mc-equipment\/electronics-mounts\/communication\/sena-50r-bluetooth-intercom\/","title":{"rendered":"SENA 50R \u2013 Bluetooth intercom"},"content":{"rendered":"<p>50R pakker Senas avancerede mesh-teknologi og f\u00f8rsteklasses SOUND BY Harman Kardon i et lavprofileret, slankt og alligevel robust design. Testet og bevist af over 100 konkurrenter og medarbejdere p\u00e5 tv\u00e6rs af New Zealands vilde natur under Int. GS Trophy 2020, 50R forts\u00e6tter Senas lange tradition for Advancing Adventure. Med sin kraftfulde lydkapacitet, robuste holdbarhed og teknologi p\u00e5 n\u00e6ste niveau s\u00e6tter formen og funktionen af 50R en ny standard for motorcykelkommunikation.<\/p>\n<ul>\n<li>Premium-h\u00f8jttalere og mikrofon med LYD AF Harman Kardon<\/li>\n<li>Mesh Intercom\u2122, robust p\u00e5lidelighed<\/li>\n<li>Multi-kanal protokol i Open Mesh giver brugerne mulighed for at skifte mellem 9 kommunikationskanaler<\/li>\n<li>Bluetooth\u00ae 5 aktiveret<\/li>\n<li>Bekvemmelighed ved stemmeaktiveret digital assistent-adgang (&quot;Hey Google&quot;\/&quot;Hey Siri&quot;)<\/li>\n<li>30% hurtigere hurtigopladning<\/li>\n<li>Inkluderet WiFi-adapter, som oplader OG installerer firmwareopdateringer automatisk<\/li>\n<li>En elegant, handskevenlig gr\u00e6nseflade med tre knapper<\/li>\n<li>Stemmekommandoer genkendt p\u00e5 tv\u00e6rs af 8 sprog<\/li>\n<li>3 \u00e5rs garanti<\/li>\n<li>Stresstestet og bevist af over 100 globale ADV-ryttere under Int. GS Trophy 2020<\/li>\n<\/ul>\n<p>50R tilbyder nu en endnu mere imponerende lydydelse med SOUND BY Harman Kardon. B\u00e5de h\u00f8jttalerne og mikrofonen blev skabt med lydeksperterne hos Harman Kardon for at levere lyd i verdensklasse til en af Senas bedste kommunikationsenheder. Ekspertudviklede h\u00f8jttalere og en helt ny mikrofon g\u00f8r det muligt for 50R at give en uovertruffen lydoplevelse i din hjelm. H\u00f8jttalerne sender krystalklar lyd til rytteres \u00f8rer, mens mikrofonen med en nydesignet sensor giver robust ydeevne til stemmekommunikation under k\u00f8rsel.<\/p>\n<p>Senas propriet\u00e6re Mesh Intercom\u2122 leverer et robust niveau af p\u00e5lidelige intercomforbindelser og intelligent routingstyring til et adaptivt og autonomt kommunikationsnetv\u00e6rk. Det innovative system af prompter og svar mellem Senas Mesh-headset har resulteret i en svimlende stigning p\u00e5 80% flere data, der overf\u00f8res p\u00e5 tv\u00e6rs af barske og udfordrende forhold, hvilket giver overlegen intercom-lydkvalitet med en bundsolid forbindelse. Derudover sker informationsdeling mellem tilsluttede enheder i realtid med forbl\u00f8ffende hastigheder, hvilket g\u00f8r det muligt for Senas Mesh-teknologi \u00f8jeblikkeligt at vurdere den optimale vej til levering af beskeder til alle deltagere i netv\u00e6rket.<\/p>\n<p>50R har tre forskellige intercom-tilstande: Group Mesh Intercom, Multi-Channel Open Mesh Intercom og Bluetooth Intercom.<\/p>\n<p>Med Group Mesh opretter du en enkelt privat gruppe, der underst\u00f8tter op til 24 deltagere over en r\u00e6kkevidde p\u00e5 op til 8 km (min. 6 ryttere @ 1,6 km intervaller)! Brugere inviteres til Group Mesh, hvilket giver ekstra kontrol og privatliv.<\/p>\n<p>Multi-Channel Open Mesh lader dig kommunikere med stort set alle, der deltager i Mesh-netv\u00e6rket inden for en r\u00e6kkevidde p\u00e5 op til 8 km. Open Mesh har ogs\u00e5 multi-kanal muligheder, en branche-f\u00f8rste! Med ni tilg\u00e6ngelige kanaler kan du skifte til en ny frekvens for samtaler med forskellige ridegrupper inden for den st\u00f8rre Open Mesh-gruppe.<\/p>\n<p>Endelig afrunder traditionel Bluetooth Intercom-tilstand den tredje inkluderede kommunikationsmulighed. Alle ryttere og deres stadigt skiftende k\u00f8rescenarier vil helt sikkert drage fordel af den utrolige fleksibilitet og teknologi, der er udviklet i 50R Mesh og Bluetooth intercom modes.<\/p>\n<p>Tag kontrol over 50R uden at l\u00f8fte en finger. Stemmekommandoer giver dig h\u00e5ndfri kontrol over 50R, betjener udvalgte funktioner, herunder indtastning af Open Mesh eller besvarelse af et telefonopkald. Sig blot en kommando, og 50R vil handle for dig. 50R underst\u00f8tter flersprogede stemmekommandoer og reagerer p\u00e5 otte forskellige sprog, herunder engelsk, fransk, tysk, spansk, italiensk, kinesisk, japansk og russisk.<\/p>\n<p>Den mest kraftfulde opgradering til 50R stemmekommandoer er den nye direkte, h\u00e5ndfri adgang til Google eller Siri via din smartphone! &quot;Hej Siri, vejbeskrivelse til det n\u00e6rmeste hotel, tak!&quot; &quot;Hey Google, hvad er vejrudsigten for Sturgis i dag?&quot; Ingen knapper, ingen andre forel\u00f8bige kommandoer. 50R forbinder til alt, hvad Google Assistant og Apples Siri har at byde p\u00e5...alt mens du er p\u00e5 vej ned ad motorvejen! F\u00e5 adgang til telefonnumre, musikapps, eller sp\u00f8rg endda om vej til verdens st\u00f8rste garnn\u00f8gle (det er i \u00f8vrigt i Cawker City, KS)! Riding Connected kunne ikke v\u00e6re nemmere.50R str\u00f8m ved at l\u00f8be t\u00f8r?<\/p>\n<p>Med sit nye h\u00f8jdensitetsbatteri og de tekniske forbedringer af hurtigopladningsfunktionen oplader 50R 30% hurtigere end tidligere hurtigopladningsenheder! Tilslut den i kun 20 minutter, og du f\u00e5r 3,5 timers Mesh Intercom\u2122 eller 6 timers Bluetooth-intercomdrift. En fuld opladning af enheden sker p\u00e5 kun en time og giver 8 timers Mesh-kommunikation eller 13 timers Bluetooth-samtaletid! Den inkluderede <a href=\"https:\/\/www.sena.com\/product\/50r\/downloads\/\" target=\"_blank\" rel=\"noopener\">WiFi adapter<\/a>\u00a0fungerer dobbelt, oplader din 50R og giver ogs\u00e5 automatiske firmwareopdateringer via dit tr\u00e5dl\u00f8se netv\u00e6rk. Det har aldrig v\u00e6ret nemmere at uploade alle de seneste firmwareopdateringer til dit Sena-headset!<\/p>","protected":false},"excerpt":{"rendered":"<p>50R pakker Senas avancerede mesh-teknologi og f\u00f8rsteklasses SOUND BY Harman Kardon i et lavprofileret, slankt og alligevel robust design. Testet og bevist af over 100 konkurrenter og medarbejdere p\u00e5 tv\u00e6rs af New Zealands vilde natur under Int. GS Trophy 2020, 50R forts\u00e6tter Senas lange tradition for Advancing Adventure. Med sin kraftfulde lydkapacitet, robuste holdbarhed og teknologi p\u00e5 n\u00e6ste niveau s\u00e6tter formen og funktionen af 50R en ny standard for motorcykelkommunikation.<\/p>\n<ul>\n<li>Premium-h\u00f8jttalere og mikrofon med LYD AF Harman Kardon<\/li>\n<li>Mesh Intercom\u2122, robust p\u00e5lidelighed<\/li>\n<li>Multi-kanal protokol i Open Mesh<\/li>\n<li>9 kommunikationskanaler<\/li>\n<li>Bluetooth\u00ae 5 aktiveret<\/li>\n<li>Stemmekommandoer genkendt p\u00e5 tv\u00e6rs af 8 sprog<\/li>\n<\/ul>","protected":false},"featured_media":9580,"comment_status":"closed","ping_status":"closed","template":"","meta":{"_relevanssi_hide_post":"","_relevanssi_hide_content":"","_relevanssi_pin_for_all":"","_relevanssi_pin_keywords":"","_relevanssi_unpin_keywords":"","_relevanssi_related_keywords":"","_relevanssi_related_include_ids":"","_relevanssi_related_exclude_ids":"","_relevanssi_related_no_append":"","_relevanssi_related_not_related":"","_relevanssi_related_posts":"","_relevanssi_noindex_reason":""},"product_brand":[],"product_cat":[107,60,57],"product_tag":[],"woo-feed-brand":[],"class_list":{"0":"post-9577","1":"product","2":"type-product","3":"status-publish","4":"has-post-thumbnail","6":"product_cat-communication","7":"product_cat-electronics-mounts","8":"product_cat-mc-equipment","10":"first","11":"instock","12":"taxable","13":"shipping-taxable","14":"purchasable","15":"product-type-variable"},"_links":{"self":[{"href":"https:\/\/www.cphmc.com\/da\/wp-json\/wp\/v2\/product\/9577","targetHints":{"allow":["GET"]}}],"collection":[{"href":"https:\/\/www.cphmc.com\/da\/wp-json\/wp\/v2\/product"}],"about":[{"href":"https:\/\/www.cphmc.com\/da\/wp-json\/wp\/v2\/types\/product"}],"replies":[{"embeddable":true,"href":"https:\/\/www.cphmc.com\/da\/wp-json\/wp\/v2\/comments?post=9577"}],"wp:featuredmedia":[{"embeddable":true,"href":"https:\/\/www.cphmc.com\/da\/wp-json\/wp\/v2\/media\/9580"}],"wp:attachment":[{"href":"https:\/\/www.cphmc.com\/da\/wp-json\/wp\/v2\/media?parent=9577"}],"wp:term":[{"taxonomy":"product_brand","embeddable":true,"href":"https:\/\/www.cphmc.com\/da\/wp-json\/wp\/v2\/product_brand?post=9577"},{"taxonomy":"product_cat","embeddable":true,"href":"https:\/\/www.cphmc.com\/da\/wp-json\/wp\/v2\/product_cat?post=9577"},{"taxonomy":"product_tag","embeddable":true,"href":"https:\/\/www.cphmc.com\/da\/wp-json\/wp\/v2\/product_tag?post=9577"},{"taxonomy":"woo-feed-brand","embeddable":true,"href":"https:\/\/www.cphmc.com\/da\/wp-json\/wp\/v2\/woo-feed-brand?post=9577"}],"curies":[{"name":"wp","href":"https:\/\/api.w.org\/{rel}","templated":true}]}}